{"id":712167,"date":"2025-08-27T16:52:57","date_gmt":"2025-08-27T13:52:57","guid":{"rendered":"https:\/\/roveyayinevi.com.tr\/index.php\/urun\/60lar-hikaye-70ler-terane-80ler-sahane\/"},"modified":"2026-04-16T02:20:40","modified_gmt":"2026-04-15T23:20:40","slug":"60lar-hikaye-70ler-terane-80ler-sahane","status":"publish","type":"product","link":"https:\/\/roveyayinevi.com.tr\/index.php\/urun\/60lar-hikaye-70ler-terane-80ler-sahane\/","title":{"rendered":"60\u2019lar Hikaye 70\u2019ler Terane 80\u2019ler \u015eahane"},"content":{"rendered":"<p>O solmaya y\u00fcz tutan renklerin bir araya getirildi\u011fi \u015fahane bir nostalji tablosu.  Y\u00fcksel AYTU\u011e &#8211; SABAH Vallahi sizi bilmem ama ben okurken olduk\u00e7a e\u011flendim\u2026 Ali At\u0131f B\u0130R &#8211; H\u00dcRR\u0130YET Bu kitab\u0131 okurken: \u2018Ge\u00e7mi\u015fi \u00f6zleyece\u011fiz. Bug\u00fcn\u00fcn keyfini \u00e7\u0131karal\u0131m,\u2019 dedim. Erdo\u011fan AKTA\u015e &#8211; POSTA Il\u0131k bir bahar esintisi tad\u0131ndaki bu kitab\u0131 bir solukta okudum. 80\u2019leri ya\u015fayanlar kitab\u0131 okurken, y\u0131llar sonra \u00e7ocukluk ve gen\u00e7lik d\u00f6nemlerinin ge\u00e7ti\u011fi eski mahallelerini ziyaret etmi\u015f gibi hissedecekler, ne \u00e7ok \u00f6zlemi\u015fiz o y\u0131llar\u0131 diyecekler. M\u00fcnir \u00dcST\u00dcN &#8211; HABER 7 &#8211; \u2018Iss\u0131z bir adaya d\u00fc\u015fsen yan\u0131na alaca\u011f\u0131n \u00fc\u00e7 \u015fey nedir?\u2019 efsane sorulu cicili bicili anket defterleri&#8230; &#8211; \u2018Breyk, breyk, breyk arkada\u015f ar\u0131yorum, arkada\u015f\u2019 nidalar\u0131n\u0131n y\u00fckseldi\u011fi uzun antenli telsiz odalar\u0131&#8230; &#8211; \u2018Bir bilmecem var \u00e7ocuklar&#8230;\u2019, \u2018Mintaks\u2019la can\u0131m mintaks\u2019la&#8230;\u2019 diye ba\u015flayan unutulmaz reklamlar&#8230; &#8211; Ku\u015f yuvas\u0131 modundaki vatkal\u0131 omuzlar\u0131m\u0131z, \u015fetlant kazaklar\u0131m\u0131z ve \u015falvar kotlar\u0131m\u0131z&#8230; Haydi, elinizde kitab\u0131n\u0131z, yava\u015f\u00e7a m\u00fczik b\u00f6l\u00fcm\u00fcne ilerleyin. Kendinizi, Mayk\u0131l Ceks\u0131n, Madonna ya da belki Modern Tolking\u2019i bulan \u00e7ocuklu\u011funuz ve ilk gen\u00e7li\u011finizin kollar\u0131na b\u0131rak\u0131n. Hat\u0131ralar\u0131 birlikte payla\u015fal\u0131m, \u00e7\u00fcnk\u00fc 80\u2019ler \u015eahane <\/p>\n","protected":false},"excerpt":{"rendered":"<p>O solmaya y\u00fcz tutan renklerin bir araya getirildi\u011fi \u015fahane bir nostalji tablosu. Y\u00fcksel AYTU\u011e &#8211; SABAH Vallahi sizi bilmem ama ben okurken olduk\u00e7a e\u011flendim\u2026 Ali At\u0131f<span class=\"excerpt-hellip\"> [\u2026]<\/span><\/p>\n","protected":false},"featured_media":0,"template":"","meta":{"_monsterinsights_skip_tracking":false,"_monsterinsights_sitenote_active":false,"_monsterinsights_sitenote_note":"","_monsterinsights_sitenote_category":0},"product_brand":[],"product_cat":[18545,12291],"product_tag":[],"class_list":{"0":"post-712167","1":"product","2":"type-product","3":"status-publish","5":"product_cat-anlati","6":"product_cat-edebiyat","7":"pa_cilt-ciltsiz","8":"pa_tur-kitap","9":"pa_yayinevi-pozitif-yayinlari","10":"pa_yazar-muharrem-kasitoglu","12":"first","13":"instock","14":"sale","15":"shipping-taxable","16":"purchasable","17":"product-type-simple"},"_links":{"self":[{"href":"https:\/\/roveyayinevi.com.tr\/index.php\/wp-json\/wp\/v2\/product\/712167","targetHints":{"allow":["GET"]}}],"collection":[{"href":"https:\/\/roveyayinevi.com.tr\/index.php\/wp-json\/wp\/v2\/product"}],"about":[{"href":"https:\/\/roveyayinevi.com.tr\/index.php\/wp-json\/wp\/v2\/types\/product"}],"wp:attachment":[{"href":"https:\/\/roveyayinevi.com.tr\/index.php\/wp-json\/wp\/v2\/media?parent=712167"}],"wp:term":[{"taxonomy":"product_brand","embeddable":true,"href":"https:\/\/roveyayinevi.com.tr\/index.php\/wp-json\/wp\/v2\/product_brand?post=712167"},{"taxonomy":"product_cat","embeddable":true,"href":"https:\/\/roveyayinevi.com.tr\/index.php\/wp-json\/wp\/v2\/product_cat?post=712167"},{"taxonomy":"product_tag","embeddable":true,"href":"https:\/\/roveyayinevi.com.tr\/index.php\/wp-json\/wp\/v2\/product_tag?post=712167"}],"curies":[{"name":"wp","href":"https:\/\/api.w.org\/{rel}","templated":true}]}}