{"id":712162,"date":"2025-08-27T16:52:55","date_gmt":"2025-08-27T13:52:55","guid":{"rendered":"https:\/\/roveyayinevi.com.tr\/index.php\/urun\/anne-ve-cocuk-yogasi\/"},"modified":"2026-04-16T02:20:40","modified_gmt":"2026-04-15T23:20:40","slug":"anne-ve-cocuk-yogasi","status":"publish","type":"product","link":"https:\/\/roveyayinevi.com.tr\/index.php\/urun\/anne-ve-cocuk-yogasi\/","title":{"rendered":"Anne Ve \u00c7ocuk Yogas\u0131"},"content":{"rendered":"<p>Evren \u015eener &#8220;Anne ve \u00c7ocuk Yogas\u0131&#8221; adl\u0131 bu kitab\u0131nda, hareketleri profesyonelce yerine getiren bir yeti\u015fkinden ziyade bir \u00e7ocu\u011fu \u00f6n plana \u00e7\u0131kararak, b\u00fcy\u00fcme \u00e7a\u011f\u0131ndaki \u00e7ocuklara yogay\u0131 sevdiriyor ve yogan\u0131n alfabesini olu\u015fturan hareketler ve d\u00fc\u015f\u00fcnceleri g\u00f6steriyor. <\/p>\n","protected":false},"excerpt":{"rendered":"<p>Evren \u015eener &#8220;Anne ve \u00c7ocuk Yogas\u0131&#8221; adl\u0131 bu kitab\u0131nda, hareketleri profesyonelce yerine getiren bir yeti\u015fkinden ziyade bir \u00e7ocu\u011fu \u00f6n plana \u00e7\u0131kararak, b\u00fcy\u00fcme \u00e7a\u011f\u0131ndaki \u00e7ocuklara yogay\u0131 sevdiriyor<span class=\"excerpt-hellip\"> [\u2026]<\/span><\/p>\n","protected":false},"featured_media":0,"template":"","meta":{"_monsterinsights_skip_tracking":false,"_monsterinsights_sitenote_active":false,"_monsterinsights_sitenote_note":"","_monsterinsights_sitenote_category":0},"product_brand":[],"product_cat":[13365,19822],"product_tag":[],"class_list":{"0":"post-712162","1":"product","2":"type-product","3":"status-publish","5":"product_cat-saglik","6":"product_cat-yoga-meditasyon","7":"pa_cilt-ciltsiz","8":"pa_tur-kitap","9":"pa_yayinevi-aura-kitaplari","10":"pa_yazar-evren-sener","12":"first","13":"instock","14":"sale","15":"shipping-taxable","16":"purchasable","17":"product-type-simple"},"_links":{"self":[{"href":"https:\/\/roveyayinevi.com.tr\/index.php\/wp-json\/wp\/v2\/product\/712162","targetHints":{"allow":["GET"]}}],"collection":[{"href":"https:\/\/roveyayinevi.com.tr\/index.php\/wp-json\/wp\/v2\/product"}],"about":[{"href":"https:\/\/roveyayinevi.com.tr\/index.php\/wp-json\/wp\/v2\/types\/product"}],"wp:attachment":[{"href":"https:\/\/roveyayinevi.com.tr\/index.php\/wp-json\/wp\/v2\/media?parent=712162"}],"wp:term":[{"taxonomy":"product_brand","embeddable":true,"href":"https:\/\/roveyayinevi.com.tr\/index.php\/wp-json\/wp\/v2\/product_brand?post=712162"},{"taxonomy":"product_cat","embeddable":true,"href":"https:\/\/roveyayinevi.com.tr\/index.php\/wp-json\/wp\/v2\/product_cat?post=712162"},{"taxonomy":"product_tag","embeddable":true,"href":"https:\/\/roveyayinevi.com.tr\/index.php\/wp-json\/wp\/v2\/product_tag?post=712162"}],"curies":[{"name":"wp","href":"https:\/\/api.w.org\/{rel}","templated":true}]}}