{"id":712161,"date":"2025-08-27T16:52:54","date_gmt":"2025-08-27T13:52:54","guid":{"rendered":"https:\/\/roveyayinevi.com.tr\/index.php\/urun\/inatlasmadan-ebeveynlik-anne-baba-akademisi\/"},"modified":"2026-04-16T02:20:40","modified_gmt":"2026-04-15T23:20:40","slug":"inatlasmadan-ebeveynlik-anne-baba-akademisi","status":"publish","type":"product","link":"https:\/\/roveyayinevi.com.tr\/index.php\/urun\/inatlasmadan-ebeveynlik-anne-baba-akademisi\/","title":{"rendered":"\u0130natla\u015fmadan Ebeveynlik &#8211; Anne Baba Akademisi"},"content":{"rendered":"<p>\u00c7ocu\u011funuzla arkada\u015f olman\u0131z m\u00fcmk\u00fcn m\u00fc? \u0130nat\u00e7\u0131 \u00e7ocuklar asl\u0131nda anne babalar\u0131na hangi mesaj\u0131 vermeye \u00e7al\u0131\u015f\u0131r?Otorite mi, \u00f6zg\u00fcrl\u00fck m\u00fc? Hangisi mutlu, ba\u015far\u0131l\u0131 ve g\u00fc\u00e7l\u00fc \u00e7ocuklar yeti\u015ftirmede temel yakla\u015f\u0131m olmal\u0131?Bir gemi yolculu\u011funa \u00e7\u0131ksan\u0131z, kaptan\u0131n ak\u015fam yeme\u011fini sizinle yemesi ho\u015funuza gider. Ama kaptan\u0131n as\u0131l g\u00f6revi, sizinle vakit ge\u00e7irmek de\u011fildir. Onu iyi bir kaptan yapan, gemiyi f\u0131rt\u0131nalara ra\u011fmen y\u00fczd\u00fcrmesi, sakin limanlara ula\u015ft\u0131rmas\u0131d\u0131r. Anne baba olmak da bazen f\u0131rt\u0131nal\u0131 bir denizde yol almaya benzer. Mutlu, ba\u015far\u0131l\u0131, sa\u011fl\u0131kl\u0131 \u00e7ocuklar yeti\u015ftirmenin yolu ise sakin bir kaptan olmaktan ge\u00e7er. Aile terapisti Susan Stiffelman \u0130natla\u015fmadan Ebeveynlik kitab\u0131nda sakinli\u011finizi koruyarak ne\u015feli ve psikolojik a\u00e7\u0131dan g\u00fc\u00e7l\u00fc \u00e7ocuklar yeti\u015ftirmenin y\u00f6ntemlerini anlat\u0131yor. <\/p>\n","protected":false},"excerpt":{"rendered":"<p>\u00c7ocu\u011funuzla arkada\u015f olman\u0131z m\u00fcmk\u00fcn m\u00fc? \u0130nat\u00e7\u0131 \u00e7ocuklar asl\u0131nda anne babalar\u0131na hangi mesaj\u0131 vermeye \u00e7al\u0131\u015f\u0131r?Otorite mi, \u00f6zg\u00fcrl\u00fck m\u00fc? Hangisi mutlu, ba\u015far\u0131l\u0131 ve g\u00fc\u00e7l\u00fc \u00e7ocuklar yeti\u015ftirmede temel yakla\u015f\u0131m<span class=\"excerpt-hellip\"> [\u2026]<\/span><\/p>\n","protected":false},"featured_media":0,"template":"","meta":{"_monsterinsights_skip_tracking":false,"_monsterinsights_sitenote_active":false,"_monsterinsights_sitenote_note":"","_monsterinsights_sitenote_category":0},"product_brand":[],"product_cat":[17996,12364],"product_tag":[],"class_list":{"0":"post-712161","1":"product","2":"type-product","3":"status-publish","5":"product_cat-ebeveyn-kitaplari","6":"product_cat-genel-konular","7":"pa_cilt-ciltsiz","8":"pa_tur-kitap","9":"pa_yayinevi-dogan-kitap","10":"pa_yazar-susan-stiffelman","12":"first","13":"instock","14":"sale","15":"shipping-taxable","16":"purchasable","17":"product-type-simple"},"_links":{"self":[{"href":"https:\/\/roveyayinevi.com.tr\/index.php\/wp-json\/wp\/v2\/product\/712161","targetHints":{"allow":["GET"]}}],"collection":[{"href":"https:\/\/roveyayinevi.com.tr\/index.php\/wp-json\/wp\/v2\/product"}],"about":[{"href":"https:\/\/roveyayinevi.com.tr\/index.php\/wp-json\/wp\/v2\/types\/product"}],"wp:attachment":[{"href":"https:\/\/roveyayinevi.com.tr\/index.php\/wp-json\/wp\/v2\/media?parent=712161"}],"wp:term":[{"taxonomy":"product_brand","embeddable":true,"href":"https:\/\/roveyayinevi.com.tr\/index.php\/wp-json\/wp\/v2\/product_brand?post=712161"},{"taxonomy":"product_cat","embeddable":true,"href":"https:\/\/roveyayinevi.com.tr\/index.php\/wp-json\/wp\/v2\/product_cat?post=712161"},{"taxonomy":"product_tag","embeddable":true,"href":"https:\/\/roveyayinevi.com.tr\/index.php\/wp-json\/wp\/v2\/product_tag?post=712161"}],"curies":[{"name":"wp","href":"https:\/\/api.w.org\/{rel}","templated":true}]}}