{"id":712159,"date":"2025-08-27T16:52:53","date_gmt":"2025-08-27T13:52:53","guid":{"rendered":"https:\/\/roveyayinevi.com.tr\/index.php\/urun\/floransa-venedik-sanat-macerasi-cocuklar-icin-sanat-ve-gezi-rehberi\/"},"modified":"2026-04-16T02:20:40","modified_gmt":"2026-04-15T23:20:40","slug":"floransa-venedik-sanat-macerasi-cocuklar-icin-sanat-ve-gezi-rehberi","status":"publish","type":"product","link":"https:\/\/roveyayinevi.com.tr\/index.php\/urun\/floransa-venedik-sanat-macerasi-cocuklar-icin-sanat-ve-gezi-rehberi\/","title":{"rendered":"Floransa-Venedik Sanat Maceras\u0131 \u00c7ocuklar \u0130\u00e7in Sanat Ve Gezi Rehberi"},"content":{"rendered":"<p>Kitab\u0131n rehberli\u011finde, bu \u00f6nemli iki \u015fehri sanat ve k\u00fclt\u00fcr\u00fcyle tan\u0131maya \u00e7al\u0131\u015fan bir grup \u00e7ocu\u011fun sanat maceras\u0131na, bu \u015fehirleri ziyaret eden di\u011fer \u00e7ocuklar ve aileleri de kat\u0131ls\u0131nlar istiyoruz. Sizleri bu \u015fehirleri fikirleriyle, eserleriyle in\u015fa eden sanat\u00e7\u0131larla tan\u0131\u015fmaya, onlar\u0131n sevdi\u011fi yemeklere, gittikleri mekanlara k\u0131saca rengarenk bir d\u00fcnyaya davet ediyoruz. Bizler gibi sizler de, Floransa ve Venedik sokaklar\u0131nda ge\u00e7mi\u015fin izleri pe\u015finde ke\u015fiflerde bulunun. Floransa\u2019da R\u00f6nesans sanat\u00e7\u0131lar\u0131n\u0131n izlerini takip ederken Venedik Bienali\u2019nde \u00e7a\u011fda\u015f sanat\u0131n son \u00f6rneklerini g\u00f6r\u00fcn. Lezzetli pizzalar\u0131 da tatmay\u0131 unutmay\u0131n! <\/p>\n","protected":false},"excerpt":{"rendered":"<p>Kitab\u0131n rehberli\u011finde, bu \u00f6nemli iki \u015fehri sanat ve k\u00fclt\u00fcr\u00fcyle tan\u0131maya \u00e7al\u0131\u015fan bir grup \u00e7ocu\u011fun sanat maceras\u0131na, bu \u015fehirleri ziyaret eden di\u011fer \u00e7ocuklar ve aileleri de kat\u0131ls\u0131nlar<span class=\"excerpt-hellip\"> [\u2026]<\/span><\/p>\n","protected":false},"featured_media":0,"template":"","meta":{"_monsterinsights_skip_tracking":false,"_monsterinsights_sitenote_active":false,"_monsterinsights_sitenote_note":"","_monsterinsights_sitenote_category":0},"product_brand":[],"product_cat":[22066,13527],"product_tag":[],"class_list":{"0":"post-712159","1":"product","2":"type-product","3":"status-publish","5":"product_cat-sanat-sureli-yayinlar","6":"product_cat-sureli-yayinlar","7":"pa_cilt-ciltli","8":"pa_tur-kitap","9":"pa_yayinevi-potikare-yayincilik","10":"pa_yazar-melek-oral-koray-alp-gani-oral","12":"first","13":"instock","14":"sale","15":"shipping-taxable","16":"purchasable","17":"product-type-simple"},"_links":{"self":[{"href":"https:\/\/roveyayinevi.com.tr\/index.php\/wp-json\/wp\/v2\/product\/712159","targetHints":{"allow":["GET"]}}],"collection":[{"href":"https:\/\/roveyayinevi.com.tr\/index.php\/wp-json\/wp\/v2\/product"}],"about":[{"href":"https:\/\/roveyayinevi.com.tr\/index.php\/wp-json\/wp\/v2\/types\/product"}],"wp:attachment":[{"href":"https:\/\/roveyayinevi.com.tr\/index.php\/wp-json\/wp\/v2\/media?parent=712159"}],"wp:term":[{"taxonomy":"product_brand","embeddable":true,"href":"https:\/\/roveyayinevi.com.tr\/index.php\/wp-json\/wp\/v2\/product_brand?post=712159"},{"taxonomy":"product_cat","embeddable":true,"href":"https:\/\/roveyayinevi.com.tr\/index.php\/wp-json\/wp\/v2\/product_cat?post=712159"},{"taxonomy":"product_tag","embeddable":true,"href":"https:\/\/roveyayinevi.com.tr\/index.php\/wp-json\/wp\/v2\/product_tag?post=712159"}],"curies":[{"name":"wp","href":"https:\/\/api.w.org\/{rel}","templated":true}]}}