{"id":712158,"date":"2025-08-27T16:52:53","date_gmt":"2025-08-27T13:52:53","guid":{"rendered":"https:\/\/roveyayinevi.com.tr\/index.php\/urun\/barselona-sanat-macerasi-cocuklar-icin-sanat-ve-gezi-rehberi\/"},"modified":"2026-04-16T02:20:40","modified_gmt":"2026-04-15T23:20:40","slug":"barselona-sanat-macerasi-cocuklar-icin-sanat-ve-gezi-rehberi","status":"publish","type":"product","link":"https:\/\/roveyayinevi.com.tr\/index.php\/urun\/barselona-sanat-macerasi-cocuklar-icin-sanat-ve-gezi-rehberi\/","title":{"rendered":"Barselona Sanat Maceras\u0131 \u00c7ocuklar \u0130\u00e7in Sanat Ve Gezi Rehberi"},"content":{"rendered":"<p>Kitab\u0131n rehberli\u011finde, Barselona\u2019y\u0131 sanat ve k\u00fclt\u00fcr\u00fcyle tan\u0131maya \u00e7al\u0131\u015fan bir grup \u00e7ocu\u011fun sanat maceras\u0131na bu \u015fehri ziyaret eden di\u011fer \u00e7ocuklar ve aileleri de kat\u0131ls\u0131nlar istiyoruz. Sizleri bu \u015fehri fikirleriyle, eserleriyle in\u015fa eden sanat\u00e7\u0131larla tan\u0131\u015fmaya, onlar\u0131n sevdi\u011fi yemeklere, gittikleri mekanlara k\u0131saca rengarenk bir d\u00fcnyaya davet ediyoruz. Sizler de bizim gibi, Miro ve k\u0131z\u0131 Dolores ile uzayda gezintiye \u00e7\u0131k\u0131n; Gaudi ile onun \u00e7\u0131lg\u0131n evlerini gezin; Dali\u2019nin d\u00fc\u015fsel d\u00fcnyas\u0131n\u0131 tan\u0131y\u0131p Picasso\u2019nun dehas\u0131na \u015fahit olun; \u0130spanyol mutfa\u011f\u0131n\u0131 ke\u015ffe \u00e7\u0131k\u0131n. <\/p>\n","protected":false},"excerpt":{"rendered":"<p>Kitab\u0131n rehberli\u011finde, Barselona\u2019y\u0131 sanat ve k\u00fclt\u00fcr\u00fcyle tan\u0131maya \u00e7al\u0131\u015fan bir grup \u00e7ocu\u011fun sanat maceras\u0131na bu \u015fehri ziyaret eden di\u011fer \u00e7ocuklar ve aileleri de kat\u0131ls\u0131nlar istiyoruz. Sizleri bu<span class=\"excerpt-hellip\"> [\u2026]<\/span><\/p>\n","protected":false},"featured_media":0,"template":"","meta":{"_monsterinsights_skip_tracking":false,"_monsterinsights_sitenote_active":false,"_monsterinsights_sitenote_note":"","_monsterinsights_sitenote_category":0},"product_brand":[],"product_cat":[22066,13527],"product_tag":[],"class_list":{"0":"post-712158","1":"product","2":"type-product","3":"status-publish","5":"product_cat-sanat-sureli-yayinlar","6":"product_cat-sureli-yayinlar","7":"pa_cilt-ciltli","8":"pa_tur-kitap","9":"pa_yayinevi-potikare-yayincilik","10":"pa_yazar-melek-oral-koray-alp-gani-oral","12":"first","13":"instock","14":"sale","15":"shipping-taxable","16":"purchasable","17":"product-type-simple"},"_links":{"self":[{"href":"https:\/\/roveyayinevi.com.tr\/index.php\/wp-json\/wp\/v2\/product\/712158","targetHints":{"allow":["GET"]}}],"collection":[{"href":"https:\/\/roveyayinevi.com.tr\/index.php\/wp-json\/wp\/v2\/product"}],"about":[{"href":"https:\/\/roveyayinevi.com.tr\/index.php\/wp-json\/wp\/v2\/types\/product"}],"wp:attachment":[{"href":"https:\/\/roveyayinevi.com.tr\/index.php\/wp-json\/wp\/v2\/media?parent=712158"}],"wp:term":[{"taxonomy":"product_brand","embeddable":true,"href":"https:\/\/roveyayinevi.com.tr\/index.php\/wp-json\/wp\/v2\/product_brand?post=712158"},{"taxonomy":"product_cat","embeddable":true,"href":"https:\/\/roveyayinevi.com.tr\/index.php\/wp-json\/wp\/v2\/product_cat?post=712158"},{"taxonomy":"product_tag","embeddable":true,"href":"https:\/\/roveyayinevi.com.tr\/index.php\/wp-json\/wp\/v2\/product_tag?post=712158"}],"curies":[{"name":"wp","href":"https:\/\/api.w.org\/{rel}","templated":true}]}}