{"id":712157,"date":"2025-08-27T16:52:52","date_gmt":"2025-08-27T13:52:52","guid":{"rendered":"https:\/\/roveyayinevi.com.tr\/index.php\/urun\/klinik-danismanlik-modeli-iyi-ogretmenlik-uygulamalari-kilavuzu\/"},"modified":"2026-04-16T02:20:40","modified_gmt":"2026-04-15T23:20:40","slug":"klinik-danismanlik-modeli-iyi-ogretmenlik-uygulamalari-kilavuzu","status":"publish","type":"product","link":"https:\/\/roveyayinevi.com.tr\/index.php\/urun\/klinik-danismanlik-modeli-iyi-ogretmenlik-uygulamalari-kilavuzu\/","title":{"rendered":"Klinik Dan\u0131\u015fmanl\u0131k Modeli &#8211; \u0130yi \u00d6\u011fretmenlik Uygulamalar\u0131 K\u0131lavuzu"},"content":{"rendered":"<p>Milli E\u011fitimi Geli\u015ftirme Projesi \u00e7er\u00e7evesinde \u00f6\u011fretmen e\u011fitimi ve \u00f6\u011fretmenlik uygulamas\u0131 dersleri kapsam\u0131nda son y\u0131llarda pek \u00e7ok de\u011fi\u015fiklik yap\u0131lm\u0131\u015ft\u0131r. Buna ba\u011fl\u0131 olarak hizmet \u00f6ncesi e\u011fitimin niteli\u011fini art\u0131rma \u00e7al\u0131\u015fmalar\u0131 da h\u0131z kazanm\u0131\u015ft\u0131r. Y\u00d6K\u2019\u00fcn bu konudaki \u00e7al\u0131\u015fmalar\u0131na ek olarak MEB de \u00d6\u011fretmenlik Uygulamas\u0131 a\u015famas\u0131nda MEBB\u0130S \u00fczerinden \u201cUygulama \u00d6\u011frencisi De\u011ferlendirme Mod\u00fcl\u00fc\u201dn\u00fc hizmete a\u00e7makla s\u00fcrece etkili bir \u015fekilde katk\u0131 sa\u011flamaktad\u0131r. 2015-2016 e\u011fitim-\u00f6\u011fretim y\u0131l\u0131ndan itibaren \u201cuygulama \u00f6\u011fretmenleri uygulama \u00f6\u011frencisi ile ilgili g\u00f6zlem ve di\u011fer bilgileri\u201d sisteme i\u015flemeye ba\u015flam\u0131\u015ft\u0131r. B\u00f6ylelikle uygulama \u00f6\u011fretmenlerinin s\u00fcre\u00e7teki yerleri ve rolleri MEB nezdinde de sa\u011flamla\u015ft\u0131r\u0131lm\u0131\u015f ve payda\u015f olarak g\u00f6rev ve sorumluluklar\u0131n\u0131 uygulaya-bilmeleri i\u00e7in uygun bir ortam sa\u011flanm\u0131\u015ft\u0131r. Ger\u00e7ekle\u015fen bu yenilikler \u00e7er\u00e7evesinde e\u011fitim fak\u00fcltelerinde okutulmakta olan \u00f6\u011fretmenlik uygulamas\u0131 derslerinin s\u00fcresinin uzat\u0131lmas\u0131 da s\u0131kl\u0131kla tart\u0131\u015f\u0131lmakta ve \u00fczerinde \u00e7al\u0131\u015f\u0131lmaktad\u0131r. E\u011fitim fak\u00fcltelerinde e\u011fitim g\u00f6ren uygulama \u00f6\u011frencilerinin yeterlilikleri mesle\u011fe haz\u0131rl\u0131k ve mesle\u011fin gereklerini yerine getirebilmeleri i\u00e7in \u00f6nem arz etmektedir. <\/p>\n","protected":false},"excerpt":{"rendered":"<p>Milli E\u011fitimi Geli\u015ftirme Projesi \u00e7er\u00e7evesinde \u00f6\u011fretmen e\u011fitimi ve \u00f6\u011fretmenlik uygulamas\u0131 dersleri kapsam\u0131nda son y\u0131llarda pek \u00e7ok de\u011fi\u015fiklik yap\u0131lm\u0131\u015ft\u0131r. Buna ba\u011fl\u0131 olarak hizmet \u00f6ncesi e\u011fitimin niteli\u011fini art\u0131rma<span class=\"excerpt-hellip\"> [\u2026]<\/span><\/p>\n","protected":false},"featured_media":0,"template":"","meta":{"_monsterinsights_skip_tracking":false,"_monsterinsights_sitenote_active":false,"_monsterinsights_sitenote_note":"","_monsterinsights_sitenote_category":0},"product_brand":[],"product_cat":[12312,12304],"product_tag":[],"class_list":{"0":"post-712157","1":"product","2":"type-product","3":"status-publish","5":"product_cat-diger","6":"product_cat-tarih","7":"pa_cilt-ciltsiz","8":"pa_tur-kitap","9":"pa_yayinevi-ani-yayincilik","10":"pa_yazar-nermin-bulunuz-esim-gursoy","12":"first","13":"instock","14":"sale","15":"shipping-taxable","16":"purchasable","17":"product-type-simple"},"_links":{"self":[{"href":"https:\/\/roveyayinevi.com.tr\/index.php\/wp-json\/wp\/v2\/product\/712157","targetHints":{"allow":["GET"]}}],"collection":[{"href":"https:\/\/roveyayinevi.com.tr\/index.php\/wp-json\/wp\/v2\/product"}],"about":[{"href":"https:\/\/roveyayinevi.com.tr\/index.php\/wp-json\/wp\/v2\/types\/product"}],"wp:attachment":[{"href":"https:\/\/roveyayinevi.com.tr\/index.php\/wp-json\/wp\/v2\/media?parent=712157"}],"wp:term":[{"taxonomy":"product_brand","embeddable":true,"href":"https:\/\/roveyayinevi.com.tr\/index.php\/wp-json\/wp\/v2\/product_brand?post=712157"},{"taxonomy":"product_cat","embeddable":true,"href":"https:\/\/roveyayinevi.com.tr\/index.php\/wp-json\/wp\/v2\/product_cat?post=712157"},{"taxonomy":"product_tag","embeddable":true,"href":"https:\/\/roveyayinevi.com.tr\/index.php\/wp-json\/wp\/v2\/product_tag?post=712157"}],"curies":[{"name":"wp","href":"https:\/\/api.w.org\/{rel}","templated":true}]}}