{"id":712154,"date":"2025-08-27T16:52:51","date_gmt":"2025-08-27T13:52:51","guid":{"rendered":"https:\/\/roveyayinevi.com.tr\/index.php\/urun\/ebeveyn-adaylari-icin-evlilik-okulu-psikolojik-danisma-el-kitabi\/"},"modified":"2026-04-16T02:20:39","modified_gmt":"2026-04-15T23:20:39","slug":"ebeveyn-adaylari-icin-evlilik-okulu-psikolojik-danisma-el-kitabi","status":"publish","type":"product","link":"https:\/\/roveyayinevi.com.tr\/index.php\/urun\/ebeveyn-adaylari-icin-evlilik-okulu-psikolojik-danisma-el-kitabi\/","title":{"rendered":"Ebeveyn Adaylar\u0131 \u0130\u00e7in Evlilik Okulu &#8211; Psikolojik Dan\u0131\u015fma El Kitab\u0131"},"content":{"rendered":"<p>Ebeveynli\u011fe ge\u00e7i\u015f d\u00f6nemi olarak adland\u0131r\u0131lan d\u00f6nem, kad\u0131n ve erke\u011fin \u00e7ift olarak birbiriyle ve di\u011fer bireylerle ili\u015fkilerinde \u00f6nemli de\u011fi\u015fimler ya\u015fad\u0131\u011f\u0131 ve evlilikteki dengelerin de\u011fi\u015fti\u011fi bir d\u00f6nemdir. \u00d6zellikle anne-baba rolleri, di\u011fer t\u00fcm rollerin \u00f6n\u00fcne ge\u00e7ebilmekte ve \u00e7iftin evlilik ili\u015fkisini bozabilmektedir. Bu nedenle, ebeveynli\u011fe ge\u00e7i\u015f s\u00fcrecinde \u00e7ift ili\u015fkisinde ya\u015fanan de\u011fi\u015fimlere haz\u0131rl\u0131kl\u0131 olmak ve olas\u0131 sorunlarla ba\u015f etme becerilerini kazanmak \u00f6nem ta\u015f\u0131maktad\u0131r. \u00c7iftlere bu ge\u00e7i\u015f s\u00fcrecinde verilecek psikolojik destek ve psiko-e\u011fitimler ile bu s\u00fcreci daha kolay ge\u00e7irecekleri ve ebeveynli\u011fe daha kolay uyum sa\u011flayacaklar\u0131 d\u00fc\u015f\u00fcn\u00fclmektedir. Muhtemel sorunlar olu\u015fmadan \u00f6nce yap\u0131lacak psiko-e\u011fitim \u00e7al\u0131\u015fmalar\u0131 ve sunulacak psikolojik dan\u0131\u015fmanl\u0131k hizmetleri, koruyucu ve \u00f6nleyici bir rol \u00fcstlenmektedir. B\u00f6ylece \u00e7iftlerin ili\u015fkilerini geli\u015ftirmeleri ve daha g\u00fc\u00e7l\u00fc bir ili\u015fkiye sahip olmalar\u0131 hedeflenmektedir. Bu kitapta ebeveynli\u011fe ge\u00e7i\u015f s\u00fcrecinde olan \u00e7iftlerin evlilik ili\u015fkilerini geli\u015ftirmeye y\u00f6nelik haz\u0131rlanm\u0131\u015f ve etkilili\u011fi tespit edilmi\u015f olan psiko-e\u011fitim program\u0131 bulunmaktad\u0131r. Bu programda ilk oturumda ebeveynlik beklentilerini de\u011ferlendirme, ikinci oturumda ileti\u015fim becerilerini geli\u015ftirme, \u00fc\u00e7\u00fcnc\u00fc oturum-da \u00e7at\u0131\u015fma \u00e7\u00f6zme becerilerini geli\u015ftirme, d\u00f6rd\u00fcnc\u00fc oturumda yap\u0131sal sorunlarla ba\u015f etme becerilerini geli\u015ftirme, be\u015finci oturumda e\u015f deste\u011fi ve duygusal yak\u0131n-l\u0131\u011f\u0131 art\u0131rma, alt\u0131nc\u0131 oturumda hamilelik ve do\u011fum sonras\u0131nda cinselli\u011fi geli\u015ftir-me, yedinci oturumda ortak ama\u00e7lar ve de\u011ferler olu\u015fturma ve son oturumda \u00e7ift gelece\u011finin planlanmas\u0131 konular\u0131 ele al\u0131nm\u0131\u015ft\u0131r. Bu kitap, \u00e7iftlerle ve ailelerle \u00e7al\u0131\u015fan psikolojik dan\u0131\u015fmanlar, psikologlar ve aile dan\u0131\u015fmanlar\u0131 i\u00e7in \u00f6nemli bir kaynak olabilece\u011fi d\u00fc\u015f\u00fcn\u00fclerek haz\u0131rlanm\u0131\u015ft\u0131r. \ufffcTan\u0131t\u0131m Metni<\/p>\n","protected":false},"excerpt":{"rendered":"<p>Ebeveynli\u011fe ge\u00e7i\u015f d\u00f6nemi olarak adland\u0131r\u0131lan d\u00f6nem, kad\u0131n ve erke\u011fin \u00e7ift olarak birbiriyle ve di\u011fer bireylerle ili\u015fkilerinde \u00f6nemli de\u011fi\u015fimler ya\u015fad\u0131\u011f\u0131 ve evlilikteki dengelerin de\u011fi\u015fti\u011fi bir d\u00f6nemdir. \u00d6zellikle<span class=\"excerpt-hellip\"> [\u2026]<\/span><\/p>\n","protected":false},"featured_media":0,"template":"","meta":{"_monsterinsights_skip_tracking":false,"_monsterinsights_sitenote_active":false,"_monsterinsights_sitenote_note":"","_monsterinsights_sitenote_category":0},"product_brand":[],"product_cat":[20502,12357],"product_tag":[],"class_list":{"0":"post-712154","1":"product","2":"type-product","3":"status-publish","5":"product_cat-basvuru-kitaplari-psikoloji","6":"product_cat-psikoloji","7":"pa_cilt-ciltsiz","8":"pa_tur-kitap","9":"pa_yayinevi-ani-yayincilik","10":"pa_yazar-meryem-vural-batik-melek-kalkan","12":"first","13":"instock","14":"sale","15":"shipping-taxable","16":"purchasable","17":"product-type-simple"},"_links":{"self":[{"href":"https:\/\/roveyayinevi.com.tr\/index.php\/wp-json\/wp\/v2\/product\/712154","targetHints":{"allow":["GET"]}}],"collection":[{"href":"https:\/\/roveyayinevi.com.tr\/index.php\/wp-json\/wp\/v2\/product"}],"about":[{"href":"https:\/\/roveyayinevi.com.tr\/index.php\/wp-json\/wp\/v2\/types\/product"}],"wp:attachment":[{"href":"https:\/\/roveyayinevi.com.tr\/index.php\/wp-json\/wp\/v2\/media?parent=712154"}],"wp:term":[{"taxonomy":"product_brand","embeddable":true,"href":"https:\/\/roveyayinevi.com.tr\/index.php\/wp-json\/wp\/v2\/product_brand?post=712154"},{"taxonomy":"product_cat","embeddable":true,"href":"https:\/\/roveyayinevi.com.tr\/index.php\/wp-json\/wp\/v2\/product_cat?post=712154"},{"taxonomy":"product_tag","embeddable":true,"href":"https:\/\/roveyayinevi.com.tr\/index.php\/wp-json\/wp\/v2\/product_tag?post=712154"}],"curies":[{"name":"wp","href":"https:\/\/api.w.org\/{rel}","templated":true}]}}