{"id":712151,"date":"2025-08-27T16:52:49","date_gmt":"2025-08-27T13:52:49","guid":{"rendered":"https:\/\/roveyayinevi.com.tr\/index.php\/urun\/ari-bizzi-dogayi-kesfediyor-cesur-seruvenciler\/"},"modified":"2026-04-16T02:20:39","modified_gmt":"2026-04-15T23:20:39","slug":"ari-bizzi-dogayi-kesfediyor-cesur-seruvenciler","status":"publish","type":"product","link":"https:\/\/roveyayinevi.com.tr\/index.php\/urun\/ari-bizzi-dogayi-kesfediyor-cesur-seruvenciler\/","title":{"rendered":"Ar\u0131 B\u0131zzi Do\u011fay\u0131 Ke\u015ffediyor &#8211; Cesur Ser\u00fcvenciler"},"content":{"rendered":"<p>Cesur Ser\u00fcvenciler, do\u011fan\u0131n g\u00f6r\u00fcnmeyen, daha do\u011frusu pek de g\u00f6ze \u00e7arpmayan kahramanlar\u0131. \u0130smini duydu\u011fumuzda b\u00fcy\u00fck k\u00fc\u00e7\u00fck pek \u00e7o\u011fumuzu \u00fcrk\u00fcten, haklar\u0131 yenmi\u015f cesur sava\u015f\u00e7\u0131lar\u0131&#8230; Oysa gergedan b\u00f6ce\u011fi, salyangoz, u\u011fur b\u00f6ce\u011fi, ar\u0131 ve daha niceleri olmadan hayat\u0131n bitiverece\u011fini bilmeli insan ve d\u00fcnyay\u0131 onlarla payla\u015ft\u0131\u011f\u0131m\u0131za sevinmeli&#8230; Aysun Berktay \u00d6zmen yine do\u011fa dostu \u00f6yk\u00fcleri ve reng\u00e2renk f\u0131r\u00e7as\u0131yla selaml\u0131yor bizleri. <\/p>\n","protected":false},"excerpt":{"rendered":"<p>Cesur Ser\u00fcvenciler, do\u011fan\u0131n g\u00f6r\u00fcnmeyen, daha do\u011frusu pek de g\u00f6ze \u00e7arpmayan kahramanlar\u0131. \u0130smini duydu\u011fumuzda b\u00fcy\u00fck k\u00fc\u00e7\u00fck pek \u00e7o\u011fumuzu \u00fcrk\u00fcten, haklar\u0131 yenmi\u015f cesur sava\u015f\u00e7\u0131lar\u0131&#8230; Oysa gergedan b\u00f6ce\u011fi, salyangoz,<span class=\"excerpt-hellip\"> [\u2026]<\/span><\/p>\n","protected":false},"featured_media":0,"template":"","meta":{"_monsterinsights_skip_tracking":false,"_monsterinsights_sitenote_active":false,"_monsterinsights_sitenote_note":"","_monsterinsights_sitenote_category":0},"product_brand":[],"product_cat":[12913,12274],"product_tag":[],"class_list":{"0":"post-712151","1":"product","2":"type-product","3":"status-publish","5":"product_cat-3-6-yas-kitaplari","6":"product_cat-cocuk-ve-genclik-kitaplari","7":"pa_cilt-ciltsiz","8":"pa_tur-kitap","9":"pa_yayinevi-altin-kitaplar-cocuk-kitaplari","10":"pa_yazar-aysun-berktay-ozmen","12":"first","13":"instock","14":"sale","15":"shipping-taxable","16":"purchasable","17":"product-type-simple"},"_links":{"self":[{"href":"https:\/\/roveyayinevi.com.tr\/index.php\/wp-json\/wp\/v2\/product\/712151","targetHints":{"allow":["GET"]}}],"collection":[{"href":"https:\/\/roveyayinevi.com.tr\/index.php\/wp-json\/wp\/v2\/product"}],"about":[{"href":"https:\/\/roveyayinevi.com.tr\/index.php\/wp-json\/wp\/v2\/types\/product"}],"wp:attachment":[{"href":"https:\/\/roveyayinevi.com.tr\/index.php\/wp-json\/wp\/v2\/media?parent=712151"}],"wp:term":[{"taxonomy":"product_brand","embeddable":true,"href":"https:\/\/roveyayinevi.com.tr\/index.php\/wp-json\/wp\/v2\/product_brand?post=712151"},{"taxonomy":"product_cat","embeddable":true,"href":"https:\/\/roveyayinevi.com.tr\/index.php\/wp-json\/wp\/v2\/product_cat?post=712151"},{"taxonomy":"product_tag","embeddable":true,"href":"https:\/\/roveyayinevi.com.tr\/index.php\/wp-json\/wp\/v2\/product_tag?post=712151"}],"curies":[{"name":"wp","href":"https:\/\/api.w.org\/{rel}","templated":true}]}}