{"id":712150,"date":"2025-08-27T16:52:49","date_gmt":"2025-08-27T13:52:49","guid":{"rendered":"https:\/\/roveyayinevi.com.tr\/index.php\/urun\/genc-kareli-oykuler\/"},"modified":"2026-04-16T02:20:39","modified_gmt":"2026-04-15T23:20:39","slug":"genc-kareli-oykuler","status":"publish","type":"product","link":"https:\/\/roveyayinevi.com.tr\/index.php\/urun\/genc-kareli-oykuler\/","title":{"rendered":"Gen\u00e7 Kareli \u00d6yk\u00fcler"},"content":{"rendered":"<p>Yazar Tolga G\u00fcm\u00fc\u015fay, T\u00fcrkiye\u2019nin ve d\u00fcnyan\u0131n farkl\u0131 sokak- lar\u0131nda yapt\u0131\u011f\u0131 y\u00fcr\u00fcy\u00fc\u015fler esnas\u0131nda kar\u015f\u0131la\u015ft\u0131\u011f\u0131 dokunakl\u0131 manzaralar\u0131n, kendi halinde insanlar\u0131n, ilgin\u00e7 rastlant\u0131lar\u0131n foto\u011fraflar\u0131n\u0131 \u00e7ekti. Bu karelerden baz\u0131lar\u0131 onu daha fazlas\u0131- n\u0131 hayal etmeye itti ve 2012 y\u0131l\u0131ndan itibaren kendi \u00e7ekti\u011fi foto\u011fraflar i\u00e7in \u00f6yk\u00fcler yazmaya ba\u015flad\u0131. Gen\u00e7 Kareli \u00d6yk\u00fcler, eserleri gen\u00e7ler taraf\u0131ndan da \u00e7ok sevilen Tolga G\u00fcm\u00fc\u015fay\u2019\u0131n kareli \u00f6yk\u00fcleri aras\u0131ndan \u00f6zenle se\u00e7ilmi\u015f bir koleksiyon.K\u0131y\u0131da dikilirken kendini ne karaya ne de denize ait hisseden gen\u00e7 k\u0131z, Stockholm\u2019de Noel gecesi ya\u015f\u0131tlar\u0131 yeni oyuncaklara kavu\u015furken en sevdi\u011fi Batman\u2019ini kaybeden \u00e7ocuk, oltas\u0131yla denizi k\u0131rba\u00e7layan bal\u0131k\u00e7\u0131, in\u015faat tahtalar\u0131n\u0131n \u00fcst\u00fcnde \u0130stanbul\u2019un tarih\u00ee yoku\u015flar\u0131ndan a\u015fa\u011f\u0131 kayan \u015fama- ro\u011flanlar\u0131, ye\u015filin ucundaki \u0131\u015f\u0131k huzmesine do\u011fru \u00e7ekilen iki gen\u00e7 k\u0131z, \u00e7ocuklu\u011funda burun buruna geldi\u011fi leopar\u0131n etkisinden bir t\u00fcrl\u00fc kurtulamayan Alice, sabahlar\u0131 somurtan \u00e7ocuklar\u0131 miyavlayarak ne\u015felendiren \u00e7\u00f6p\u00e7\u00fc&#8230; \u00d6nce foto\u011fraf kareleriyle kar\u015f\u0131m\u0131za \u00e7\u0131k\u0131yor, sonra da \u00e7arp\u0131c\u0131 \u00f6yk\u00fcleriyle okurun ruhunda derin izler b\u0131rak\u0131yor. <\/p>\n","protected":false},"excerpt":{"rendered":"<p>Yazar Tolga G\u00fcm\u00fc\u015fay, T\u00fcrkiye\u2019nin ve d\u00fcnyan\u0131n farkl\u0131 sokak- lar\u0131nda yapt\u0131\u011f\u0131 y\u00fcr\u00fcy\u00fc\u015fler esnas\u0131nda kar\u015f\u0131la\u015ft\u0131\u011f\u0131 dokunakl\u0131 manzaralar\u0131n, kendi halinde insanlar\u0131n, ilgin\u00e7 rastlant\u0131lar\u0131n foto\u011fraflar\u0131n\u0131 \u00e7ekti. Bu karelerden baz\u0131lar\u0131 onu<span class=\"excerpt-hellip\"> [\u2026]<\/span><\/p>\n","protected":false},"featured_media":0,"template":"","meta":{"_monsterinsights_skip_tracking":false,"_monsterinsights_sitenote_active":false,"_monsterinsights_sitenote_note":"","_monsterinsights_sitenote_category":0},"product_brand":[],"product_cat":[12291,15117],"product_tag":[],"class_list":{"0":"post-712150","1":"product","2":"type-product","3":"status-publish","5":"product_cat-edebiyat","6":"product_cat-genclik-edebiyati","7":"pa_cilt-ciltsiz","8":"pa_tur-kitap","9":"pa_yayinevi-altin-kitaplar","10":"pa_yazar-tolga-gumusay","12":"first","13":"instock","14":"sale","15":"shipping-taxable","16":"purchasable","17":"product-type-simple"},"_links":{"self":[{"href":"https:\/\/roveyayinevi.com.tr\/index.php\/wp-json\/wp\/v2\/product\/712150","targetHints":{"allow":["GET"]}}],"collection":[{"href":"https:\/\/roveyayinevi.com.tr\/index.php\/wp-json\/wp\/v2\/product"}],"about":[{"href":"https:\/\/roveyayinevi.com.tr\/index.php\/wp-json\/wp\/v2\/types\/product"}],"wp:attachment":[{"href":"https:\/\/roveyayinevi.com.tr\/index.php\/wp-json\/wp\/v2\/media?parent=712150"}],"wp:term":[{"taxonomy":"product_brand","embeddable":true,"href":"https:\/\/roveyayinevi.com.tr\/index.php\/wp-json\/wp\/v2\/product_brand?post=712150"},{"taxonomy":"product_cat","embeddable":true,"href":"https:\/\/roveyayinevi.com.tr\/index.php\/wp-json\/wp\/v2\/product_cat?post=712150"},{"taxonomy":"product_tag","embeddable":true,"href":"https:\/\/roveyayinevi.com.tr\/index.php\/wp-json\/wp\/v2\/product_tag?post=712150"}],"curies":[{"name":"wp","href":"https:\/\/api.w.org\/{rel}","templated":true}]}}