{"id":712147,"date":"2025-08-27T16:52:47","date_gmt":"2025-08-27T13:52:47","guid":{"rendered":"https:\/\/roveyayinevi.com.tr\/index.php\/urun\/miymiy-teyze-5-evde-yalniz\/"},"modified":"2026-04-16T02:20:39","modified_gmt":"2026-04-15T23:20:39","slug":"miymiy-teyze-5-evde-yalniz","status":"publish","type":"product","link":"https:\/\/roveyayinevi.com.tr\/index.php\/urun\/miymiy-teyze-5-evde-yalniz\/","title":{"rendered":"M\u0131ym\u0131y Teyze 5 &#8211; Evde Yaln\u0131z"},"content":{"rendered":"<p>Ayt\u00fcl Akal ile Zeynep \u00d6zatalay&#8217;\u0131n hayat verdikleri \u201cM\u0131ym\u0131y Teyze\u201d serisi 5. kitap Evde Yaln\u0131z ile tamamlan\u0131yor. Yans\u0131ma s\u00f6zc\u00fcklerle zenginle\u015fen k\u0131p\u0131r k\u0131p\u0131r \u00f6yk\u00fcs\u00fc ve mizahi resimleriyle 5 ya\u015f ve \u00fczeri \u00e7ocuklar\u0131n sevgisini kazanan M\u0131ym\u0131y Teyze, serinin son kitab\u0131nda yine \u00e7ok g\u00fcld\u00fcr\u00fcyor. Her kitapta bamba\u015fka bir ruh hali ve macera ile kar\u015f\u0131m\u0131za \u00e7\u0131kan M\u0131ym\u0131y Teyze, ya\u015f ve deneyim g\u00f6zetmeksizin insanlar\u0131n birbirleriyle dayan\u0131\u015fmas\u0131n\u0131n ve yard\u0131mla\u015fmas\u0131n\u0131n \u00f6nemini vurguluyor. Evde yaln\u0131z olan M\u0131ym\u0131y Teyze i\u00e7in aksiliklerle dolu bir g\u00fcnd\u00fcr. Musluk bozulur, avize devrilir, sandalye k\u0131r\u0131l\u0131r\u2026 \u00dcmidini yitirip yapayaln\u0131z oldu\u011funu d\u00fc\u015f\u00fcnd\u00fc\u011f\u00fc s\u0131rada birden kap\u0131s\u0131n\u0131n zili \u00e7alar\u2026 Gelen kimdir acaba? \u00c7ocuklar\u0131n M\u0131ym\u0131y Teyze&#8217;si, \u015fekilden \u015fekile girip k\u0131k\u0131r k\u0131k\u0131r g\u00fcld\u00fcrd\u00fc\u011f\u00fc bu son maceras\u0131nda, kom\u015fuluk ili\u015fkilerine de\u011finerek, birlikte olunca t\u00fcm sorunlar\u0131n \u00fcstesinden gelinebilece\u011fini g\u00f6steriyor. Yeter ki insanlar istesin\u2026 <\/p>\n","protected":false},"excerpt":{"rendered":"<p>Ayt\u00fcl Akal ile Zeynep \u00d6zatalay&#8217;\u0131n hayat verdikleri \u201cM\u0131ym\u0131y Teyze\u201d serisi 5. kitap Evde Yaln\u0131z ile tamamlan\u0131yor. Yans\u0131ma s\u00f6zc\u00fcklerle zenginle\u015fen k\u0131p\u0131r k\u0131p\u0131r \u00f6yk\u00fcs\u00fc ve mizahi resimleriyle 5<span class=\"excerpt-hellip\"> [\u2026]<\/span><\/p>\n","protected":false},"featured_media":0,"template":"","meta":{"_monsterinsights_skip_tracking":false,"_monsterinsights_sitenote_active":false,"_monsterinsights_sitenote_note":"","_monsterinsights_sitenote_category":0},"product_brand":[],"product_cat":[12913,12274],"product_tag":[],"class_list":{"0":"post-712147","1":"product","2":"type-product","3":"status-publish","5":"product_cat-3-6-yas-kitaplari","6":"product_cat-cocuk-ve-genclik-kitaplari","7":"pa_cilt-ciltsiz","8":"pa_tur-kitap","9":"pa_yayinevi-ucanbalik-yayincilik","10":"pa_yazar-aytul-akal","12":"first","13":"instock","14":"sale","15":"shipping-taxable","16":"purchasable","17":"product-type-simple"},"_links":{"self":[{"href":"https:\/\/roveyayinevi.com.tr\/index.php\/wp-json\/wp\/v2\/product\/712147","targetHints":{"allow":["GET"]}}],"collection":[{"href":"https:\/\/roveyayinevi.com.tr\/index.php\/wp-json\/wp\/v2\/product"}],"about":[{"href":"https:\/\/roveyayinevi.com.tr\/index.php\/wp-json\/wp\/v2\/types\/product"}],"wp:attachment":[{"href":"https:\/\/roveyayinevi.com.tr\/index.php\/wp-json\/wp\/v2\/media?parent=712147"}],"wp:term":[{"taxonomy":"product_brand","embeddable":true,"href":"https:\/\/roveyayinevi.com.tr\/index.php\/wp-json\/wp\/v2\/product_brand?post=712147"},{"taxonomy":"product_cat","embeddable":true,"href":"https:\/\/roveyayinevi.com.tr\/index.php\/wp-json\/wp\/v2\/product_cat?post=712147"},{"taxonomy":"product_tag","embeddable":true,"href":"https:\/\/roveyayinevi.com.tr\/index.php\/wp-json\/wp\/v2\/product_tag?post=712147"}],"curies":[{"name":"wp","href":"https:\/\/api.w.org\/{rel}","templated":true}]}}