{"id":712146,"date":"2025-08-27T16:52:47","date_gmt":"2025-08-27T13:52:47","guid":{"rendered":"https:\/\/roveyayinevi.com.tr\/index.php\/urun\/kader-ani-ongorulemeyen-bir-dunyada-firsati-yakalamak\/"},"modified":"2026-04-16T02:20:39","modified_gmt":"2026-04-15T23:20:39","slug":"kader-ani-ongorulemeyen-bir-dunyada-firsati-yakalamak","status":"publish","type":"product","link":"https:\/\/roveyayinevi.com.tr\/index.php\/urun\/kader-ani-ongorulemeyen-bir-dunyada-firsati-yakalamak\/","title":{"rendered":"Kader An\u0131 &#8211; \u00d6ng\u00f6r\u00fclemeyen Bir D\u00fcnyada F\u0131rsat\u0131 Yakalamak"},"content":{"rendered":"<p>Her b\u00fcy\u00fck \u015firketin ve her g\u00f6z al\u0131c\u0131 kariyerin perde arkas\u0131nda, \u015fans ile becerinin kucakla\u015ft\u0131\u011f\u0131, hik\u00e2yenin ak\u0131\u015f\u0131n\u0131 de\u011fi\u015ftiren bir an vard\u0131r. Elinizdeki kitap, b\u00f6ylesi anlar\u0131 yaratmaya dair! Kader \u00c2n\u0131, ilk bak\u0131\u015fta \u00e7eli\u015fkili g\u00f6r\u00fcnen iki fikrin \u00fczerinde temelleniyor: Birincisi, ba\u015far\u0131n\u0131n zannetti\u011fimizden daha tesad\u00fcfi olu\u015fu; ikincisi ise s\u00f6z konusu tesad\u00fcfili\u011fe kimi hamlelerle y\u00f6n verme imk\u00e2n\u0131n\u0131n mevcudiyeti. Ba\u015far\u0131l\u0131 ki\u015filerin ve kurulu\u015flar\u0131n ge\u00e7mi\u015fine biraz yak\u0131ndan bakt\u0131\u011f\u0131m\u0131zda ortak bir teman\u0131n varl\u0131\u011f\u0131n\u0131 g\u00f6r\u00fcyoruz: Bir d\u00f6n\u00fcm noktas\u0131n\u0131n ortaya \u00e7\u0131k\u0131\u015f\u0131 ve ki\u015filerin, o olay\u0131 kaderlerini de\u011fi\u015ftirecek \u00f6l\u00e7\u00fcde avantaja d\u00f6n\u00fc\u015ft\u00fcrmeleri. Yazar FransJohansson, tamamen beklenmedik olan ve i\u015flerin gidi\u015fat\u0131n\u0131 de\u011fi\u015ftiren bu \u00f6zel durumlar\u0131 \u201ckader \u00e2n\u0131\u201d olarak adland\u0131r\u0131yor. Johansson, i\u015f d\u00fcnyas\u0131ndan, spordan, m\u00fczikten, siyasetten ve ya\u015fam\u0131n renkli alanlar\u0131ndan verdi\u011fi \u00f6rneklerle ki\u015filerin \u00f6ng\u00f6r\u00fclemez bir d\u00fcnyada f\u0131rsatlar\u0131 nas\u0131l de\u011ferlendirdi\u011fini anlat\u0131yor; hatta bir ad\u0131m daha \u00f6teye giderek, tesad\u00fcfleri haz\u0131rlayan karma\u015f\u0131k g\u00fc\u00e7leri y\u00f6netebilece\u011fimiz ve kendi kaderimizin parlak anlar\u0131n\u0131 yaratabilece\u011fimizi iddia ediyor. <\/p>\n","protected":false},"excerpt":{"rendered":"<p>Her b\u00fcy\u00fck \u015firketin ve her g\u00f6z al\u0131c\u0131 kariyerin perde arkas\u0131nda, \u015fans ile becerinin kucakla\u015ft\u0131\u011f\u0131, hik\u00e2yenin ak\u0131\u015f\u0131n\u0131 de\u011fi\u015ftiren bir an vard\u0131r. Elinizdeki kitap, b\u00f6ylesi anlar\u0131 yaratmaya dair!<span class=\"excerpt-hellip\"> [\u2026]<\/span><\/p>\n","protected":false},"featured_media":0,"template":"","meta":{"_monsterinsights_skip_tracking":false,"_monsterinsights_sitenote_active":false,"_monsterinsights_sitenote_note":"","_monsterinsights_sitenote_category":0},"product_brand":[],"product_cat":[13043,17647],"product_tag":[],"class_list":{"0":"post-712146","1":"product","2":"type-product","3":"status-publish","5":"product_cat-ekonomi","6":"product_cat-is-dunyasi","7":"pa_cilt-ciltsiz","8":"pa_tur-kitap","9":"pa_yayinevi-mediacat-kitaplari","10":"pa_yazar-frans-johansson","12":"first","13":"instock","14":"sale","15":"shipping-taxable","16":"purchasable","17":"product-type-simple"},"_links":{"self":[{"href":"https:\/\/roveyayinevi.com.tr\/index.php\/wp-json\/wp\/v2\/product\/712146","targetHints":{"allow":["GET"]}}],"collection":[{"href":"https:\/\/roveyayinevi.com.tr\/index.php\/wp-json\/wp\/v2\/product"}],"about":[{"href":"https:\/\/roveyayinevi.com.tr\/index.php\/wp-json\/wp\/v2\/types\/product"}],"wp:attachment":[{"href":"https:\/\/roveyayinevi.com.tr\/index.php\/wp-json\/wp\/v2\/media?parent=712146"}],"wp:term":[{"taxonomy":"product_brand","embeddable":true,"href":"https:\/\/roveyayinevi.com.tr\/index.php\/wp-json\/wp\/v2\/product_brand?post=712146"},{"taxonomy":"product_cat","embeddable":true,"href":"https:\/\/roveyayinevi.com.tr\/index.php\/wp-json\/wp\/v2\/product_cat?post=712146"},{"taxonomy":"product_tag","embeddable":true,"href":"https:\/\/roveyayinevi.com.tr\/index.php\/wp-json\/wp\/v2\/product_tag?post=712146"}],"curies":[{"name":"wp","href":"https:\/\/api.w.org\/{rel}","templated":true}]}}