{"id":712141,"date":"2025-08-27T16:52:44","date_gmt":"2025-08-27T13:52:44","guid":{"rendered":"https:\/\/roveyayinevi.com.tr\/index.php\/urun\/tanzimat-romani\/"},"modified":"2026-04-16T02:20:39","modified_gmt":"2026-04-15T23:20:39","slug":"tanzimat-romani","status":"publish","type":"product","link":"https:\/\/roveyayinevi.com.tr\/index.php\/urun\/tanzimat-romani\/","title":{"rendered":"Tanzimat Roman\u0131"},"content":{"rendered":"<p>Tamer K\u00fct\u00fck\u00e7\u00fc, bu oylumlu \u00e7al\u0131\u015fmas\u0131nda, T\u00fcrk edebiyat\u0131 a\u00e7\u0131s\u0131ndan gelenekten ayr\u0131l\u0131\u015f\u0131n zamansal dilimi ve y\u00fcz\u00fcn\u00fc ba\u015fka bir d\u00fcnyaya \u00e7eviren T\u00fcrk muhitinin yeni bir t\u00fcr olarak ortaya \u00e7\u0131kan roman yaz\u0131n\u0131 ekseninde kavranan toplumsal d\u00f6n\u00fc\u015f\u00fcmlerinin ba\u015flang\u0131c\u0131 olarak kabul edebilece\u011fimiz Tanzimat\u2019la beliren modern amblemlerini, edebiyatla hayat aras\u0131nda mekik dokumak suretiyle olu\u015fturdu\u011fu \u00f6zg\u00fcn bir planla ele al\u0131yor. Ya\u015famlara \u00f6z temsil hakk\u0131 vermeyen ve kendisini yenileme imk\u00e2n\u0131 t\u00fckenen t\u00fcrlerin geride kald\u0131\u011f\u0131, bireyselcili\u011fin y\u00fckseldi\u011fi, m\u00fczikte \u00e7ok seslili\u011fin, sanatta eklektizmin, anlat\u0131 t\u00fcrlerinde de \u00e7ok kahramanl\u0131l\u0131\u011f\u0131n, yani genel anlamda sanat ak\u0131mlar\u0131 i\u00e7inde \u00e7o\u011funluk\u00e7ulu\u011fun ortaya \u00e7\u0131kt\u0131\u011f\u0131, sanat al\u0131c\u0131s\u0131 ve okuyucular\u0131n dinamikle\u015fti\u011fi, edebiyat\u0131n siyas\u00ee ve didaktik \u00e7ehresinin belirdi\u011fi s\u00f6z konusu d\u00f6nemde \u00e7a\u011fda\u015f hayat\u0131 yorumlamaya elveri\u015fli bir t\u00fcr olarak do\u011fan roman\u0131n, zaman\u0131n ruhunu ta\u015f\u0131yan \u00f6rnekleri i\u00e7erisinde dola\u015farak, bu hayat\u0131n merkezinde duran on dokuzuncu asr\u0131n ikinci yar\u0131s\u0131ndaki \u0130stanbul\u2019un toplumsal panoramas\u0131n\u0131 \u00e7izen K\u00fct\u00fck\u00e7\u00fc, edebiyat tarihinin s\u0131n\u0131rlar\u0131n\u0131 k\u00fclt\u00fcr tarih\u00e7ili\u011fi ve sosyolojik bir bak\u0131\u015f a\u00e7\u0131s\u0131yla a\u015farken, bahsi ge\u00e7en eserlere farkl\u0131 bir okuma deneyimiyle yeniden yakla\u015fma ihtiyac\u0131n\u0131 da diriltiyor. <\/p>\n","protected":false},"excerpt":{"rendered":"<p>Tamer K\u00fct\u00fck\u00e7\u00fc, bu oylumlu \u00e7al\u0131\u015fmas\u0131nda, T\u00fcrk edebiyat\u0131 a\u00e7\u0131s\u0131ndan gelenekten ayr\u0131l\u0131\u015f\u0131n zamansal dilimi ve y\u00fcz\u00fcn\u00fc ba\u015fka bir d\u00fcnyaya \u00e7eviren T\u00fcrk muhitinin yeni bir t\u00fcr olarak ortaya \u00e7\u0131kan<span class=\"excerpt-hellip\"> [\u2026]<\/span><\/p>\n","protected":false},"featured_media":0,"template":"","meta":{"_monsterinsights_skip_tracking":false,"_monsterinsights_sitenote_active":false,"_monsterinsights_sitenote_note":"","_monsterinsights_sitenote_category":0},"product_brand":[],"product_cat":[13072,12291],"product_tag":[],"class_list":{"0":"post-712141","1":"product","2":"type-product","3":"status-publish","5":"product_cat-arastirma-inceleme-referans","6":"product_cat-edebiyat","7":"pa_cilt-ciltsiz","8":"pa_tur-kitap","9":"pa_yayinevi-otuken-nesriyat","10":"pa_yazar-tamer-kutukcu","12":"first","13":"instock","14":"sale","15":"shipping-taxable","16":"purchasable","17":"product-type-simple"},"_links":{"self":[{"href":"https:\/\/roveyayinevi.com.tr\/index.php\/wp-json\/wp\/v2\/product\/712141","targetHints":{"allow":["GET"]}}],"collection":[{"href":"https:\/\/roveyayinevi.com.tr\/index.php\/wp-json\/wp\/v2\/product"}],"about":[{"href":"https:\/\/roveyayinevi.com.tr\/index.php\/wp-json\/wp\/v2\/types\/product"}],"wp:attachment":[{"href":"https:\/\/roveyayinevi.com.tr\/index.php\/wp-json\/wp\/v2\/media?parent=712141"}],"wp:term":[{"taxonomy":"product_brand","embeddable":true,"href":"https:\/\/roveyayinevi.com.tr\/index.php\/wp-json\/wp\/v2\/product_brand?post=712141"},{"taxonomy":"product_cat","embeddable":true,"href":"https:\/\/roveyayinevi.com.tr\/index.php\/wp-json\/wp\/v2\/product_cat?post=712141"},{"taxonomy":"product_tag","embeddable":true,"href":"https:\/\/roveyayinevi.com.tr\/index.php\/wp-json\/wp\/v2\/product_tag?post=712141"}],"curies":[{"name":"wp","href":"https:\/\/api.w.org\/{rel}","templated":true}]}}