{"id":712139,"date":"2025-08-27T16:52:43","date_gmt":"2025-08-27T13:52:43","guid":{"rendered":"https:\/\/roveyayinevi.com.tr\/index.php\/urun\/sihirli-agac-evi-6-amazon-macerasi\/"},"modified":"2026-04-16T02:20:39","modified_gmt":"2026-04-15T23:20:39","slug":"sihirli-agac-evi-6-amazon-macerasi","status":"publish","type":"product","link":"https:\/\/roveyayinevi.com.tr\/index.php\/urun\/sihirli-agac-evi-6-amazon-macerasi\/","title":{"rendered":"Sihirli A\u011fa\u00e7 Evi 6- Amazon Maceras\u0131"},"content":{"rendered":"<p>Sihirli A\u011fa\u00e7 Evi ile sen de macera dolu bir d\u00fcnyaya dal! T\u0131pk\u0131 d\u00fcnyan\u0131n d\u00f6rt bir yan\u0131ndaki milyonlarca \u00e7ocuk gibi. Bu galiba Tim ve Lea\u2019n\u0131n en tehlikeli yolculu\u011fu\u2026 Amazon\u2019dalar; timsahlar, kar\u0131nca ordular\u0131, piranalar ve vampir yarasalarla kar\u015f\u0131 kar\u015f\u0131yalar. \u00dcstelik Morgan\u2019\u0131 kurtarmak i\u00e7in bulmalar\u0131 gereken \u015feyler var. Ke\u015fke bu devasa ya\u011fmur orman\u0131nda kaybolmasalard\u0131! Birdahasihirlia\u011fa\u00e7evinig\u00f6rebilecekler mi?\u015euhuysuzmaymunacabaonlarayard\u0131meder mi? K\u00fc\u00e7\u00fck okurlar\u0131 hem okuman\u0131n keyfiyle hem de tarihteki farkl\u0131 k\u00fclt\u00fcrlerle tan\u0131\u015ft\u0131ran Sihirli A\u011fa\u00e7 Evi serisi bu y\u00f6n\u00fcyle sadece d\u00fcnyan\u0131n d\u00f6rt bir yan\u0131ndaki \u00e7ocuklar\u0131n de\u011fil, anne babalar ve e\u011fitimcilerin de g\u00f6zdesi oldu.  New York Times \u00e7oksatanlar listesinde bir numaraya kadar \u00e7\u0131kan ve be\u015f y\u0131ldan uzun bir s\u00fcre bu listede kalmay\u0131 ba\u015faran bu \u00f6d\u00fcll\u00fc seri 33 dilde 130 milyondan fazla satt\u0131. <\/p>\n","protected":false},"excerpt":{"rendered":"<p>Sihirli A\u011fa\u00e7 Evi ile sen de macera dolu bir d\u00fcnyaya dal! T\u0131pk\u0131 d\u00fcnyan\u0131n d\u00f6rt bir yan\u0131ndaki milyonlarca \u00e7ocuk gibi. Bu galiba Tim ve Lea\u2019n\u0131n en tehlikeli<span class=\"excerpt-hellip\"> [\u2026]<\/span><\/p>\n","protected":false},"featured_media":0,"template":"","meta":{"_monsterinsights_skip_tracking":false,"_monsterinsights_sitenote_active":false,"_monsterinsights_sitenote_note":"","_monsterinsights_sitenote_category":0},"product_brand":[],"product_cat":[12275,12274],"product_tag":[],"class_list":{"0":"post-712139","1":"product","2":"type-product","3":"status-publish","5":"product_cat-6-12-yas-kitaplari","6":"product_cat-cocuk-ve-genclik-kitaplari","7":"pa_cilt-ciltsiz","8":"pa_tur-kitap","9":"pa_yayinevi-domingo-yayinevi","10":"pa_yazar-mary-pope-osborne","12":"first","13":"instock","14":"sale","15":"shipping-taxable","16":"purchasable","17":"product-type-simple"},"_links":{"self":[{"href":"https:\/\/roveyayinevi.com.tr\/index.php\/wp-json\/wp\/v2\/product\/712139","targetHints":{"allow":["GET"]}}],"collection":[{"href":"https:\/\/roveyayinevi.com.tr\/index.php\/wp-json\/wp\/v2\/product"}],"about":[{"href":"https:\/\/roveyayinevi.com.tr\/index.php\/wp-json\/wp\/v2\/types\/product"}],"wp:attachment":[{"href":"https:\/\/roveyayinevi.com.tr\/index.php\/wp-json\/wp\/v2\/media?parent=712139"}],"wp:term":[{"taxonomy":"product_brand","embeddable":true,"href":"https:\/\/roveyayinevi.com.tr\/index.php\/wp-json\/wp\/v2\/product_brand?post=712139"},{"taxonomy":"product_cat","embeddable":true,"href":"https:\/\/roveyayinevi.com.tr\/index.php\/wp-json\/wp\/v2\/product_cat?post=712139"},{"taxonomy":"product_tag","embeddable":true,"href":"https:\/\/roveyayinevi.com.tr\/index.php\/wp-json\/wp\/v2\/product_tag?post=712139"}],"curies":[{"name":"wp","href":"https:\/\/api.w.org\/{rel}","templated":true}]}}