{"id":712138,"date":"2025-08-27T16:52:42","date_gmt":"2025-08-27T13:52:42","guid":{"rendered":"https:\/\/roveyayinevi.com.tr\/index.php\/urun\/sihirli-agac-evi-5-ninjalarin-gecesi\/"},"modified":"2026-04-16T02:20:39","modified_gmt":"2026-04-15T23:20:39","slug":"sihirli-agac-evi-5-ninjalarin-gecesi","status":"publish","type":"product","link":"https:\/\/roveyayinevi.com.tr\/index.php\/urun\/sihirli-agac-evi-5-ninjalarin-gecesi\/","title":{"rendered":"Sihirli A\u011fa\u00e7 Evi 5 &#8211; Ninjalar\u0131n Gecesi"},"content":{"rendered":"<p>Sihirli A\u011fa\u00e7 Evi ile sen de macera dolu bir d\u00fcnyaya dal! T\u0131pk\u0131 d\u00fcnyan\u0131n d\u00f6rt bir yan\u0131ndaki milyonlarca \u00e7ocuk gibi. \u0130\u015fte bu \u00e7ok tuhaf\u2026 Sihirli a\u011fa\u00e7 evinin sahibi Morgan le Fay kay\u0131p! Tim ve Lea bulmacan\u0131n d\u00f6rt par\u00e7as\u0131n\u0131 bir araya getirerek onu bulmaya \u00e7al\u0131\u015facaklar. Bulduklar\u0131 not onlar\u0131 Japonya\u2019ya, ninjalar\u0131n aras\u0131na s\u00fcr\u00fckl\u00fcyor. \u00dcstat Ninja\u2019n\u0131n tavsiyelerine uyup samuraylara yakalanmadan yollar\u0131n\u0131 bulabilecekler mi? Yoksa korkun\u00e7 bir sava\u015f\u0131n ortas\u0131nda m\u0131 kalacaklar? Macera ba\u015flas\u0131n! K\u00fc\u00e7\u00fck okurlar\u0131 hem okuman\u0131n keyfiyle hem de tarihteki farkl\u0131 k\u00fclt\u00fcrlerle tan\u0131\u015ft\u0131ran Sihirli A\u011fa\u00e7 Evi serisi bu y\u00f6n\u00fcyle sadece d\u00fcnyan\u0131n d\u00f6rt bir yan\u0131ndaki \u00e7ocuklar\u0131n de\u011fil, anne babalar ve e\u011fitimcilerin de g\u00f6zdesi oldu.  New York Times \u00e7oksatanlar listesinde bir numaraya kadar \u00e7\u0131kan ve be\u015f y\u0131ldan uzun bir s\u00fcre bu listede kalmay\u0131 ba\u015faran bu \u00f6d\u00fcll\u00fc seri 33 dilde 130 milyondan fazla satt\u0131. <\/p>\n","protected":false},"excerpt":{"rendered":"<p>Sihirli A\u011fa\u00e7 Evi ile sen de macera dolu bir d\u00fcnyaya dal! T\u0131pk\u0131 d\u00fcnyan\u0131n d\u00f6rt bir yan\u0131ndaki milyonlarca \u00e7ocuk gibi. \u0130\u015fte bu \u00e7ok tuhaf\u2026 Sihirli a\u011fa\u00e7 evinin<span class=\"excerpt-hellip\"> [\u2026]<\/span><\/p>\n","protected":false},"featured_media":0,"template":"","meta":{"_monsterinsights_skip_tracking":false,"_monsterinsights_sitenote_active":false,"_monsterinsights_sitenote_note":"","_monsterinsights_sitenote_category":0},"product_brand":[],"product_cat":[12275,12274],"product_tag":[],"class_list":{"0":"post-712138","1":"product","2":"type-product","3":"status-publish","5":"product_cat-6-12-yas-kitaplari","6":"product_cat-cocuk-ve-genclik-kitaplari","7":"pa_cilt-ciltsiz","8":"pa_tur-kitap","9":"pa_yayinevi-domingo-yayinevi","10":"pa_yazar-mary-pope-osborne","12":"first","13":"instock","14":"sale","15":"shipping-taxable","16":"purchasable","17":"product-type-simple"},"_links":{"self":[{"href":"https:\/\/roveyayinevi.com.tr\/index.php\/wp-json\/wp\/v2\/product\/712138","targetHints":{"allow":["GET"]}}],"collection":[{"href":"https:\/\/roveyayinevi.com.tr\/index.php\/wp-json\/wp\/v2\/product"}],"about":[{"href":"https:\/\/roveyayinevi.com.tr\/index.php\/wp-json\/wp\/v2\/types\/product"}],"wp:attachment":[{"href":"https:\/\/roveyayinevi.com.tr\/index.php\/wp-json\/wp\/v2\/media?parent=712138"}],"wp:term":[{"taxonomy":"product_brand","embeddable":true,"href":"https:\/\/roveyayinevi.com.tr\/index.php\/wp-json\/wp\/v2\/product_brand?post=712138"},{"taxonomy":"product_cat","embeddable":true,"href":"https:\/\/roveyayinevi.com.tr\/index.php\/wp-json\/wp\/v2\/product_cat?post=712138"},{"taxonomy":"product_tag","embeddable":true,"href":"https:\/\/roveyayinevi.com.tr\/index.php\/wp-json\/wp\/v2\/product_tag?post=712138"}],"curies":[{"name":"wp","href":"https:\/\/api.w.org\/{rel}","templated":true}]}}