{"id":712136,"date":"2025-08-27T16:52:41","date_gmt":"2025-08-27T13:52:41","guid":{"rendered":"https:\/\/roveyayinevi.com.tr\/index.php\/urun\/nikola-teslanin-sira-disi-hayati\/"},"modified":"2026-04-16T02:20:39","modified_gmt":"2026-04-15T23:20:39","slug":"nikola-teslanin-sira-disi-hayati","status":"publish","type":"product","link":"https:\/\/roveyayinevi.com.tr\/index.php\/urun\/nikola-teslanin-sira-disi-hayati\/","title":{"rendered":"Nikola Tesla\u2019n\u0131n S\u0131ra D\u0131\u015f\u0131 Hayat\u0131"},"content":{"rendered":"<p>Yaln\u0131zca kendi \u00e7\u0131karlar\u0131n\u0131 d\u00fc\u015f\u00fcnen baz\u0131 k\u0131skan\u00e7 ki\u015filere \u00e7abalar\u0131m\u0131 engelleme zevkini ve tatminini ya\u015fatmak istemiyorum. Bu ki\u015filer benim g\u00f6z\u00fcmde k\u00f6t\u00fc bir hastal\u0131\u011f\u0131n mikroplar\u0131 olmaktan daha \u00f6te de\u011fillerdir.N\u0131kola Tesla Elektrik \u00c7a\u011f\u0131n\u0131n De\u011feri Anla\u015f\u0131lmam\u0131\u015f Ger\u00e7ek Dehas\u0131d\u0131r!Nikola Tesla\u2026 Zaman\u0131n\u0131n \u00e7ok \u00f6tesinde bir deha, icatlar\u0131yla modern d\u00fcnyan\u0131n kap\u0131lar\u0131n\u0131 a\u00e7m\u0131\u015f b\u00fcy\u00fck bir mucit\u2026 Belki de o olmasayd\u0131 telsiz, otomatik ate\u015fleme, telefon, alternatif ak\u0131m, g\u00fc\u00e7 \u00fcretimi ve iletimi, radyo ve televizyon gibi ara\u00e7lar\u0131n hi\u00e7biri hayat\u0131m\u0131zda yer almayacakt\u0131. Tarihte ad\u0131 geri planda b\u0131rak\u0131lm\u0131\u015f bu s\u0131ra d\u0131\u015f\u0131 adam\u0131n bizzat kendi kaleminden \u00e7\u0131kan hayat hik\u00e2yesini okurken, ya\u015fam\u0131n\u0131n gizli kalm\u0131\u015f taraflar\u0131na ve ilgin\u00e7 ki\u015fili\u011fine de \u015fahit olacaks\u0131n\u0131z.\u0130kinci b\u00f6l\u00fcmdeyse, yine bizzat Tesla taraf\u0131ndan yaz\u0131lan hem felsefi hem de bilimsel y\u00f6n\u00fcyle mucidin dehas\u0131n\u0131 ortaya koyan bir makaleyi de zevkle okuyacaks\u0131n\u0131z. <\/p>\n","protected":false},"excerpt":{"rendered":"<p>Yaln\u0131zca kendi \u00e7\u0131karlar\u0131n\u0131 d\u00fc\u015f\u00fcnen baz\u0131 k\u0131skan\u00e7 ki\u015filere \u00e7abalar\u0131m\u0131 engelleme zevkini ve tatminini ya\u015fatmak istemiyorum. Bu ki\u015filer benim g\u00f6z\u00fcmde k\u00f6t\u00fc bir hastal\u0131\u011f\u0131n mikroplar\u0131 olmaktan daha \u00f6te de\u011fillerdir.N\u0131kola<span class=\"excerpt-hellip\"> [\u2026]<\/span><\/p>\n","protected":false},"featured_media":0,"template":"","meta":{"_monsterinsights_skip_tracking":false,"_monsterinsights_sitenote_active":false,"_monsterinsights_sitenote_note":"","_monsterinsights_sitenote_category":0},"product_brand":[],"product_cat":[14009,12291],"product_tag":[],"class_list":{"0":"post-712136","1":"product","2":"type-product","3":"status-publish","5":"product_cat-biyografi-otobiyografi-edebiyat","6":"product_cat-edebiyat","7":"pa_cilt-ciltsiz","8":"pa_tur-kitap","9":"pa_yayinevi-marti-yayinlari","10":"pa_yazar-nikola-tesla","12":"first","13":"instock","14":"sale","15":"shipping-taxable","16":"purchasable","17":"product-type-simple"},"_links":{"self":[{"href":"https:\/\/roveyayinevi.com.tr\/index.php\/wp-json\/wp\/v2\/product\/712136","targetHints":{"allow":["GET"]}}],"collection":[{"href":"https:\/\/roveyayinevi.com.tr\/index.php\/wp-json\/wp\/v2\/product"}],"about":[{"href":"https:\/\/roveyayinevi.com.tr\/index.php\/wp-json\/wp\/v2\/types\/product"}],"wp:attachment":[{"href":"https:\/\/roveyayinevi.com.tr\/index.php\/wp-json\/wp\/v2\/media?parent=712136"}],"wp:term":[{"taxonomy":"product_brand","embeddable":true,"href":"https:\/\/roveyayinevi.com.tr\/index.php\/wp-json\/wp\/v2\/product_brand?post=712136"},{"taxonomy":"product_cat","embeddable":true,"href":"https:\/\/roveyayinevi.com.tr\/index.php\/wp-json\/wp\/v2\/product_cat?post=712136"},{"taxonomy":"product_tag","embeddable":true,"href":"https:\/\/roveyayinevi.com.tr\/index.php\/wp-json\/wp\/v2\/product_tag?post=712136"}],"curies":[{"name":"wp","href":"https:\/\/api.w.org\/{rel}","templated":true}]}}