{"id":712133,"date":"2025-08-27T16:52:39","date_gmt":"2025-08-27T13:52:39","guid":{"rendered":"https:\/\/roveyayinevi.com.tr\/index.php\/urun\/muzikofili-muzik-ve-beyin-oykuleri\/"},"modified":"2026-04-16T02:20:39","modified_gmt":"2026-04-15T23:20:39","slug":"muzikofili-muzik-ve-beyin-oykuleri","status":"publish","type":"product","link":"https:\/\/roveyayinevi.com.tr\/index.php\/urun\/muzikofili-muzik-ve-beyin-oykuleri\/","title":{"rendered":"M\u00fczikofili M\u00fczik ve Beyin \u00d6yk\u00fcleri"},"content":{"rendered":"<p>M\u00fczikofili n\u00f6rolog-yazar Oliver Sacks\u2019\u0131n meslek hayat\u0131nda kar\u015f\u0131la\u015ft\u0131\u011f\u0131 vaka \u00f6yk\u00fclerinin bir derlemesi. Ad\u0131ndan da anla\u015f\u0131laca\u011f\u0131 gibi, bu kitapta biraraya getirilen vakalar\u0131n ortak noktas\u0131, ge\u00e7irdikleri hastal\u0131k veya kazalar sonras\u0131nda m\u00fczi\u011fe kar\u015f\u0131 geli\u015ftirdikleri hassasiyetleri. Bir sabah, zihninde bitmek bilmeyen son derece \u201cger\u00e7ek\u201d bir melodiyle uyanan bir kad\u0131n&#8230; Y\u0131ld\u0131r\u0131m \u00e7arpmas\u0131ndan sonra piyano \u00e7almaya kar\u015f\u0131 tutkulu bir ilgi geli\u015ftiren bir doktor&#8230;  N\u00f6rolojik hasarlar ve bunlarla ba\u015f etme s\u00fcre\u00e7leri yeni \u201calg\u0131 kap\u0131lar\u0131\u201d ile \u00f6zg\u00fcl ve s\u0131rad\u0131\u015f\u0131 deneyimlerin \u00f6n\u00fcn\u00fc a\u00e7abilir. Sacks digger kitaplar\u0131nda oldu\u011fu gibi M\u00fczikofili\u2019de de hekim ve insan kimli\u011fini \u00f6ne \u00e7\u0131kararak sosyal bilimlere ve edebiyata yapt\u0131\u011f\u0131 g\u00f6ndermelerle okura, \u00fczerinde hi\u00e7 d\u00fc\u015f\u00fcn\u00fclmeyen bamba\u015fka bir d\u00fcnyay\u0131, beyin denilen gizemli organ\u0131n d\u00fcnyas\u0131n\u0131 anlat\u0131yor. <\/p>\n","protected":false},"excerpt":{"rendered":"<p>M\u00fczikofili n\u00f6rolog-yazar Oliver Sacks\u2019\u0131n meslek hayat\u0131nda kar\u015f\u0131la\u015ft\u0131\u011f\u0131 vaka \u00f6yk\u00fclerinin bir derlemesi. Ad\u0131ndan da anla\u015f\u0131laca\u011f\u0131 gibi, bu kitapta biraraya getirilen vakalar\u0131n ortak noktas\u0131, ge\u00e7irdikleri hastal\u0131k veya kazalar<span class=\"excerpt-hellip\"> [\u2026]<\/span><\/p>\n","protected":false},"featured_media":0,"template":"","meta":{"_monsterinsights_skip_tracking":false,"_monsterinsights_sitenote_active":false,"_monsterinsights_sitenote_note":"","_monsterinsights_sitenote_category":0},"product_brand":[],"product_cat":[12358,12357],"product_tag":[],"class_list":{"0":"post-712133","1":"product","2":"type-product","3":"status-publish","5":"product_cat-genel-psikoloji","6":"product_cat-psikoloji","7":"pa_cilt-ciltsiz","8":"pa_tur-kitap","9":"pa_yayinevi-yapi-kredi-yayinlari","10":"pa_yazar-oliver-sacks","12":"first","13":"instock","14":"sale","15":"shipping-taxable","16":"purchasable","17":"product-type-simple"},"_links":{"self":[{"href":"https:\/\/roveyayinevi.com.tr\/index.php\/wp-json\/wp\/v2\/product\/712133","targetHints":{"allow":["GET"]}}],"collection":[{"href":"https:\/\/roveyayinevi.com.tr\/index.php\/wp-json\/wp\/v2\/product"}],"about":[{"href":"https:\/\/roveyayinevi.com.tr\/index.php\/wp-json\/wp\/v2\/types\/product"}],"wp:attachment":[{"href":"https:\/\/roveyayinevi.com.tr\/index.php\/wp-json\/wp\/v2\/media?parent=712133"}],"wp:term":[{"taxonomy":"product_brand","embeddable":true,"href":"https:\/\/roveyayinevi.com.tr\/index.php\/wp-json\/wp\/v2\/product_brand?post=712133"},{"taxonomy":"product_cat","embeddable":true,"href":"https:\/\/roveyayinevi.com.tr\/index.php\/wp-json\/wp\/v2\/product_cat?post=712133"},{"taxonomy":"product_tag","embeddable":true,"href":"https:\/\/roveyayinevi.com.tr\/index.php\/wp-json\/wp\/v2\/product_tag?post=712133"}],"curies":[{"name":"wp","href":"https:\/\/api.w.org\/{rel}","templated":true}]}}