{"id":712131,"date":"2025-08-27T16:52:38","date_gmt":"2025-08-27T13:52:38","guid":{"rendered":"https:\/\/roveyayinevi.com.tr\/index.php\/urun\/toplum-sozlesmesibez-ciltli\/"},"modified":"2026-04-16T02:20:39","modified_gmt":"2026-04-15T23:20:39","slug":"toplum-sozlesmesibez-ciltli","status":"publish","type":"product","link":"https:\/\/roveyayinevi.com.tr\/index.php\/urun\/toplum-sozlesmesibez-ciltli\/","title":{"rendered":"Toplum S\u00f6zle\u015fmesi(Bez Ciltli)"},"content":{"rendered":"<p>J.J. Rousseau, her insan\u0131n \u00f6zg\u00fcr do\u011fdu\u011funu fakat medeni bir ya\u015fant\u0131n\u0131n var olabilmesi i\u00e7in toplumun \u00e7\u0131karlar\u0131 do\u011frultusunda bireysel \u00f6zg\u00fcrl\u00fcklerden feragat edilmesi gerekti\u011fini ve bunun da yaln\u0131zca, herkesin \u00f6zg\u00fcr iradesiyle kabul etti\u011fi bir toplum s\u00f6zle\u015fmesiyle var olabilece\u011fini s\u00f6yleyerek siyaset felsefesinde \u00e7\u0131\u011f\u0131r a\u00e7m\u0131\u015ft\u0131r.Toplum S\u00f6zle\u015fmesi, 1762&#8217;de yay\u0131mland\u0131\u011f\u0131nda modern demokrasi anlay\u0131\u015f\u0131n\u0131n temellerini atm\u0131\u015f ve o d\u00f6neme kadar g\u00fcndeme dahi getirilmeyen halk egemenli\u011fi d\u00fc\u015f\u00fcncesini \u00f6ne s\u00fcrm\u00fc\u015ft\u00fcr. Sivil toplum anlay\u0131\u015f\u0131n\u0131 savunurken, siyasal yap\u0131lanmada meydana gelen bozulmalar\u0131n da alt\u0131n\u0131 \u00e7izmi\u015ftir.Yay\u0131mland\u0131\u011f\u0131 g\u00fcnden bu yana h\u00e2l\u00e2 temel siyasi sorunlara parmak basabilen ve Frans\u0131z Devrimi&#8217;nin esin kayna\u011f\u0131 olan bu eseri. I\u015f\u0131k Erg\u00fcden&#8217;in \u00f6zenli \u00e7evirisiyle sunuyoruz. <\/p>\n","protected":false},"excerpt":{"rendered":"<p>J.J. Rousseau, her insan\u0131n \u00f6zg\u00fcr do\u011fdu\u011funu fakat medeni bir ya\u015fant\u0131n\u0131n var olabilmesi i\u00e7in toplumun \u00e7\u0131karlar\u0131 do\u011frultusunda bireysel \u00f6zg\u00fcrl\u00fcklerden feragat edilmesi gerekti\u011fini ve bunun da yaln\u0131zca, herkesin<span class=\"excerpt-hellip\"> [\u2026]<\/span><\/p>\n","protected":false},"featured_media":0,"template":"","meta":{"_monsterinsights_skip_tracking":false,"_monsterinsights_sitenote_active":false,"_monsterinsights_sitenote_note":"","_monsterinsights_sitenote_category":0},"product_brand":[],"product_cat":[12388,15536],"product_tag":[],"class_list":{"0":"post-712131","1":"product","2":"type-product","3":"status-publish","5":"product_cat-felsefe","6":"product_cat-siyaset-felsefesi","7":"pa_cilt-ciltli","8":"pa_tur-kitap","9":"pa_yayinevi-koridor-yayincilik","10":"pa_yazar-jean-jacques-rousseau","12":"first","13":"instock","14":"sale","15":"shipping-taxable","16":"purchasable","17":"product-type-simple"},"_links":{"self":[{"href":"https:\/\/roveyayinevi.com.tr\/index.php\/wp-json\/wp\/v2\/product\/712131","targetHints":{"allow":["GET"]}}],"collection":[{"href":"https:\/\/roveyayinevi.com.tr\/index.php\/wp-json\/wp\/v2\/product"}],"about":[{"href":"https:\/\/roveyayinevi.com.tr\/index.php\/wp-json\/wp\/v2\/types\/product"}],"wp:attachment":[{"href":"https:\/\/roveyayinevi.com.tr\/index.php\/wp-json\/wp\/v2\/media?parent=712131"}],"wp:term":[{"taxonomy":"product_brand","embeddable":true,"href":"https:\/\/roveyayinevi.com.tr\/index.php\/wp-json\/wp\/v2\/product_brand?post=712131"},{"taxonomy":"product_cat","embeddable":true,"href":"https:\/\/roveyayinevi.com.tr\/index.php\/wp-json\/wp\/v2\/product_cat?post=712131"},{"taxonomy":"product_tag","embeddable":true,"href":"https:\/\/roveyayinevi.com.tr\/index.php\/wp-json\/wp\/v2\/product_tag?post=712131"}],"curies":[{"name":"wp","href":"https:\/\/api.w.org\/{rel}","templated":true}]}}