{"id":712130,"date":"2025-08-27T16:52:38","date_gmt":"2025-08-27T13:52:38","guid":{"rendered":"https:\/\/roveyayinevi.com.tr\/index.php\/urun\/muhammed-ali-kim-kimdi-serisi\/"},"modified":"2026-04-16T02:20:39","modified_gmt":"2026-04-15T23:20:39","slug":"muhammed-ali-kim-kimdi-serisi","status":"publish","type":"product","link":"https:\/\/roveyayinevi.com.tr\/index.php\/urun\/muhammed-ali-kim-kimdi-serisi\/","title":{"rendered":"Muhammed Ali &#8211; Kim Kimdi Serisi"},"content":{"rendered":"<p>Cassius Clay adl\u0131 k\u00fc\u00e7\u00fck bir \u00e7ocuk.Kelebek gibi u\u00e7up ar\u0131 gibi sokmay\u0131 \u00f6\u011frenen bir gen\u00e7.T\u00fcm zamanlar\u0131n \u201cen b\u00fcy\u00fck\u201d a\u011f\u0131rs\u0131klet boks \u015fampiyonu.Yukar\u0131dakilerin hepsi!Bu e\u011flenceli, heyecanl\u0131, resimli biyografide ger\u00e7ek Muhammed Ali hakk\u0131nda daha \u00e7ok \u015fey \u00f6\u011frenin! <\/p>\n","protected":false},"excerpt":{"rendered":"<p>Cassius Clay adl\u0131 k\u00fc\u00e7\u00fck bir \u00e7ocuk.Kelebek gibi u\u00e7up ar\u0131 gibi sokmay\u0131 \u00f6\u011frenen bir gen\u00e7.T\u00fcm zamanlar\u0131n \u201cen b\u00fcy\u00fck\u201d a\u011f\u0131rs\u0131klet boks \u015fampiyonu.Yukar\u0131dakilerin hepsi!Bu e\u011flenceli, heyecanl\u0131, resimli biyografide ger\u00e7ek<span class=\"excerpt-hellip\"> [\u2026]<\/span><\/p>\n","protected":false},"featured_media":0,"template":"","meta":{"_monsterinsights_skip_tracking":false,"_monsterinsights_sitenote_active":false,"_monsterinsights_sitenote_note":"","_monsterinsights_sitenote_category":0},"product_brand":[],"product_cat":[12312,12304],"product_tag":[],"class_list":{"0":"post-712130","1":"product","2":"type-product","3":"status-publish","5":"product_cat-diger","6":"product_cat-tarih","7":"pa_cilt-ciltsiz","8":"pa_tur-kitap","9":"pa_yayinevi-beyaz-balina-yayinlari","10":"pa_yazar-james-buckley","12":"first","13":"instock","14":"sale","15":"shipping-taxable","16":"purchasable","17":"product-type-simple"},"_links":{"self":[{"href":"https:\/\/roveyayinevi.com.tr\/index.php\/wp-json\/wp\/v2\/product\/712130","targetHints":{"allow":["GET"]}}],"collection":[{"href":"https:\/\/roveyayinevi.com.tr\/index.php\/wp-json\/wp\/v2\/product"}],"about":[{"href":"https:\/\/roveyayinevi.com.tr\/index.php\/wp-json\/wp\/v2\/types\/product"}],"wp:attachment":[{"href":"https:\/\/roveyayinevi.com.tr\/index.php\/wp-json\/wp\/v2\/media?parent=712130"}],"wp:term":[{"taxonomy":"product_brand","embeddable":true,"href":"https:\/\/roveyayinevi.com.tr\/index.php\/wp-json\/wp\/v2\/product_brand?post=712130"},{"taxonomy":"product_cat","embeddable":true,"href":"https:\/\/roveyayinevi.com.tr\/index.php\/wp-json\/wp\/v2\/product_cat?post=712130"},{"taxonomy":"product_tag","embeddable":true,"href":"https:\/\/roveyayinevi.com.tr\/index.php\/wp-json\/wp\/v2\/product_tag?post=712130"}],"curies":[{"name":"wp","href":"https:\/\/api.w.org\/{rel}","templated":true}]}}