{"id":712126,"date":"2025-08-27T16:52:36","date_gmt":"2025-08-27T13:52:36","guid":{"rendered":"https:\/\/roveyayinevi.com.tr\/index.php\/urun\/gorunmez-goril-sezgilerimiz-bizi-nasil-yaniltir\/"},"modified":"2026-04-16T02:20:39","modified_gmt":"2026-04-15T23:20:39","slug":"gorunmez-goril-sezgilerimiz-bizi-nasil-yaniltir","status":"publish","type":"product","link":"https:\/\/roveyayinevi.com.tr\/index.php\/urun\/gorunmez-goril-sezgilerimiz-bizi-nasil-yaniltir\/","title":{"rendered":"G\u00f6r\u00fcnmez Goril &#8211; Sezgilerimiz Bizi Nas\u0131l Yan\u0131lt\u0131r?"},"content":{"rendered":"<p>D\u00dcNYAYI OLDU\u011eU G\u0130B\u0130 G\u00d6RD\u00dc\u011e\u00dcM\u00dcZ\u00dc ZANNEDER\u0130Z\u2026 * Bir \u015firket, bir \u00fcr\u00fcn\u00fcn elde patlayaca\u011f\u0131n\u0131 bile bile neden onun i\u00e7in milyarlar harcar? * Bir polis memuru g\u00f6z\u00fcn\u00fcn \u00f6n\u00fcndeki sald\u0131r\u0131y\u0131 nas\u0131l olur da fark edemez? * Su\u00e7lular\u0131n satran\u00e7 oyuncular\u0131yla ortak noktas\u0131 nedir? * Daha \u00e7ok bilgiye sahip olman\u0131n daha k\u00f6t\u00fc kararlar vermeye yol a\u00e7t\u0131\u011f\u0131 do\u011fru mu? * An\u0131lar zamanla de\u011fi\u015febilir mi? * \u00d6n\u00fcn\u00fczden ge\u00e7en bir gorili fark edebilir misiniz? &#8230; AMA \u00c7O\u011eU \u015eEY\u0130 G\u00d6ZDEN KA\u00c7IRIRIZ.   Bizler g\u00fcndelik hayatta olup bitenleri anlatabiliriz. G\u00fcn i\u00e7inde kimlerle konu\u015ftu\u011fumuzu, ne yedi\u011fimizi, ne giydi\u011fimizi, ne g\u00f6rd\u00fc\u011f\u00fcm\u00fcz\u00fc hat\u0131rlayabiliriz. Peki, hemen yan\u0131m\u0131zda olan ve bizim fark\u0131nda olmad\u0131\u011f\u0131m\u0131z \u015feyler sizce alg\u0131lad\u0131klar\u0131m\u0131zdan daha m\u0131 az? Psikoloji tarihinin en \u00fcnl\u00fc deneylerinden biri haline gelen goril deneyinin yarat\u0131c\u0131lar\u0131 C. Chabris ve D. Simons, G\u00f6r\u00fcnmez Goril ile sezgilerimizin bizi nas\u0131l yanl\u0131\u015f y\u00f6nlendirdi\u011fini, \u201cbakmak\u201d ile \u201cg\u00f6rmek\u201d aras\u0131ndaki fark\u0131 ve an\u0131lar\u0131m\u0131z\u0131n nas\u0131l de\u011fi\u015febildi\u011fini kendi deneyimleri ve benzer alanlarda yap\u0131lan bilimsel \u00e7al\u0131\u015fmalar \u0131\u015f\u0131\u011f\u0131nda anlat\u0131yor. Bu kitab\u0131 okuduktan sonra sezgilerinizden \u015f\u00fcphe edeceksiniz! \u201cSon derece ilgi \u00e7ekici\u2026 Chabris ve Simons yan\u0131lsamalar\u0131m\u0131zdan nas\u0131l kurtulaca\u011f\u0131m\u0131za ve ger\u00e7e\u011fe nas\u0131l ula\u015faca\u011f\u0131m\u0131za dair ola\u011fan\u00fcst\u00fc ipu\u00e7lar\u0131 veriyor. Okunmas\u0131 gereken bir kitap.\u201d \u2014Prof. Elizabeth Loftus Deneylerin videolar\u0131n\u0131 izlemek ve tan\u0131t\u0131m yaz\u0131lar\u0131na ula\u015fmak i\u00e7in: www.TheInvisibleGorilla.com <\/p>\n","protected":false},"excerpt":{"rendered":"<p>D\u00dcNYAYI OLDU\u011eU G\u0130B\u0130 G\u00d6RD\u00dc\u011e\u00dcM\u00dcZ\u00dc ZANNEDER\u0130Z\u2026 * Bir \u015firket, bir \u00fcr\u00fcn\u00fcn elde patlayaca\u011f\u0131n\u0131 bile bile neden onun i\u00e7in milyarlar harcar? * Bir polis memuru g\u00f6z\u00fcn\u00fcn \u00f6n\u00fcndeki sald\u0131r\u0131y\u0131<span class=\"excerpt-hellip\"> [\u2026]<\/span><\/p>\n","protected":false},"featured_media":0,"template":"","meta":{"_monsterinsights_skip_tracking":false,"_monsterinsights_sitenote_active":false,"_monsterinsights_sitenote_note":"","_monsterinsights_sitenote_category":0},"product_brand":[],"product_cat":[12358,12357],"product_tag":[],"class_list":{"0":"post-712126","1":"product","2":"type-product","3":"status-publish","5":"product_cat-genel-psikoloji","6":"product_cat-psikoloji","7":"pa_cilt-ciltsiz","8":"pa_tur-kitap","9":"pa_yayinevi-say-yayinlari","10":"pa_yazar-christopher-chabris-daniel-simons","12":"first","13":"instock","14":"sale","15":"shipping-taxable","16":"purchasable","17":"product-type-simple"},"_links":{"self":[{"href":"https:\/\/roveyayinevi.com.tr\/index.php\/wp-json\/wp\/v2\/product\/712126","targetHints":{"allow":["GET"]}}],"collection":[{"href":"https:\/\/roveyayinevi.com.tr\/index.php\/wp-json\/wp\/v2\/product"}],"about":[{"href":"https:\/\/roveyayinevi.com.tr\/index.php\/wp-json\/wp\/v2\/types\/product"}],"wp:attachment":[{"href":"https:\/\/roveyayinevi.com.tr\/index.php\/wp-json\/wp\/v2\/media?parent=712126"}],"wp:term":[{"taxonomy":"product_brand","embeddable":true,"href":"https:\/\/roveyayinevi.com.tr\/index.php\/wp-json\/wp\/v2\/product_brand?post=712126"},{"taxonomy":"product_cat","embeddable":true,"href":"https:\/\/roveyayinevi.com.tr\/index.php\/wp-json\/wp\/v2\/product_cat?post=712126"},{"taxonomy":"product_tag","embeddable":true,"href":"https:\/\/roveyayinevi.com.tr\/index.php\/wp-json\/wp\/v2\/product_tag?post=712126"}],"curies":[{"name":"wp","href":"https:\/\/api.w.org\/{rel}","templated":true}]}}