{"id":712125,"date":"2025-08-27T16:52:35","date_gmt":"2025-08-27T13:52:35","guid":{"rendered":"https:\/\/roveyayinevi.com.tr\/index.php\/urun\/kardeslik-savascilari-6-hayalet-yuzler\/"},"modified":"2026-04-16T02:20:39","modified_gmt":"2026-04-15T23:20:39","slug":"kardeslik-savascilari-6-hayalet-yuzler","status":"publish","type":"product","link":"https:\/\/roveyayinevi.com.tr\/index.php\/urun\/kardeslik-savascilari-6-hayalet-yuzler\/","title":{"rendered":"Karde\u015flik Sava\u015f\u00e7\u0131lar\u0131 6 Hayalet Y\u00fczler"},"content":{"rendered":"<p>Karde\u015flik Sava\u015f\u00e7\u0131lar\u0131 denizde b\u00fcy\u00fck bir f\u0131rt\u0131naya yakalan\u0131rlar ve bat\u0131ya, Hal\u2019un haritas\u0131nda bile olmayan bir b\u00f6lgeye s\u00fcr\u00fcklenirler. Zorlu bir yolculu\u011fun sonunda \u00e7\u0131kt\u0131klar\u0131 adada sessizlik h\u00e2kimdir ve ilk g\u00fcnlerde yerli halktan kimseyi g\u00f6remezler. Ta ki dev gibi bir ay\u0131, iki yerli \u00e7ocu\u011fa sald\u0131rana kadar. \u00c7ocuklar\u0131n \u00e7\u0131\u011fl\u0131klar\u0131n\u0131 duyan Bal\u0131k\u00e7\u0131l tayfalar\u0131 hemen harekete ge\u00e7ip onlar\u0131 kurtar\u0131rlar.Bu olaydan sonra ortaya \u00e7\u0131kan Mawagansett kabilesi, Bal\u0131k\u00e7\u0131llara \u015f\u00fckranlar\u0131n\u0131 sunarlar ve samimi ili\u015fkiler kurarlar. Fakat adadaki huzur uzun s\u00fcrmez. Y\u00fczlerini beyaz renge boyayan ve ba\u015flar\u0131n\u0131 t\u0131ra\u015f eden sava\u015f\u00e7\u0131 kabile Hayalet Y\u00fczler, ya\u011fma i\u00e7in k\u00f6ylere ac\u0131mas\u0131zca sald\u0131rmaktad\u0131r.  D\u00fc\u015fman h\u0131zla yakla\u015f\u0131rken Bal\u0131k\u00e7\u0131l tayfalar\u0131 istilay\u0131 p\u00fcsk\u00fcrtmeye haz\u0131rlan\u0131rlar\u2026 <\/p>\n","protected":false},"excerpt":{"rendered":"<p>Karde\u015flik Sava\u015f\u00e7\u0131lar\u0131 denizde b\u00fcy\u00fck bir f\u0131rt\u0131naya yakalan\u0131rlar ve bat\u0131ya, Hal\u2019un haritas\u0131nda bile olmayan bir b\u00f6lgeye s\u00fcr\u00fcklenirler. Zorlu bir yolculu\u011fun sonunda \u00e7\u0131kt\u0131klar\u0131 adada sessizlik h\u00e2kimdir ve ilk<span class=\"excerpt-hellip\"> [\u2026]<\/span><\/p>\n","protected":false},"featured_media":0,"template":"","meta":{"_monsterinsights_skip_tracking":false,"_monsterinsights_sitenote_active":false,"_monsterinsights_sitenote_note":"","_monsterinsights_sitenote_category":0},"product_brand":[],"product_cat":[12291,14777],"product_tag":[],"class_list":{"0":"post-712125","1":"product","2":"type-product","3":"status-publish","5":"product_cat-edebiyat","6":"product_cat-fantastik","7":"pa_cilt-set","8":"pa_tur-kitap","9":"pa_yayinevi-beyaz-balina-yayinlari","10":"pa_yazar-john-flanagan","12":"first","13":"instock","14":"sale","15":"shipping-taxable","16":"purchasable","17":"product-type-simple"},"_links":{"self":[{"href":"https:\/\/roveyayinevi.com.tr\/index.php\/wp-json\/wp\/v2\/product\/712125","targetHints":{"allow":["GET"]}}],"collection":[{"href":"https:\/\/roveyayinevi.com.tr\/index.php\/wp-json\/wp\/v2\/product"}],"about":[{"href":"https:\/\/roveyayinevi.com.tr\/index.php\/wp-json\/wp\/v2\/types\/product"}],"wp:attachment":[{"href":"https:\/\/roveyayinevi.com.tr\/index.php\/wp-json\/wp\/v2\/media?parent=712125"}],"wp:term":[{"taxonomy":"product_brand","embeddable":true,"href":"https:\/\/roveyayinevi.com.tr\/index.php\/wp-json\/wp\/v2\/product_brand?post=712125"},{"taxonomy":"product_cat","embeddable":true,"href":"https:\/\/roveyayinevi.com.tr\/index.php\/wp-json\/wp\/v2\/product_cat?post=712125"},{"taxonomy":"product_tag","embeddable":true,"href":"https:\/\/roveyayinevi.com.tr\/index.php\/wp-json\/wp\/v2\/product_tag?post=712125"}],"curies":[{"name":"wp","href":"https:\/\/api.w.org\/{rel}","templated":true}]}}