{"id":712123,"date":"2025-08-27T16:52:34","date_gmt":"2025-08-27T13:52:34","guid":{"rendered":"https:\/\/roveyayinevi.com.tr\/index.php\/urun\/babilin-kadinlari-mezopotamyada-toplumsal-cinsiyet-ve-temsil\/"},"modified":"2026-04-16T02:20:39","modified_gmt":"2026-04-15T23:20:39","slug":"babilin-kadinlari-mezopotamyada-toplumsal-cinsiyet-ve-temsil","status":"publish","type":"product","link":"https:\/\/roveyayinevi.com.tr\/index.php\/urun\/babilin-kadinlari-mezopotamyada-toplumsal-cinsiyet-ve-temsil\/","title":{"rendered":"Babil&#8217;in Kad\u0131nlar\u0131: Mezopotamya&#8217;da Toplumsal Cinsiyet ve Temsil"},"content":{"rendered":"<p>Babil&#8217;in Kad\u0131nlar\u0131 Antik Mezopotamya&#8217;daki h\u00e2kim kad\u0131nl\u0131k mefhumunu inceleyen hem tarihsel hem de sanat tarihsel bir \u00e7al\u0131\u015fmad\u0131r ve bu topluma \u00f6zg\u00fc, Bat\u0131l\u0131 kurucu s\u00f6ylem taraf\u0131ndan in\u015fa edilmi\u015f kad\u0131nl\u0131k kavram\u0131na ele\u015ftirel bir yakla\u015f\u0131m getirmektedir. Zainab Bahrani bu k\u00fclt\u00fcr\u00fcn cinselli\u011fi ve toplumsal cinsiyet rollerini temsil \u00fczerinden nas\u0131l d\u00fc\u015f\u00fcnd\u00fc\u011f\u00fcn\u00fc \u00e7\u00f6z\u00fcmlerken, benzer bir\u00e7ok \u00e7al\u0131\u015fman\u0131n ba\u011f\u0131ml\u0131 oldu\u011fu eril iktidar\/di\u015fi tabiiyet gibi basit ikilikleri de sorunsalla\u015ft\u0131r\u0131yor. Bu sayede, mevcut tan\u0131mlar\u0131n kad\u0131nlar\u0131n ya\u015fanm\u0131\u015f deneyimleriyle asl\u0131nda \u00f6rt\u00fc\u015fmedi\u011fini, kad\u0131n\u0131 eril \u00f6znelli\u011fin nesnesi olarak konumland\u0131rd\u0131\u011f\u0131n\u0131 g\u00f6stermi\u015f oluyor. &#8220;Babil\u2019in Kad\u0131nlar\u0131 toplumsal cinsiyet, g\u00f6stergebilim, yap\u0131bozum, psikanaliz ve tarihsel ele\u015ftiri ba\u011flam\u0131ndaki \u00e7a\u011fda\u015f ele\u015ftirel teorilerde zemin bulan kad\u0131nl\u0131k temsilleri hakk\u0131ndaki bir \u00e7al\u0131\u015fmad\u0131r ve bu alanlar, bir b\u00fct\u00fcn olarak, sadece bu ge\u00e7mi\u015f k\u00fclt\u00fcr\u00fcn ara\u015ft\u0131r\u0131lmas\u0131n\u0131 beslemekle kalmay\u0131p ayn\u0131 zamanda kendi pay\u0131m\u0131za ge\u00e7mi\u015fi nas\u0131l adland\u0131rd\u0131\u011f\u0131m\u0131zla y\u00fczle\u015fen metodolojik bir a\u011f olu\u015fturur.&#8221; <\/p>\n","protected":false},"excerpt":{"rendered":"<p>Babil&#8217;in Kad\u0131nlar\u0131 Antik Mezopotamya&#8217;daki h\u00e2kim kad\u0131nl\u0131k mefhumunu inceleyen hem tarihsel hem de sanat tarihsel bir \u00e7al\u0131\u015fmad\u0131r ve bu topluma \u00f6zg\u00fc, Bat\u0131l\u0131 kurucu s\u00f6ylem taraf\u0131ndan in\u015fa edilmi\u015f<span class=\"excerpt-hellip\"> [\u2026]<\/span><\/p>\n","protected":false},"featured_media":0,"template":"","meta":{"_monsterinsights_skip_tracking":false,"_monsterinsights_sitenote_active":false,"_monsterinsights_sitenote_note":"","_monsterinsights_sitenote_category":0},"product_brand":[],"product_cat":[12305,12304],"product_tag":[],"class_list":{"0":"post-712123","1":"product","2":"type-product","3":"status-publish","5":"product_cat-dunya-tarihi","6":"product_cat-tarih","7":"pa_cilt-ciltsiz","8":"pa_tur-kitap","9":"pa_yayinevi-kolektif-kitap","10":"pa_yazar-zainab-bahrani","12":"first","13":"instock","14":"sale","15":"shipping-taxable","16":"purchasable","17":"product-type-simple"},"_links":{"self":[{"href":"https:\/\/roveyayinevi.com.tr\/index.php\/wp-json\/wp\/v2\/product\/712123","targetHints":{"allow":["GET"]}}],"collection":[{"href":"https:\/\/roveyayinevi.com.tr\/index.php\/wp-json\/wp\/v2\/product"}],"about":[{"href":"https:\/\/roveyayinevi.com.tr\/index.php\/wp-json\/wp\/v2\/types\/product"}],"wp:attachment":[{"href":"https:\/\/roveyayinevi.com.tr\/index.php\/wp-json\/wp\/v2\/media?parent=712123"}],"wp:term":[{"taxonomy":"product_brand","embeddable":true,"href":"https:\/\/roveyayinevi.com.tr\/index.php\/wp-json\/wp\/v2\/product_brand?post=712123"},{"taxonomy":"product_cat","embeddable":true,"href":"https:\/\/roveyayinevi.com.tr\/index.php\/wp-json\/wp\/v2\/product_cat?post=712123"},{"taxonomy":"product_tag","embeddable":true,"href":"https:\/\/roveyayinevi.com.tr\/index.php\/wp-json\/wp\/v2\/product_tag?post=712123"}],"curies":[{"name":"wp","href":"https:\/\/api.w.org\/{rel}","templated":true}]}}