{"id":712119,"date":"2025-08-27T16:52:32","date_gmt":"2025-08-27T13:52:32","guid":{"rendered":"https:\/\/roveyayinevi.com.tr\/index.php\/urun\/tanzimat-ve-bulgar-meselesi\/"},"modified":"2026-04-16T02:20:39","modified_gmt":"2026-04-15T23:20:39","slug":"tanzimat-ve-bulgar-meselesi","status":"publish","type":"product","link":"https:\/\/roveyayinevi.com.tr\/index.php\/urun\/tanzimat-ve-bulgar-meselesi\/","title":{"rendered":"Tanzimat Ve Bulgar Meselesi"},"content":{"rendered":"<p>\u201cHalil \u0130nalc\u0131k\u2019\u0131n doktora tezi olan ve daha 26 ya\u015f\u0131ndayken tamamlad\u0131\u011f\u0131 \u2018Tanzimat ve Bulgar Meselesi\u2019, h\u00e2l\u00e2 hem i\u00e7erik hem de y\u00f6ntem olarak alan\u0131nda \u00f6nc\u00fcl\u00fc\u011f\u00fcn\u00fc koruyor. Tanzimat\u2019\u0131n ilan\u0131ndan sonra Bulgaristan b\u00f6lgesinde \u00e7\u0131kan ayaklanmalar\u0131, \u00e7\u00f6z\u00fcmlenemeyen toprak meselelerine ve k\u00f6yl\u00fclerin s\u0131k\u0131nt\u0131s\u0131na ba\u011flayan; \u00e7ift tarafl\u0131 ar\u015fiv ve kaynak ara\u015ft\u0131rmalar\u0131na dayanan bir tezdir. T\u00fcrk tarih\u00e7ili\u011finin Balkan \u00fclkeleri aras\u0131nda objektif ve bilimsel tahlil kapasitesine \u00f6nc\u00fc olarak oturdu\u011funu g\u00f6steren bir ara\u015ft\u0131rmad\u0131r. Gen\u00e7 tarih\u00e7inin sosyal bilimlerde ula\u015ft\u0131\u011f\u0131 d\u00fc\u015f\u00fcnce ve analiz kapasitesini g\u00f6sterir. Halil Hocan\u0131n \u2018Tanzimat ve Bulgar Meselesi\u2019 aranan, kay\u0131p bir muhalled eserdi. Bir \u00f6nc\u00fc kitapt\u0131. Kronik Kitap bu eseri bir an\u0131 bask\u0131s\u0131 olarak okuyucular\u0131na sunuyor.\u201d \u0130lber Ortayl\u0131 <\/p>\n","protected":false},"excerpt":{"rendered":"<p>\u201cHalil \u0130nalc\u0131k\u2019\u0131n doktora tezi olan ve daha 26 ya\u015f\u0131ndayken tamamlad\u0131\u011f\u0131 \u2018Tanzimat ve Bulgar Meselesi\u2019, h\u00e2l\u00e2 hem i\u00e7erik hem de y\u00f6ntem olarak alan\u0131nda \u00f6nc\u00fcl\u00fc\u011f\u00fcn\u00fc koruyor. Tanzimat\u2019\u0131n ilan\u0131ndan<span class=\"excerpt-hellip\"> [\u2026]<\/span><\/p>\n","protected":false},"featured_media":0,"template":"","meta":{"_monsterinsights_skip_tracking":false,"_monsterinsights_sitenote_active":false,"_monsterinsights_sitenote_note":"","_monsterinsights_sitenote_category":0},"product_brand":[],"product_cat":[13517,12304],"product_tag":[],"class_list":{"0":"post-712119","1":"product","2":"type-product","3":"status-publish","5":"product_cat-osmanli-tarihi","6":"product_cat-tarih","7":"pa_cilt-ciltsiz","8":"pa_tur-kitap","9":"pa_yayinevi-kronik-kitap","10":"pa_yazar-halil-inalcik","12":"first","13":"instock","14":"sale","15":"shipping-taxable","16":"purchasable","17":"product-type-simple"},"_links":{"self":[{"href":"https:\/\/roveyayinevi.com.tr\/index.php\/wp-json\/wp\/v2\/product\/712119","targetHints":{"allow":["GET"]}}],"collection":[{"href":"https:\/\/roveyayinevi.com.tr\/index.php\/wp-json\/wp\/v2\/product"}],"about":[{"href":"https:\/\/roveyayinevi.com.tr\/index.php\/wp-json\/wp\/v2\/types\/product"}],"wp:attachment":[{"href":"https:\/\/roveyayinevi.com.tr\/index.php\/wp-json\/wp\/v2\/media?parent=712119"}],"wp:term":[{"taxonomy":"product_brand","embeddable":true,"href":"https:\/\/roveyayinevi.com.tr\/index.php\/wp-json\/wp\/v2\/product_brand?post=712119"},{"taxonomy":"product_cat","embeddable":true,"href":"https:\/\/roveyayinevi.com.tr\/index.php\/wp-json\/wp\/v2\/product_cat?post=712119"},{"taxonomy":"product_tag","embeddable":true,"href":"https:\/\/roveyayinevi.com.tr\/index.php\/wp-json\/wp\/v2\/product_tag?post=712119"}],"curies":[{"name":"wp","href":"https:\/\/api.w.org\/{rel}","templated":true}]}}