{"id":712118,"date":"2025-08-27T16:52:31","date_gmt":"2025-08-27T13:52:31","guid":{"rendered":"https:\/\/roveyayinevi.com.tr\/index.php\/urun\/mogollarin-gizli-tarihcesi\/"},"modified":"2026-04-16T02:20:39","modified_gmt":"2026-04-15T23:20:39","slug":"mogollarin-gizli-tarihcesi","status":"publish","type":"product","link":"https:\/\/roveyayinevi.com.tr\/index.php\/urun\/mogollarin-gizli-tarihcesi\/","title":{"rendered":"Mo\u011follar\u0131n Gizli Tarih\u00e7esi"},"content":{"rendered":"<p>13. y\u00fczy\u0131l, d\u00fcnya tarihinin belki de en g\u00f6rkemli devletinin ve ordusunun sahneye \u00e7\u0131kt\u0131\u011f\u0131 bir zaman\u0131 ku\u015fat\u0131r. Do\u011fu Asya\u2019n\u0131n uzak k\u0131y\u0131lar\u0131nda g\u00f6\u00e7ebe bir toplum olarak do\u011fmu\u015fken, \u00e7ok k\u0131sa denilecek zamanda co\u011frafyalar\u0131 birbirine katan, ordusuyla ezip ge\u00e7medik arazi b\u0131rakmayan bu devlet Mo\u011fol \u0130mparatorlu\u011fu\u2019dur. Tarih boyunca hemen her devletin ve ordunun muhakkak bir unutulmaz ismi, yani efsanesi olmu\u015ftur. Mo\u011follar\u0131n efsanesi ise d\u00fcnya asker\u00ee ve sava\u015f tarihine damga vurmu\u015f, h\u00e2l\u00e2 \u015fahsiyeti ve icraatlar\u0131 tam manas\u0131yla \u00e7\u00f6z\u00fclememi\u015f olan Cengiz Ka\u011fan\u2019d\u0131r.G\u00fcn\u00fcm\u00fczde Mo\u011follar\u0131n ve Cengiz Ka\u011fan\u2019\u0131n tarih sahnesindeki faaliyetlerine dair ne kadar ara\u015ft\u0131rma yap\u0131l\u0131rsa yap\u0131ls\u0131n, gerek tarih\u00e7iler nezdinde gerekse okuyucu taraf\u0131nda say\u0131s\u0131z soru i\u015fareti varl\u0131\u011f\u0131n\u0131 devam ettiriyor. Hangi kayna\u011f\u0131n ne do\u011frultuda okunaca\u011f\u0131 bilinemiyor. Ancak XIII-XIV. y\u00fczy\u0131l Mo\u011fol tarihi hakk\u0131nda bilgi veren Arap\u00e7a, Fars\u00e7a, \u00c7ince, Latince ve di\u011fer kaynaklar aras\u0131ndan s\u0131yr\u0131lm\u0131\u015f bir kaynak var ki hem Mo\u011follar\u0131 hem de Cengiz Ka\u011fan\u2019\u0131 en yak\u0131ndan tan\u0131mam\u0131z\u0131 sa\u011fl\u0131yor. Bu kaynak, Mo\u011follar\u0131n kendi tarihlerini yine kendilerinin anlatt\u0131\u011f\u0131 \u201cMong\u03b3ol-un ni\u03b3u\u010da tob\u010diyan\u201d (Mo\u011follar\u0131n Gizli Tarih\u00e7esi) olarak bilinen eserdir. Mo\u011follar\u0131n Gizli Tarih\u00e7esi, pek \u00e7ok dile \u00e7evrilmesine ra\u011fmen s\u0131rlar\u0131 ve gizemleri ke\u015ffetmekle bitmiyor. T\u00fcrkiye\u2019nin nadir Mo\u011folca uzmanlar\u0131ndan Mehmet Levent Kaya bu kitapta yapt\u0131\u011f\u0131 terc\u00fcmesiyle hem kelime k\u00f6kenleri hem de Mo\u011fol co\u011frafyas\u0131 \u00fczerinde gezinerek, okuyucuyu o b\u00fcy\u00fcl\u00fc topraklara g\u00f6t\u00fcr\u00fcyor. Mo\u011fol dili, k\u00fclt\u00fcr\u00fc ve gelenekleri e\u015fli\u011finde Cengiz Ka\u011fan\u2019\u0131n ad\u0131na var\u0131ncaya kadar bir\u00e7ok soru, cevab\u0131n\u0131 buluyor.Asya Tarihi dizimize hem geni\u015fleterek hem de yeniden g\u00f6zden ge\u00e7irerek ekledi\u011fimiz Mo\u011follar\u0131n Gizli Tarih\u00e7esi; bir\u00e7ok kap\u0131y\u0131 a\u00e7\u0131yor, yol g\u00f6steriyor\u2026 <\/p>\n","protected":false},"excerpt":{"rendered":"<p>13. y\u00fczy\u0131l, d\u00fcnya tarihinin belki de en g\u00f6rkemli devletinin ve ordusunun sahneye \u00e7\u0131kt\u0131\u011f\u0131 bir zaman\u0131 ku\u015fat\u0131r. Do\u011fu Asya\u2019n\u0131n uzak k\u0131y\u0131lar\u0131nda g\u00f6\u00e7ebe bir toplum olarak do\u011fmu\u015fken, \u00e7ok<span class=\"excerpt-hellip\"> [\u2026]<\/span><\/p>\n","protected":false},"featured_media":0,"template":"","meta":{"_monsterinsights_skip_tracking":false,"_monsterinsights_sitenote_active":false,"_monsterinsights_sitenote_note":"","_monsterinsights_sitenote_category":0},"product_brand":[],"product_cat":[12304,13650],"product_tag":[],"class_list":{"0":"post-712118","1":"product","2":"type-product","3":"status-publish","5":"product_cat-tarih","6":"product_cat-turk-tarihi-arastirmalari","7":"pa_cilt-ciltsiz","8":"pa_tur-kitap","9":"pa_yayinevi-kronik-kitap","10":"pa_yazar-mehmet-levent-kaya","12":"first","13":"instock","14":"sale","15":"shipping-taxable","16":"purchasable","17":"product-type-simple"},"_links":{"self":[{"href":"https:\/\/roveyayinevi.com.tr\/index.php\/wp-json\/wp\/v2\/product\/712118","targetHints":{"allow":["GET"]}}],"collection":[{"href":"https:\/\/roveyayinevi.com.tr\/index.php\/wp-json\/wp\/v2\/product"}],"about":[{"href":"https:\/\/roveyayinevi.com.tr\/index.php\/wp-json\/wp\/v2\/types\/product"}],"wp:attachment":[{"href":"https:\/\/roveyayinevi.com.tr\/index.php\/wp-json\/wp\/v2\/media?parent=712118"}],"wp:term":[{"taxonomy":"product_brand","embeddable":true,"href":"https:\/\/roveyayinevi.com.tr\/index.php\/wp-json\/wp\/v2\/product_brand?post=712118"},{"taxonomy":"product_cat","embeddable":true,"href":"https:\/\/roveyayinevi.com.tr\/index.php\/wp-json\/wp\/v2\/product_cat?post=712118"},{"taxonomy":"product_tag","embeddable":true,"href":"https:\/\/roveyayinevi.com.tr\/index.php\/wp-json\/wp\/v2\/product_tag?post=712118"}],"curies":[{"name":"wp","href":"https:\/\/api.w.org\/{rel}","templated":true}]}}