{"id":712117,"date":"2025-08-27T16:52:31","date_gmt":"2025-08-27T13:52:31","guid":{"rendered":"https:\/\/roveyayinevi.com.tr\/index.php\/urun\/halil-kut-pasa-kutul-amarenin-muzaffer-komutani\/"},"modified":"2026-04-16T02:20:39","modified_gmt":"2026-04-15T23:20:39","slug":"halil-kut-pasa-kutul-amarenin-muzaffer-komutani","status":"publish","type":"product","link":"https:\/\/roveyayinevi.com.tr\/index.php\/urun\/halil-kut-pasa-kutul-amarenin-muzaffer-komutani\/","title":{"rendered":"Halil Kut Pa\u015fa &#8211; Kut\u2019\u00fcl Amare&#8217;nin Muzaffer Komutan\u0131"},"content":{"rendered":"<p>Yak\u0131n tarihin en \u00f6nemli sayfalar\u0131: Kut zaferi ve Halil Pa\u015fa&#8217;n\u0131n hayat\u0131&#8230;&#8221;Ordumuz, gerek Kut kar\u015f\u0131s\u0131nda ve gerekse Kut\u2019u kurtarmaya gelen ordular kar\u015f\u0131s\u0131nda 350 subay ve 10.000 neferini \u015fehid vermi\u015ftir. Buna kar\u015f\u0131l\u0131k Kut\u2019ta, 5 General, 481 subay ve 13.300 er teslim al\u0131yorum. Bu teslim ald\u0131\u011f\u0131m\u0131z orduyu kurtarmaya gelen \u0130ngiliz kuvvetleri de 30.000 zayiat vererek geri d\u00f6nm\u00fc\u015flerdir. \u015eu hale bak\u0131nca, d\u00fcnyay\u0131 hayretlere d\u00fc\u015f\u00fcrecek iki b\u00fcy\u00fck fark g\u00f6r\u00fcl\u00fcr. Tarih, bu olay\u0131 yazmak i\u00e7in kelime bulmakta zorluk \u00e7ekecektir.&#8221;- 6. Ordu Komutan\u0131 Tu\u011fgeneral HalilHalil Kut Pa\u015fa&#8217;n\u0131n siyasi ve askeri hayat\u0131 1905 y\u0131l\u0131nda, &#8220;ate\u015f hatt\u0131n\u0131n ortas\u0131nda&#8221; ba\u015flam\u0131\u015ft\u0131r. Bir yandan T\u00fcrk topraklar\u0131n\u0131n ak\u0131beti masaya yat\u0131r\u0131lm\u0131\u015fken di\u011fer yandan bir\u00e7ok yak\u0131n co\u011frafyan\u0131n da haritalar\u0131 de\u011fi\u015fmektedir. Halil Pa\u015fa son derece yo\u011fun ge\u00e7en \u00f6mr\u00fcnde, 1922 y\u0131l\u0131na dek asker, komutan, komitac\u0131, yar\u0131 resm\u00ee diplomat, te\u015fkilat\u00e7\u0131, ihtil\u00e2lci gibi unvanlarla \u00e7al\u0131\u015fm\u0131\u015f, vatansever karakterinden kesinlikle taviz vermemi\u015ftir.Halil Pa\u015fa; \u0130ngiliz tarihinde bir &#8220;skandal&#8221; olarak kabul edilen, T\u00fcrk tarihinin ise en unutulmaz sayfalar\u0131n\u0131 dolduran ve fakat bir t\u00fcrl\u00fc gereken \u00f6nemi g\u00f6rememi\u015f Britanya \u0130mparatorlu\u011fu\u2019nun ya\u015fad\u0131\u011f\u0131 en b\u00fcy\u00fck hezimet olan K\u00fbt\u00fc&#8217;l Am\u00e2re Zaferi&#8217;nin esas kahraman\u0131d\u0131r. Gerek siyas\u00ee gerekse asker\u00ee icraatlar\u0131yla yak\u0131n T\u00fcrk tarihinin m\u00fcmtaz bir \u015fahsiyetidir. T\u00fcrk bayra\u011f\u0131n\u0131n daima dalgalanmas\u0131 i\u00e7in &#8220;feda\u00ee&#8221; ve &#8220;at\u0131lgan&#8221; mizac\u0131n\u0131 asla saklamam\u0131\u015f, vatan\u0131 i\u00e7in \u00f6mr\u00fcn\u00fcn sonuna dek can\u0131n\u0131 di\u015fine takm\u0131\u015ft\u0131r.Dr. Mehmet Emin Din\u00e7&#8217;in kaleme ald\u0131\u011f\u0131 Halil Kut Pa\u015fa biyografisi, Halil Pa\u015fa ve Kut\u00fc\u2019l Amare Zaferi konusundaki ilk \u00e7al\u0131\u015fmalardan olma \u00f6zelli\u011fine sahiptir. Kitab\u0131n sayfalar\u0131 Halil Pa\u015fa&#8217;n\u0131n Trablusgarp ve Balkan Sava\u015flar\u0131ndaki faaliyetleriyle ba\u015flar, 1. D\u00fcnya Sava\u015f\u0131\u2019n\u0131n maceral\u0131 y\u0131llar\u0131yla devam eder, Halil Pa\u015fa&#8217;n\u0131n m\u00fctareke ve Mill\u00ee M\u00fccadele d\u00f6nemlerindeki faaliyetleriyle son bulur.Halil Pa\u015fa&#8217;n\u0131n cepheden cepheye ge\u00e7en f\u0131rt\u0131nal\u0131 hayat\u0131n\u0131n izlerini s\u00fcren kitap, yak\u0131n tarihimizin en \u00f6nemli \u015fahsiyetlerinden birinin bilinmeyen \u00f6yk\u00fcs\u00fcn\u00fc anlat\u0131yor&#8230; <\/p>\n","protected":false},"excerpt":{"rendered":"<p>Yak\u0131n tarihin en \u00f6nemli sayfalar\u0131: Kut zaferi ve Halil Pa\u015fa&#8217;n\u0131n hayat\u0131&#8230;&#8221;Ordumuz, gerek Kut kar\u015f\u0131s\u0131nda ve gerekse Kut\u2019u kurtarmaya gelen ordular kar\u015f\u0131s\u0131nda 350 subay ve 10.000 neferini<span class=\"excerpt-hellip\"> [\u2026]<\/span><\/p>\n","protected":false},"featured_media":0,"template":"","meta":{"_monsterinsights_skip_tracking":false,"_monsterinsights_sitenote_active":false,"_monsterinsights_sitenote_note":"","_monsterinsights_sitenote_category":0},"product_brand":[],"product_cat":[13946,12304],"product_tag":[],"class_list":{"0":"post-712117","1":"product","2":"type-product","3":"status-publish","5":"product_cat-biyografi-otobiyografi","6":"product_cat-tarih","7":"pa_cilt-ciltsiz","8":"pa_tur-kitap","9":"pa_yayinevi-kronik-kitap","10":"pa_yazar-mehmet-emin-dinc","12":"first","13":"instock","14":"sale","15":"shipping-taxable","16":"purchasable","17":"product-type-simple"},"_links":{"self":[{"href":"https:\/\/roveyayinevi.com.tr\/index.php\/wp-json\/wp\/v2\/product\/712117","targetHints":{"allow":["GET"]}}],"collection":[{"href":"https:\/\/roveyayinevi.com.tr\/index.php\/wp-json\/wp\/v2\/product"}],"about":[{"href":"https:\/\/roveyayinevi.com.tr\/index.php\/wp-json\/wp\/v2\/types\/product"}],"wp:attachment":[{"href":"https:\/\/roveyayinevi.com.tr\/index.php\/wp-json\/wp\/v2\/media?parent=712117"}],"wp:term":[{"taxonomy":"product_brand","embeddable":true,"href":"https:\/\/roveyayinevi.com.tr\/index.php\/wp-json\/wp\/v2\/product_brand?post=712117"},{"taxonomy":"product_cat","embeddable":true,"href":"https:\/\/roveyayinevi.com.tr\/index.php\/wp-json\/wp\/v2\/product_cat?post=712117"},{"taxonomy":"product_tag","embeddable":true,"href":"https:\/\/roveyayinevi.com.tr\/index.php\/wp-json\/wp\/v2\/product_tag?post=712117"}],"curies":[{"name":"wp","href":"https:\/\/api.w.org\/{rel}","templated":true}]}}