{"id":712114,"date":"2025-08-27T16:52:30","date_gmt":"2025-08-27T13:52:30","guid":{"rendered":"https:\/\/roveyayinevi.com.tr\/index.php\/urun\/ugur-mumcu-kemalizm-ve-sosyalizm\/"},"modified":"2025-12-30T10:11:54","modified_gmt":"2025-12-30T07:11:54","slug":"ugur-mumcu-kemalizm-ve-sosyalizm","status":"publish","type":"product","link":"https:\/\/roveyayinevi.com.tr\/index.php\/urun\/ugur-mumcu-kemalizm-ve-sosyalizm\/","title":{"rendered":"U\u011fur Mumcu Kemalizm ve Sosyalizm"},"content":{"rendered":"<p>A\u00e7\u0131klama: &#8220;Tan\u0131yor ve biliyorum ki: Bu kitab\u0131n yazar\u0131 Taylan \u00d6zbay; \u00fclkedeki ayr\u0131ms\u0131z t\u00fcm yurtta\u015flar\u0131n \u00f6zg\u00fcr ve erin\u00e7 i\u00e7inde ya\u015famas\u0131 \u00fclk\u00fcs\u00fcn\u00fc \u00f6ng\u00f6ren; insan\u0131na ba\u015f\u0131 dik, aln\u0131 ak ya\u015famay\u0131 \u00f6\u011f\u00fctleyen, uygarl\u0131k s\u0131\u00e7ramalar\u0131n\u0131 hem i\u00e7eren, hem de alg\u0131layan; bu topraklarda ya\u015fayanlar\u0131 yoksul, \u00e7aresiz ve s\u00f6m\u00fcr\u00fcye ba\u011f\u0131ml\u0131 k\u0131lan her t\u00fcrl\u00fc giri\u015fime kar\u015f\u0131 y\u00fcr\u00fctt\u00fc\u011f\u00fc \u00e7abas\u0131nda her zaman hakl\u0131 \u00e7\u0131km\u0131\u015f; toplumun daha kay\u0131ts\u0131z, ko\u015fulsuz bir karde\u015flik y\u00f6netimine kavu\u015fmas\u0131n\u0131 ilke saym\u0131\u015f d\u00fcr\u00fcst bir gelene\u011fin gen\u00e7, yetkin ve birikimli ard\u0131llar\u0131ndan biridir. Taylan \u00d6zbay, okumadan yazanlar\u0131n, g\u00fcncel f\u0131rsat\u00e7\u0131l\u0131kla d\u00fc\u015f\u00fcn dilencili\u011fi yapanlar\u0131n, yolsuz, y\u00f6ntemsiz ucuzlu\u011fa ka\u00e7anlar\u0131n \u00e7o\u011fald\u0131\u011f\u0131 bir evrede; ara\u015ft\u0131rarak, \u00f6\u011frenerek, deyim yerindeyse i\u011fne ile kuyu kazarak d\u00fc\u015f\u00fcncesini ka\u011f\u0131da d\u00f6kenlerdendir. Taylan \u00d6zbay, bu kez, pe\u015finden y\u00fcr\u00fcd\u00fc\u011f\u00fc \u00e7izginin en sayg\u0131n adlar\u0131ndan biri olan U\u011fur Mumcu\u2019nun u\u011fruna \u00f6mr\u00fcn\u00fc verdi\u011fi d\u00fc\u015f\u00fcn d\u00fcnyas\u0131na giriyor ve onun \u201csorumluluk\u201d, \u201cayd\u0131nlatma\u201d ve \u201cba\u011f\u0131ms\u0131zl\u0131k\u201dla \u00f6r\u00fcl\u00fc \u00f6\u011fretisini \u00e7\u00f6z\u00fcml\u00fcyor. Kemalist d\u00fc\u015f\u00fcncenin; emek\u00e7i s\u0131n\u0131f ve tabakalar\u0131 \u00f6zg\u00fcrle\u015ftirmeyi ilke edinen toplumculuk ile ayn\u0131 potada eriyip nas\u0131l bir kor halinde insan bilincinde \u0131\u015f\u0131kland\u0131\u011f\u0131n\u0131 yal\u0131n, ama \u00f6zenli bir ara\u015ft\u0131rma ile \u201cMumcu\u2019nun \u00f6l\u00fcm\u00fcn\u00fcn ard\u0131ndan ge\u00e7en yirmi d\u00f6rt y\u0131lda yeti\u015fmi\u015f ku\u015faklar\u201da anlat\u0131yor. \u00c7ok da iyi anlat\u0131yor.&#8221; I\u015f\u0131k Kansu <\/p>\n","protected":false},"excerpt":{"rendered":"<p>A\u00e7\u0131klama: &#8220;Tan\u0131yor ve biliyorum ki: Bu kitab\u0131n yazar\u0131 Taylan \u00d6zbay; \u00fclkedeki ayr\u0131ms\u0131z t\u00fcm yurtta\u015flar\u0131n \u00f6zg\u00fcr ve erin\u00e7 i\u00e7inde ya\u015famas\u0131 \u00fclk\u00fcs\u00fcn\u00fc \u00f6ng\u00f6ren; insan\u0131na ba\u015f\u0131 dik, aln\u0131 ak<span class=\"excerpt-hellip\"> [\u2026]<\/span><\/p>\n","protected":false},"featured_media":0,"template":"","meta":{"_monsterinsights_skip_tracking":false,"_monsterinsights_sitenote_active":false,"_monsterinsights_sitenote_note":"","_monsterinsights_sitenote_category":0},"product_brand":[],"product_cat":[13059,12337],"product_tag":[],"class_list":{"0":"post-712114","1":"product","2":"type-product","3":"status-publish","5":"product_cat-diger-politika-siyaset","6":"product_cat-politika-siyaset","7":"pa_cilt-ciltsiz","8":"pa_tur-kitap","9":"pa_yayinevi-telgrafhane-yayinlari","10":"pa_yazar-taylan-ozbay","12":"first","13":"instock","14":"sale","15":"shipping-taxable","16":"purchasable","17":"product-type-simple"},"_links":{"self":[{"href":"https:\/\/roveyayinevi.com.tr\/index.php\/wp-json\/wp\/v2\/product\/712114","targetHints":{"allow":["GET"]}}],"collection":[{"href":"https:\/\/roveyayinevi.com.tr\/index.php\/wp-json\/wp\/v2\/product"}],"about":[{"href":"https:\/\/roveyayinevi.com.tr\/index.php\/wp-json\/wp\/v2\/types\/product"}],"wp:attachment":[{"href":"https:\/\/roveyayinevi.com.tr\/index.php\/wp-json\/wp\/v2\/media?parent=712114"}],"wp:term":[{"taxonomy":"product_brand","embeddable":true,"href":"https:\/\/roveyayinevi.com.tr\/index.php\/wp-json\/wp\/v2\/product_brand?post=712114"},{"taxonomy":"product_cat","embeddable":true,"href":"https:\/\/roveyayinevi.com.tr\/index.php\/wp-json\/wp\/v2\/product_cat?post=712114"},{"taxonomy":"product_tag","embeddable":true,"href":"https:\/\/roveyayinevi.com.tr\/index.php\/wp-json\/wp\/v2\/product_tag?post=712114"}],"curies":[{"name":"wp","href":"https:\/\/api.w.org\/{rel}","templated":true}]}}