{"id":712113,"date":"2025-08-27T16:52:29","date_gmt":"2025-08-27T13:52:29","guid":{"rendered":"https:\/\/roveyayinevi.com.tr\/index.php\/urun\/uyu-yorum-nokta-i-kemal\/"},"modified":"2026-04-16T02:20:39","modified_gmt":"2026-04-15T23:20:39","slug":"uyu-yorum-nokta-i-kemal","status":"publish","type":"product","link":"https:\/\/roveyayinevi.com.tr\/index.php\/urun\/uyu-yorum-nokta-i-kemal\/","title":{"rendered":"Uyu Yorum Nokta-i Kemal"},"content":{"rendered":"<p>R\u00fcya;Senin sonsuzluk yolculu\u011fununTekam\u00fcl&#8217;e giden yolundaki,\u0130\u015faretlerdir,Ayetlerdir,Harflerdir,\u0130simlerdir,Haritalard\u0131r,El Feneridir&#8230;&#8221;Oku&#8221; diyen Rabb,Ger\u00e7ekle\u015fecek Ol&#8217;an mucizeleri,S\u0131rl\u0131 r\u00fcya odalar\u0131na saklam\u0131\u015ft\u0131r&#8230;Senin de o r\u00fcyay\u0131 okuyabilmen,O&#8217;na eri\u015febilmen,O&#8217;nda yok olabilmen,Ancak senin o sakl\u0131 hazineyi ge\u00e7er&#8230;Unutma!Alim bilir&#8230;Arif Bulur&#8230;Sen Bulanlardan Ol!Hadi o zaman&#8230;Ba\u015fla okumaya&#8230;A\u015fk&#8217;la okumaya.. <\/p>\n","protected":false},"excerpt":{"rendered":"<p>R\u00fcya;Senin sonsuzluk yolculu\u011fununTekam\u00fcl&#8217;e giden yolundaki,\u0130\u015faretlerdir,Ayetlerdir,Harflerdir,\u0130simlerdir,Haritalard\u0131r,El Feneridir&#8230;&#8221;Oku&#8221; diyen Rabb,Ger\u00e7ekle\u015fecek Ol&#8217;an mucizeleri,S\u0131rl\u0131 r\u00fcya odalar\u0131na saklam\u0131\u015ft\u0131r&#8230;Senin de o r\u00fcyay\u0131 okuyabilmen,O&#8217;na eri\u015febilmen,O&#8217;nda yok olabilmen,Ancak senin o sakl\u0131 hazineyi ge\u00e7er&#8230;Unutma!Alim bilir&#8230;Arif<span class=\"excerpt-hellip\"> [\u2026]<\/span><\/p>\n","protected":false},"featured_media":0,"template":"","meta":{"_monsterinsights_skip_tracking":false,"_monsterinsights_sitenote_active":false,"_monsterinsights_sitenote_note":"","_monsterinsights_sitenote_category":0},"product_brand":[],"product_cat":[12364,16154],"product_tag":[],"class_list":{"0":"post-712113","1":"product","2":"type-product","3":"status-publish","5":"product_cat-genel-konular","6":"product_cat-parapsikoloji","7":"pa_cilt-ciltsiz","8":"pa_tur-kitap","9":"pa_yayinevi-cinaralti-yayinlari","10":"pa_yazar-f-hulya-ozcelik","12":"first","13":"instock","14":"sale","15":"shipping-taxable","16":"purchasable","17":"product-type-simple"},"_links":{"self":[{"href":"https:\/\/roveyayinevi.com.tr\/index.php\/wp-json\/wp\/v2\/product\/712113","targetHints":{"allow":["GET"]}}],"collection":[{"href":"https:\/\/roveyayinevi.com.tr\/index.php\/wp-json\/wp\/v2\/product"}],"about":[{"href":"https:\/\/roveyayinevi.com.tr\/index.php\/wp-json\/wp\/v2\/types\/product"}],"wp:attachment":[{"href":"https:\/\/roveyayinevi.com.tr\/index.php\/wp-json\/wp\/v2\/media?parent=712113"}],"wp:term":[{"taxonomy":"product_brand","embeddable":true,"href":"https:\/\/roveyayinevi.com.tr\/index.php\/wp-json\/wp\/v2\/product_brand?post=712113"},{"taxonomy":"product_cat","embeddable":true,"href":"https:\/\/roveyayinevi.com.tr\/index.php\/wp-json\/wp\/v2\/product_cat?post=712113"},{"taxonomy":"product_tag","embeddable":true,"href":"https:\/\/roveyayinevi.com.tr\/index.php\/wp-json\/wp\/v2\/product_tag?post=712113"}],"curies":[{"name":"wp","href":"https:\/\/api.w.org\/{rel}","templated":true}]}}