{"id":712110,"date":"2025-08-27T16:52:28","date_gmt":"2025-08-27T13:52:28","guid":{"rendered":"https:\/\/roveyayinevi.com.tr\/index.php\/urun\/pandoranin-kutusu-acildi\/"},"modified":"2026-04-16T02:20:38","modified_gmt":"2026-04-15T23:20:38","slug":"pandoranin-kutusu-acildi","status":"publish","type":"product","link":"https:\/\/roveyayinevi.com.tr\/index.php\/urun\/pandoranin-kutusu-acildi\/","title":{"rendered":"Pandora&#8217;n\u0131n Kutusu A\u00e7\u0131ld\u0131"},"content":{"rendered":"<p>15 Temmuz gecesi ya\u015fanan Cumhurba\u015fkan\u0131\u2019na suikast giri\u015fimi ve sonras\u0131ndaki geli\u015fmeler ile 224 g\u00fcn s\u00fcren dava s\u00fcrecine tan\u0131kl\u0131k eden gazetecilerden bir olan Kenan G\u00fcrb\u00fcz\u2019\u00fcn bu kitab\u0131nda okuyucu hem yarg\u0131lama s\u00fcrecinin detaylar\u0131n\u0131 hem de bu s\u00fcre\u00e7te bas\u0131na yans\u0131mayan hikayeleri bulacak. \u00d6rne\u011fin;O gece Marmaris\u2019te \u00e7at\u0131\u015fma devam ederken mermisinin bitti\u011fini s\u00f6yleyip olay yerini terk etti\u011fi iddias\u0131yla hakk\u0131nda soru\u015fturma ba\u015flat\u0131lan ve telefonunda Boylock \u00e7\u0131kt\u0131\u011f\u0131 i\u00e7in meslekten ihra\u00e7 edilip 6 y\u0131l hapis cezas\u0131 alan kimdi?Cumhurba\u015fkan\u0131\u2019na suikast giri\u015fimi iddias\u0131yla m\u00fcebbet hapisle yarg\u0131lanan ve \u00e7ocu\u011funun do\u011fum g\u00fcn\u00fc foto\u011fraflar\u0131 sayesinde 224 g\u00fcn sonra beraat eden san\u0131k kimdi? Suikast timinin ba\u015f\u0131ndaki eski Tu\u011fgeneral S\u00f6nmezate\u015f,neden \u2018\u2019Darbe giri\u015fimi iyi ki ba\u015far\u0131l\u0131 olmam\u0131\u015f ve verdi\u011fi emirlerin arkas\u0131nda duramayan insanlar ba\u015fa ge\u00e7memi\u015f.\u2019\u2019 dedi. \u015eehit polisin babas\u0131,karar\u0131n a\u00e7\u0131klanmas\u0131n\u0131n ard\u0131ndan duru\u015fma salonunda kimin yakas\u0131na yap\u0131\u015ft\u0131?San\u0131k Zekeriya Kuzu,yakaland\u0131\u011f\u0131 menfezde Alay Komutan\u0131 ile neyin pazarl\u0131\u011f\u0131n\u0131 yapt\u0131?\u015eehit polisin annesi,mahkemenin karar\u0131n\u0131 kime g\u00f6t\u00fcrd\u00fc? <\/p>\n","protected":false},"excerpt":{"rendered":"<p>15 Temmuz gecesi ya\u015fanan Cumhurba\u015fkan\u0131\u2019na suikast giri\u015fimi ve sonras\u0131ndaki geli\u015fmeler ile 224 g\u00fcn s\u00fcren dava s\u00fcrecine tan\u0131kl\u0131k eden gazetecilerden bir olan Kenan G\u00fcrb\u00fcz\u2019\u00fcn bu kitab\u0131nda okuyucu<span class=\"excerpt-hellip\"> [\u2026]<\/span><\/p>\n","protected":false},"featured_media":0,"template":"","meta":{"_monsterinsights_skip_tracking":false,"_monsterinsights_sitenote_active":false,"_monsterinsights_sitenote_note":"","_monsterinsights_sitenote_category":0},"product_brand":[],"product_cat":[13590,12337],"product_tag":[],"class_list":{"0":"post-712110","1":"product","2":"type-product","3":"status-publish","5":"product_cat-arastirma-inceleme-politika-siyaset","6":"product_cat-politika-siyaset","7":"pa_cilt-ciltsiz","8":"pa_tur-kitap","9":"pa_yayinevi-cinaralti-yayinlari","10":"pa_yazar-kenan-gurbuz","12":"first","13":"instock","14":"sale","15":"shipping-taxable","16":"purchasable","17":"product-type-simple"},"_links":{"self":[{"href":"https:\/\/roveyayinevi.com.tr\/index.php\/wp-json\/wp\/v2\/product\/712110","targetHints":{"allow":["GET"]}}],"collection":[{"href":"https:\/\/roveyayinevi.com.tr\/index.php\/wp-json\/wp\/v2\/product"}],"about":[{"href":"https:\/\/roveyayinevi.com.tr\/index.php\/wp-json\/wp\/v2\/types\/product"}],"wp:attachment":[{"href":"https:\/\/roveyayinevi.com.tr\/index.php\/wp-json\/wp\/v2\/media?parent=712110"}],"wp:term":[{"taxonomy":"product_brand","embeddable":true,"href":"https:\/\/roveyayinevi.com.tr\/index.php\/wp-json\/wp\/v2\/product_brand?post=712110"},{"taxonomy":"product_cat","embeddable":true,"href":"https:\/\/roveyayinevi.com.tr\/index.php\/wp-json\/wp\/v2\/product_cat?post=712110"},{"taxonomy":"product_tag","embeddable":true,"href":"https:\/\/roveyayinevi.com.tr\/index.php\/wp-json\/wp\/v2\/product_tag?post=712110"}],"curies":[{"name":"wp","href":"https:\/\/api.w.org\/{rel}","templated":true}]}}