{"id":712108,"date":"2025-08-27T16:52:27","date_gmt":"2025-08-27T13:52:27","guid":{"rendered":"https:\/\/roveyayinevi.com.tr\/index.php\/urun\/humeyra\/"},"modified":"2026-04-16T02:20:38","modified_gmt":"2026-04-15T23:20:38","slug":"humeyra","status":"publish","type":"product","link":"https:\/\/roveyayinevi.com.tr\/index.php\/urun\/humeyra\/","title":{"rendered":"H\u00fcmeyra"},"content":{"rendered":"<p>Guzular\u0131m: Hayat s\u00fcrprizlerle doludur. Kar\u015f\u0131m\u0131za ne zaman ne \u00e7\u0131kaca\u011f\u0131 hi\u00e7 belli olmaz. Bakars\u0131n iyi \u015feyler hayat\u0131m\u0131z\u0131n merkezinde iken bir bakm\u0131\u015fs\u0131n\u0131z ters d\u00fcz olmu\u015f. Tam tersi de olas\u0131. K\u00f6t\u00fc giden ya\u015fam\u0131n ard\u0131ndan bir bakars\u0131n\u0131z her \u015fey tersine d\u00f6nm\u00fc\u015f istedi\u011finiz gibi bir hayat oluvermi\u015f. O y\u00fczden neyin iyi neyin k\u00f6t\u00fc oldu\u011funu bilmemiz pek m\u00fcmk\u00fcn olmayabilir. Kim bilir belki hayat\u0131m\u0131z\u0131n tersi d\u00fcz\u00fcnden daha iyidir! H\u00fcmeyra bir umut \u00f6yk\u00fcs\u00fc. F\u0131rt\u0131nalar koparken y\u00fcre\u011finde, dinginlik H\u00fcmeyra. S\u0131\u011f\u0131nacak liman\u0131n ad\u0131 O. \u00c7\u00fcnk\u00fc senden, benden, bizden ya\u015fanm\u0131\u015fl\u0131klar var H\u00fcmeyra\u2019da. Asl\u0131nda herkesin i\u00e7inden biri ve herkesin ya\u015fad\u0131klar\u0131ndan ya\u015fad\u0131\u011f\u0131; fakat dile gelmeyenler, gelemeyenler var burada. H\u00fcmeyra a\u011flat\u0131r, H\u00fcmeyra tebess\u00fcm ettirir. K\u0131saca bir \u0131\u015f\u0131kt\u0131r umutsuzlu\u011fun karanl\u0131\u011f\u0131nda. O umut \u00f6nc\u00fcs\u00fcd\u00fcr, her \u015feye ra\u011fmen\u2026 Bu kitapta kaybetti\u011finiz \u00e7ocuklu\u011funuzu ve hayat\u0131n size unutturdu\u011fu yanlar\u0131n\u0131z\u0131 bulacaks\u0131n\u0131z. Hayal kurmaktan ve \u00fcmit etmekten asla vazge\u00e7meyenlere\u2026 <\/p>\n","protected":false},"excerpt":{"rendered":"<p>Guzular\u0131m: Hayat s\u00fcrprizlerle doludur. Kar\u015f\u0131m\u0131za ne zaman ne \u00e7\u0131kaca\u011f\u0131 hi\u00e7 belli olmaz. Bakars\u0131n iyi \u015feyler hayat\u0131m\u0131z\u0131n merkezinde iken bir bakm\u0131\u015fs\u0131n\u0131z ters d\u00fcz olmu\u015f. Tam tersi de<span class=\"excerpt-hellip\"> [\u2026]<\/span><\/p>\n","protected":false},"featured_media":0,"template":"","meta":{"_monsterinsights_skip_tracking":false,"_monsterinsights_sitenote_active":false,"_monsterinsights_sitenote_note":"","_monsterinsights_sitenote_category":0},"product_brand":[],"product_cat":[12291,12711],"product_tag":[],"class_list":{"0":"post-712108","1":"product","2":"type-product","3":"status-publish","5":"product_cat-edebiyat","6":"product_cat-roman-oyku","7":"pa_cilt-ciltsiz","8":"pa_tur-kitap","9":"pa_yayinevi-cinaralti-yayinlari","10":"pa_yazar-fatih-karahan","12":"first","13":"instock","14":"sale","15":"shipping-taxable","16":"purchasable","17":"product-type-simple"},"_links":{"self":[{"href":"https:\/\/roveyayinevi.com.tr\/index.php\/wp-json\/wp\/v2\/product\/712108","targetHints":{"allow":["GET"]}}],"collection":[{"href":"https:\/\/roveyayinevi.com.tr\/index.php\/wp-json\/wp\/v2\/product"}],"about":[{"href":"https:\/\/roveyayinevi.com.tr\/index.php\/wp-json\/wp\/v2\/types\/product"}],"wp:attachment":[{"href":"https:\/\/roveyayinevi.com.tr\/index.php\/wp-json\/wp\/v2\/media?parent=712108"}],"wp:term":[{"taxonomy":"product_brand","embeddable":true,"href":"https:\/\/roveyayinevi.com.tr\/index.php\/wp-json\/wp\/v2\/product_brand?post=712108"},{"taxonomy":"product_cat","embeddable":true,"href":"https:\/\/roveyayinevi.com.tr\/index.php\/wp-json\/wp\/v2\/product_cat?post=712108"},{"taxonomy":"product_tag","embeddable":true,"href":"https:\/\/roveyayinevi.com.tr\/index.php\/wp-json\/wp\/v2\/product_tag?post=712108"}],"curies":[{"name":"wp","href":"https:\/\/api.w.org\/{rel}","templated":true}]}}