{"id":712104,"date":"2025-08-27T16:52:25","date_gmt":"2025-08-27T13:52:25","guid":{"rendered":"https:\/\/roveyayinevi.com.tr\/index.php\/urun\/buyuk-selcuklu-devletinde-iktidar-mucadeleleri\/"},"modified":"2026-04-16T02:20:38","modified_gmt":"2026-04-15T23:20:38","slug":"buyuk-selcuklu-devletinde-iktidar-mucadeleleri","status":"publish","type":"product","link":"https:\/\/roveyayinevi.com.tr\/index.php\/urun\/buyuk-selcuklu-devletinde-iktidar-mucadeleleri\/","title":{"rendered":"B\u00fcy\u00fck Sel\u00e7uklu Devleti&#8217;nde \u0130ktidar M\u00fccadeleleri"},"content":{"rendered":"<p>Kazanan\u0131n yoluna devam etti\u011fi, kaybedenin ise yeni bir taht m\u00fccadelesi i\u00e7in uygun zaman\u0131 bekledi\u011fi iktidar m\u00fccadeleleri tarihin her d\u00f6neminde olagelmi\u015ftir. T\u00fcrkler devlet kurma gelene\u011fi a\u00e7\u0131s\u0131ndan yetenekli olsalar da \u201cDevlet hanedan\u0131n ortak mal\u0131d\u0131r.\u201d anlay\u0131\u015f\u0131 iktidar\u0131n \u00e7o\u011fu kez g\u00fc\u00e7 kaybetmesine neden olmu\u015ftur. B\u00fcy\u00fck Sel\u00e7uklu Devleti\u2019nde de durum ge\u00e7erlili\u011fini korumu\u015ftur. Bu eserde B\u00fcy\u00fck Sel\u00e7uklu Devleti\u2019nin tarih sahnesine \u00e7\u0131k\u0131\u015f\u0131,  h\u00e2kimiyet anlay\u0131\u015f\u0131 ve taht m\u00fccadelelerinin arka plan\u0131 ayd\u0131nlat\u0131lmaya \u00e7al\u0131\u015f\u0131lm\u0131\u015ft\u0131r. Eser, hem ge\u00e7mi\u015fi do\u011fru okumak hem de g\u00fcn\u00fcm\u00fczde ya\u015fananlar\u0131 do\u011fru anlamland\u0131rabilmek ad\u0131na benzersiz bir kaynakt\u0131r. <\/p>\n","protected":false},"excerpt":{"rendered":"<p>Kazanan\u0131n yoluna devam etti\u011fi, kaybedenin ise yeni bir taht m\u00fccadelesi i\u00e7in uygun zaman\u0131 bekledi\u011fi iktidar m\u00fccadeleleri tarihin her d\u00f6neminde olagelmi\u015ftir. T\u00fcrkler devlet kurma gelene\u011fi a\u00e7\u0131s\u0131ndan yetenekli<span class=\"excerpt-hellip\"> [\u2026]<\/span><\/p>\n","protected":false},"featured_media":0,"template":"","meta":{"_monsterinsights_skip_tracking":false,"_monsterinsights_sitenote_active":false,"_monsterinsights_sitenote_note":"","_monsterinsights_sitenote_category":0},"product_brand":[],"product_cat":[12718,12719,18109],"product_tag":[],"class_list":{"0":"post-712104","1":"product","2":"type-product","3":"status-publish","5":"product_cat-din","6":"product_cat-islam","7":"product_cat-islam-tarihi","8":"pa_cilt-ciltsiz","9":"pa_tur-kitap","10":"pa_yayinevi-otto-yayinlari","11":"pa_yazar-nurullah-yazar","13":"first","14":"instock","15":"sale","16":"shipping-taxable","17":"purchasable","18":"product-type-simple"},"_links":{"self":[{"href":"https:\/\/roveyayinevi.com.tr\/index.php\/wp-json\/wp\/v2\/product\/712104","targetHints":{"allow":["GET"]}}],"collection":[{"href":"https:\/\/roveyayinevi.com.tr\/index.php\/wp-json\/wp\/v2\/product"}],"about":[{"href":"https:\/\/roveyayinevi.com.tr\/index.php\/wp-json\/wp\/v2\/types\/product"}],"wp:attachment":[{"href":"https:\/\/roveyayinevi.com.tr\/index.php\/wp-json\/wp\/v2\/media?parent=712104"}],"wp:term":[{"taxonomy":"product_brand","embeddable":true,"href":"https:\/\/roveyayinevi.com.tr\/index.php\/wp-json\/wp\/v2\/product_brand?post=712104"},{"taxonomy":"product_cat","embeddable":true,"href":"https:\/\/roveyayinevi.com.tr\/index.php\/wp-json\/wp\/v2\/product_cat?post=712104"},{"taxonomy":"product_tag","embeddable":true,"href":"https:\/\/roveyayinevi.com.tr\/index.php\/wp-json\/wp\/v2\/product_tag?post=712104"}],"curies":[{"name":"wp","href":"https:\/\/api.w.org\/{rel}","templated":true}]}}