{"id":712103,"date":"2025-08-27T16:52:24","date_gmt":"2025-08-27T13:52:24","guid":{"rendered":"https:\/\/roveyayinevi.com.tr\/index.php\/urun\/guguklu-saat-2\/"},"modified":"2026-04-16T02:20:38","modified_gmt":"2026-04-15T23:20:38","slug":"guguklu-saat-2","status":"publish","type":"product","link":"https:\/\/roveyayinevi.com.tr\/index.php\/urun\/guguklu-saat-2\/","title":{"rendered":"Guguklu Saat"},"content":{"rendered":"<p>Tavan aras\u0131na at\u0131lan bir guguklu saatin ku\u015fuyla yine oraya at\u0131lan bir oyuncak ay\u0131 aras\u0131nda geli\u015fen, g\u00fc\u00e7lenen sevgi ve dostluk ba\u011f\u0131n\u0131n \u00f6yk\u00fcs\u00fc bu. Sevgi ve dayan\u0131\u015fma var olduk\u00e7a, her \u015feyin \u00fcstesinden gelinebilece\u011fini anlat\u0131yor s\u0131ms\u0131cak diliyle.1988 Ya\u015far Nabi Nay\u0131r Edebiyat \u00d6d\u00fcl\u00fc\u2019n\u00fc kazanan Elvan Pekta\u015f Deniz\u2019in ayn\u0131 y\u0131l yay\u0131nlanan ilk kitab\u0131 Guguklu Saat yirmi dokuz y\u0131l sonra, yeniden t\u00fcm c\u0131v\u0131lt\u0131s\u0131yla \u00f6t\u00fcyor: \u201cBa\u015f\u0131n\u0131 hafif yana e\u011fip, \u2018Guguk!\u2019 dedi gururla. \u2018Guguk, guguk!\u2019\u201d <\/p>\n","protected":false},"excerpt":{"rendered":"<p>Tavan aras\u0131na at\u0131lan bir guguklu saatin ku\u015fuyla yine oraya at\u0131lan bir oyuncak ay\u0131 aras\u0131nda geli\u015fen, g\u00fc\u00e7lenen sevgi ve dostluk ba\u011f\u0131n\u0131n \u00f6yk\u00fcs\u00fc bu. Sevgi ve dayan\u0131\u015fma var<span class=\"excerpt-hellip\"> [\u2026]<\/span><\/p>\n","protected":false},"featured_media":0,"template":"","meta":{"_monsterinsights_skip_tracking":false,"_monsterinsights_sitenote_active":false,"_monsterinsights_sitenote_note":"","_monsterinsights_sitenote_category":0},"product_brand":[],"product_cat":[12913,12274],"product_tag":[],"class_list":{"0":"post-712103","1":"product","2":"type-product","3":"status-publish","5":"product_cat-3-6-yas-kitaplari","6":"product_cat-cocuk-ve-genclik-kitaplari","7":"pa_cilt-ciltsiz","8":"pa_tur-kitap","9":"pa_yayinevi-fom-kitap","10":"pa_yazar-elvan-pektas-deniz","12":"first","13":"instock","14":"sale","15":"shipping-taxable","16":"purchasable","17":"product-type-simple"},"_links":{"self":[{"href":"https:\/\/roveyayinevi.com.tr\/index.php\/wp-json\/wp\/v2\/product\/712103","targetHints":{"allow":["GET"]}}],"collection":[{"href":"https:\/\/roveyayinevi.com.tr\/index.php\/wp-json\/wp\/v2\/product"}],"about":[{"href":"https:\/\/roveyayinevi.com.tr\/index.php\/wp-json\/wp\/v2\/types\/product"}],"wp:attachment":[{"href":"https:\/\/roveyayinevi.com.tr\/index.php\/wp-json\/wp\/v2\/media?parent=712103"}],"wp:term":[{"taxonomy":"product_brand","embeddable":true,"href":"https:\/\/roveyayinevi.com.tr\/index.php\/wp-json\/wp\/v2\/product_brand?post=712103"},{"taxonomy":"product_cat","embeddable":true,"href":"https:\/\/roveyayinevi.com.tr\/index.php\/wp-json\/wp\/v2\/product_cat?post=712103"},{"taxonomy":"product_tag","embeddable":true,"href":"https:\/\/roveyayinevi.com.tr\/index.php\/wp-json\/wp\/v2\/product_tag?post=712103"}],"curies":[{"name":"wp","href":"https:\/\/api.w.org\/{rel}","templated":true}]}}