{"id":712095,"date":"2025-08-27T16:52:20","date_gmt":"2025-08-27T13:52:20","guid":{"rendered":"https:\/\/roveyayinevi.com.tr\/index.php\/urun\/kendine-iyi-bak\/"},"modified":"2026-04-15T02:27:05","modified_gmt":"2026-04-14T23:27:05","slug":"kendine-iyi-bak","status":"publish","type":"product","link":"https:\/\/roveyayinevi.com.tr\/index.php\/urun\/kendine-iyi-bak\/","title":{"rendered":"Kendine \u0130yi Bak"},"content":{"rendered":"<p>bir \u015feyler yolunda gitmedi\u011finde, sen kendi yolunda gitmiyorsun demektir.  hayat sana arma\u011fan edilmi\u015fken, sen o arma\u011fan\u0131 ya\u015fayam\u0131yorsun demektir. toplum, ailen, arkada\u015flar\u0131n ya da sevgilin\u2026 kendini birilerinin dediklerine g\u00f6re \u015fekillendirdik\u00e7e, kendinden uzakla\u015ft\u0131\u011f\u0131n\u0131n fark\u0131nda m\u0131s\u0131n?  benli\u011finden, isteklerinden, arzular\u0131ndan kopuyorsun.  ba\u015fka bir sen yarat\u0131yorlar, sen de \u201co\u201d oluyorsun.  \u00f6z\u00fcne in.  kendine ko\u015f.  o zaman sen de d\u00fczelirsin, gitti\u011fin yol da. Kendine iyi bak\u2026 <\/p>\n","protected":false},"excerpt":{"rendered":"<p>bir \u015feyler yolunda gitmedi\u011finde, sen kendi yolunda gitmiyorsun demektir. hayat sana arma\u011fan edilmi\u015fken, sen o arma\u011fan\u0131 ya\u015fayam\u0131yorsun demektir. toplum, ailen, arkada\u015flar\u0131n ya da sevgilin\u2026 kendini birilerinin<span class=\"excerpt-hellip\"> [\u2026]<\/span><\/p>\n","protected":false},"featured_media":0,"template":"","meta":{"_monsterinsights_skip_tracking":false,"_monsterinsights_sitenote_active":false,"_monsterinsights_sitenote_note":"","_monsterinsights_sitenote_category":0},"product_brand":[],"product_cat":[12777,12291],"product_tag":[],"class_list":{"0":"post-712095","1":"product","2":"type-product","3":"status-publish","5":"product_cat-deneme","6":"product_cat-edebiyat","7":"pa_cilt-ciltsiz","8":"pa_tur-kitap","9":"pa_yayinevi-inkilap-kitabevi","10":"pa_yazar-arda-erel","12":"first","13":"instock","14":"sale","15":"shipping-taxable","16":"purchasable","17":"product-type-simple"},"_links":{"self":[{"href":"https:\/\/roveyayinevi.com.tr\/index.php\/wp-json\/wp\/v2\/product\/712095","targetHints":{"allow":["GET"]}}],"collection":[{"href":"https:\/\/roveyayinevi.com.tr\/index.php\/wp-json\/wp\/v2\/product"}],"about":[{"href":"https:\/\/roveyayinevi.com.tr\/index.php\/wp-json\/wp\/v2\/types\/product"}],"wp:attachment":[{"href":"https:\/\/roveyayinevi.com.tr\/index.php\/wp-json\/wp\/v2\/media?parent=712095"}],"wp:term":[{"taxonomy":"product_brand","embeddable":true,"href":"https:\/\/roveyayinevi.com.tr\/index.php\/wp-json\/wp\/v2\/product_brand?post=712095"},{"taxonomy":"product_cat","embeddable":true,"href":"https:\/\/roveyayinevi.com.tr\/index.php\/wp-json\/wp\/v2\/product_cat?post=712095"},{"taxonomy":"product_tag","embeddable":true,"href":"https:\/\/roveyayinevi.com.tr\/index.php\/wp-json\/wp\/v2\/product_tag?post=712095"}],"curies":[{"name":"wp","href":"https:\/\/api.w.org\/{rel}","templated":true}]}}