{"id":712092,"date":"2025-08-27T16:52:18","date_gmt":"2025-08-27T13:52:18","guid":{"rendered":"https:\/\/roveyayinevi.com.tr\/index.php\/urun\/hygge-danimarkalilarin-mutluluk-sirri\/"},"modified":"2026-01-28T02:37:44","modified_gmt":"2026-01-27T23:37:44","slug":"hygge-danimarkalilarin-mutluluk-sirri","status":"publish","type":"product","link":"https:\/\/roveyayinevi.com.tr\/index.php\/urun\/hygge-danimarkalilarin-mutluluk-sirri\/","title":{"rendered":"Hygge &#8211; Danimarkal\u0131lar\u0131n Mutluluk S\u0131rr\u0131"},"content":{"rendered":"<p>Danimarka\u2019n\u0131n, d\u00fcnyan\u0131n en mutlu insanlar\u0131n\u0131n ya\u015fad\u0131\u011f\u0131 \u00fclke oldu\u011fu kabul edilir. Onlara g\u00f6re bu mutlulu\u011fun s\u0131rr\u0131 tek bir s\u00f6zc\u00fckte sakl\u0131d\u0131r: hygge.Asl\u0131nda ne kadar anlatsak bo\u015f, mutluluk ancak hissedilir. Yine de sevdi\u011finizle koltukta k\u0131vr\u0131l\u0131p dinlenmenin huzurunu, dostlar\u0131n\u0131zla g\u00fczel bir yemek yemenin keyfini, g\u00fcne\u015fli bir g\u00fcnde pencereden s\u00fcz\u00fclen \u0131\u015f\u0131\u011f\u0131n yayd\u0131\u011f\u0131 ne\u015feyi nas\u0131l tarif ederdiniz? Danimarkal\u0131lar b\u00f6yle anlar\u0131 hygge s\u00f6zc\u00fc\u011f\u00fcyle anlat\u0131yor.Tek bir kar\u015f\u0131l\u0131\u011f\u0131 olmayan ve di\u011fer dillere tam olarak \u00e7evrilemeyen hygge\u2019yi tan\u0131mlamak i\u00e7in rahatl\u0131k, huzur, i\u00e7tenlik, bir aradal\u0131k gibi pek \u00e7ok farkl\u0131 kelime \u00f6nerilebilir ancak bunlar\u0131n hi\u00e7biri tek ba\u015f\u0131na yeterli olmayacakt\u0131r. D\u00fcnyaca \u00fcnl\u00fc Mutluluk Ara\u015ft\u0131rmalar\u0131 Enstit\u00fcs\u00fc\u2019ne ba\u015fkanl\u0131k eden Meik Wiking, t\u00fcm bu tan\u0131mlar\u0131n \u00f6tesine ge\u00e7ip hayat\u0131n\u0131zda hygge anlar yaratabilmeniz i\u00e7in bu kitapta size rehberlik ediyor. Wiking\u2019le birlikte evinizin atmosferini k\u00fc\u00e7\u00fck dokunu\u015flarla sizi mutlu edecek \u015fekilde de\u011fi\u015ftirebilir, arkada\u015flar\u0131n\u0131zla e\u011flenceli bir ak\u015fam yeme\u011fi planlaman\u0131n p\u00fcf noktalar\u0131n\u0131 \u00f6\u011frenebilir, stresli ge\u00e7en i\u015f g\u00fcnlerinden sonra huzur bulaca\u011f\u0131n\u0131z hafta sonu etkinlikleriyle ilgili \u00f6nerilerden faydalanabilirsiniz.Hygge, size en az bir Danimarkal\u0131 kadar mutlu olabilmenin yollar\u0131n\u0131 sunuyor\u2026\u201cD\u00fcnyan\u0131n en mutlu adam\u0131yla bir randevunuz var, ona kulak verin.\u201d- Times\u201cHygge \u00e7oksatanlar listesinde parlay\u0131p s\u00f6necek basit bir kitap de\u011fil, ayaklar\u0131 yere basan bir ya\u015fam tarz\u0131.\u201d- New York Times\u201cY\u0131llar boyunca, keyiflenmek istedi\u011finiz her an a\u00e7\u0131p huzur bulaca\u011f\u0131n\u0131z bir kitap. Ya\u015fas\u0131n Hygge!\u201d- Heat\u201cYa\u015fama sanat\u0131nda ustala\u015fm\u0131\u015f Meik Wiking\u2019le tan\u0131\u015ft\u0131\u011f\u0131n\u0131za \u00e7ok sevineceksiniz.\u201d- Sunday Express\u201cPozitif duygularla \u00e7evrelenmek istiyorsan\u0131z Hygge\u2019yi yan\u0131ba\u015f\u0131n\u0131zdan ay\u0131rmay\u0131n.\u201d- Mail on Sunday\u201cDanimarkal\u0131lar\u0131n mutluluk konusunda nas\u0131l bu kadar becerikli oldu\u011funu \u00f6\u011frenmek istiyorsan\u0131z elinizdeki kitap en do\u011fru adres.\u201d- Metro\u201cBu kitap mutluluk \u00fclkesine gidebilece\u011finiz bir pasaporta benziyor.\u201d- Real Simple\u201cMeik Wiking\u2019in s\u00f6yledi\u011fine g\u00f6re ara\u015ft\u0131rmalar, dostlar\u0131n\u0131zla samimi ili\u015fkiler kurman\u0131n, birlikte sosyalle\u015fmenin, yiyip i\u00e7menin ve huzur veren ortamlarda bulunman\u0131n mutlulukla yak\u0131ndan ili\u015fkili oldu\u011funu ortaya koyuyor.\u201d- Elle\u201cSon zamanlarda Danimarkal\u0131lar\u0131n ya\u015fam felsefesi \u00e7ok konu\u015fulur oldu. Meik Wiking\u2019in kitab\u0131 Hygge de bu ak\u0131m\u0131n zirvesine yerle\u015fmi\u015f gibi g\u00f6r\u00fcn\u00fcyor. Modern d\u00fcnyan\u0131n sizi huzursuz eden yanlar\u0131n\u0131 keyfe d\u00f6n\u00fc\u015ft\u00fcrmek isterseniz bu kitab\u0131 okuyun.\u201d- Instyle\u201cMeik Wiking mutlulu\u011fun s\u0131rr\u0131n\u0131 yakalam\u0131\u015f ve \u015fimdi de bizimle payla\u015f\u0131yor. Harika bir tasar\u0131ma sahip olan ama ayn\u0131 zamanda ruhumuzu da doyuran Hygge kitab\u0131n\u0131 ba\u015fk\u00f6\u015feye yerle\u015ftireceksiniz.\u201d- TimesMeik Wiking, Kopenhag\u2019daki Mutluluk Ara\u015ft\u0131rma Enstit\u00fcs\u00fc\u2019n\u00fcn ba\u015fkan\u0131d\u0131r. Wiking, kendini insanlar\u0131 neyin mutlu etti\u011fini anlamaya adam\u0131\u015f ve Danimarkal\u0131lar\u0131 d\u00fcnyadaki en mutlu \u00fclke k\u0131lan gizli malzemenin hygge oldu\u011fu sonucuna varm\u0131\u015ft\u0131r. <\/p>\n","protected":false},"excerpt":{"rendered":"<p>Danimarka\u2019n\u0131n, d\u00fcnyan\u0131n en mutlu insanlar\u0131n\u0131n ya\u015fad\u0131\u011f\u0131 \u00fclke oldu\u011fu kabul edilir. Onlara g\u00f6re bu mutlulu\u011fun s\u0131rr\u0131 tek bir s\u00f6zc\u00fckte sakl\u0131d\u0131r: hygge.Asl\u0131nda ne kadar anlatsak bo\u015f, mutluluk ancak<span class=\"excerpt-hellip\"> [\u2026]<\/span><\/p>\n","protected":false},"featured_media":0,"template":"","meta":{"_monsterinsights_skip_tracking":false,"_monsterinsights_sitenote_active":false,"_monsterinsights_sitenote_note":"","_monsterinsights_sitenote_category":0},"product_brand":[],"product_cat":[12364,12376],"product_tag":[],"class_list":{"0":"post-712092","1":"product","2":"type-product","3":"status-publish","5":"product_cat-genel-konular","6":"product_cat-kisisel-gelisim","7":"pa_cilt-ciltsiz","8":"pa_tur-kitap","9":"pa_yayinevi-pegasus-yayinlari","10":"pa_yazar-meik-wiking","12":"first","13":"instock","14":"sale","15":"shipping-taxable","16":"purchasable","17":"product-type-simple"},"_links":{"self":[{"href":"https:\/\/roveyayinevi.com.tr\/index.php\/wp-json\/wp\/v2\/product\/712092","targetHints":{"allow":["GET"]}}],"collection":[{"href":"https:\/\/roveyayinevi.com.tr\/index.php\/wp-json\/wp\/v2\/product"}],"about":[{"href":"https:\/\/roveyayinevi.com.tr\/index.php\/wp-json\/wp\/v2\/types\/product"}],"wp:attachment":[{"href":"https:\/\/roveyayinevi.com.tr\/index.php\/wp-json\/wp\/v2\/media?parent=712092"}],"wp:term":[{"taxonomy":"product_brand","embeddable":true,"href":"https:\/\/roveyayinevi.com.tr\/index.php\/wp-json\/wp\/v2\/product_brand?post=712092"},{"taxonomy":"product_cat","embeddable":true,"href":"https:\/\/roveyayinevi.com.tr\/index.php\/wp-json\/wp\/v2\/product_cat?post=712092"},{"taxonomy":"product_tag","embeddable":true,"href":"https:\/\/roveyayinevi.com.tr\/index.php\/wp-json\/wp\/v2\/product_tag?post=712092"}],"curies":[{"name":"wp","href":"https:\/\/api.w.org\/{rel}","templated":true}]}}