{"id":712091,"date":"2025-08-27T16:52:18","date_gmt":"2025-08-27T13:52:18","guid":{"rendered":"https:\/\/roveyayinevi.com.tr\/index.php\/urun\/rekreasyon-bilimi-2\/"},"modified":"2026-04-16T02:20:38","modified_gmt":"2026-04-15T23:20:38","slug":"rekreasyon-bilimi-2","status":"publish","type":"product","link":"https:\/\/roveyayinevi.com.tr\/index.php\/urun\/rekreasyon-bilimi-2\/","title":{"rendered":"Rekreasyon Bilimi 2"},"content":{"rendered":"<p>Rekreasyon, yap\u0131s\u0131nda bar\u0131nd\u0131rd\u0131\u011f\u0131 y\u00fcksek potansiyeliyle ekonomik, sosyal, ve k\u00fclt\u00fcrel a\u00e7\u0131dan ola\u011fan\u00fcst\u00fc b\u00fcy\u00fcme e\u011filimi g\u00f6steren, \u00e7ok \u00e7e\u015fitli kariyer yollar\u0131 ve se\u00e7enekleri ile kesintisiz geli\u015fen bir end\u00fcstridir. Bunun yan\u0131s\u0131ra, ister spor yap\u0131n, ma\u00e7 seyredin, konsere gidin, oyun oynay\u0131n, m\u00fczeye gidin ya da bir sivil toplum kurulu\u015funda g\u00f6n\u00fcll\u00fc olun, ister ba\u015fka \u015fehirleri veya \u00fclkeleri ziyaret edin, isterseniz de m\u00fctevaz\u0131 bir parkta vakit ge\u00e7irmi\u015f olun. Nerede olursan\u0131z olun, rekreasyon neredeyse herkesin hayat\u0131na bir \u015fekilde dokunur.&#8221;Rekreasyon Bilimi 2&#8243;, hem alan yaz\u0131na hem de rekreasyonu mesleki kariyer olarak se\u00e7enlere bilgi kayna\u011f\u0131 olu\u015fturmas\u0131 ve katma de\u011fer yaratmas\u0131 amac\u0131yla, farkl\u0131 disiplinlerden \u00e7ok de\u011ferli akademisyenlerin \u00f6zverili emek ve katk\u0131lar\u0131yla haz\u0131rlanarak okur faydas\u0131na sunulmu\u015f. <\/p>\n","protected":false},"excerpt":{"rendered":"<p>Rekreasyon, yap\u0131s\u0131nda bar\u0131nd\u0131rd\u0131\u011f\u0131 y\u00fcksek potansiyeliyle ekonomik, sosyal, ve k\u00fclt\u00fcrel a\u00e7\u0131dan ola\u011fan\u00fcst\u00fc b\u00fcy\u00fcme e\u011filimi g\u00f6steren, \u00e7ok \u00e7e\u015fitli kariyer yollar\u0131 ve se\u00e7enekleri ile kesintisiz geli\u015fen bir end\u00fcstridir. Bunun<span class=\"excerpt-hellip\"> [\u2026]<\/span><\/p>\n","protected":false},"featured_media":0,"template":"","meta":{"_monsterinsights_skip_tracking":false,"_monsterinsights_sitenote_active":false,"_monsterinsights_sitenote_note":"","_monsterinsights_sitenote_category":0},"product_brand":[],"product_cat":[12312,12304],"product_tag":[],"class_list":{"0":"post-712091","1":"product","2":"type-product","3":"status-publish","5":"product_cat-diger","6":"product_cat-tarih","7":"pa_cilt-ciltli","8":"pa_tur-kitap","9":"pa_yayinevi-gazi-kitabevi","10":"pa_yazar-kollektif","12":"first","13":"instock","14":"sale","15":"shipping-taxable","16":"purchasable","17":"product-type-simple"},"_links":{"self":[{"href":"https:\/\/roveyayinevi.com.tr\/index.php\/wp-json\/wp\/v2\/product\/712091","targetHints":{"allow":["GET"]}}],"collection":[{"href":"https:\/\/roveyayinevi.com.tr\/index.php\/wp-json\/wp\/v2\/product"}],"about":[{"href":"https:\/\/roveyayinevi.com.tr\/index.php\/wp-json\/wp\/v2\/types\/product"}],"wp:attachment":[{"href":"https:\/\/roveyayinevi.com.tr\/index.php\/wp-json\/wp\/v2\/media?parent=712091"}],"wp:term":[{"taxonomy":"product_brand","embeddable":true,"href":"https:\/\/roveyayinevi.com.tr\/index.php\/wp-json\/wp\/v2\/product_brand?post=712091"},{"taxonomy":"product_cat","embeddable":true,"href":"https:\/\/roveyayinevi.com.tr\/index.php\/wp-json\/wp\/v2\/product_cat?post=712091"},{"taxonomy":"product_tag","embeddable":true,"href":"https:\/\/roveyayinevi.com.tr\/index.php\/wp-json\/wp\/v2\/product_tag?post=712091"}],"curies":[{"name":"wp","href":"https:\/\/api.w.org\/{rel}","templated":true}]}}