{"id":712090,"date":"2025-08-27T16:52:17","date_gmt":"2025-08-27T13:52:17","guid":{"rendered":"https:\/\/roveyayinevi.com.tr\/index.php\/urun\/hinduizmde-avatar-inanci\/"},"modified":"2026-04-16T02:20:38","modified_gmt":"2026-04-15T23:20:38","slug":"hinduizmde-avatar-inanci","status":"publish","type":"product","link":"https:\/\/roveyayinevi.com.tr\/index.php\/urun\/hinduizmde-avatar-inanci\/","title":{"rendered":"Hinduizm&#8217;de Avatar \u0130nanc\u0131"},"content":{"rendered":"<p>Avatar, \u00e7o\u011fumuzun zihnine James Cameron\u2019un filmiyle girmi\u015f olsa da asl\u0131nda Hint inan\u00e7 d\u00fcnyas\u0131na ait Sanskrit\u00e7e bir kavramd\u0131r. \u201cBeklenen kurtar\u0131c\u0131\u201d d\u00fc\u015f\u00fcncesiyle do\u011frudan ilgili olan Avatar inanc\u0131, \u00e7e\u015fitli din\u00ee hareketleri etkilemi\u015ftir. Hint alt k\u0131tas\u0131nda cereyan eden din\u00ee, k\u00fclt\u00fcrel ve siyasi geli\u015fmeler d\u00fcnyada oldu\u011fu gibi \u00fclkemizde de merak edilen konular aras\u0131ndad\u0131r. Bu t\u00fcr meselelerin sa\u011fl\u0131kl\u0131 bir \u015fekilde anla\u015f\u0131l\u0131p de\u011ferlendirilebilmesi i\u00e7in bu alanda yap\u0131lacak bilimsel \u00e7al\u0131\u015fmalara fazlas\u0131yla ihtiya\u00e7 vard\u0131r. Bu eserde, Avatar doktrininin nas\u0131l ortaya \u00e7\u0131kt\u0131\u011f\u0131n\u0131 ve geli\u015fimini g\u00f6receksiniz. <\/p>\n","protected":false},"excerpt":{"rendered":"<p>Avatar, \u00e7o\u011fumuzun zihnine James Cameron\u2019un filmiyle girmi\u015f olsa da asl\u0131nda Hint inan\u00e7 d\u00fcnyas\u0131na ait Sanskrit\u00e7e bir kavramd\u0131r. \u201cBeklenen kurtar\u0131c\u0131\u201d d\u00fc\u015f\u00fcncesiyle do\u011frudan ilgili olan Avatar inanc\u0131, \u00e7e\u015fitli<span class=\"excerpt-hellip\"> [\u2026]<\/span><\/p>\n","protected":false},"featured_media":0,"template":"","meta":{"_monsterinsights_skip_tracking":false,"_monsterinsights_sitenote_active":false,"_monsterinsights_sitenote_note":"","_monsterinsights_sitenote_category":0},"product_brand":[],"product_cat":[12718,16794],"product_tag":[],"class_list":{"0":"post-712090","1":"product","2":"type-product","3":"status-publish","5":"product_cat-din","6":"product_cat-dinler-tarihi","7":"pa_cilt-ciltsiz","8":"pa_tur-kitap","9":"pa_yayinevi-otto-yayinlari","10":"pa_yazar-cemil-kutluturk","12":"first","13":"instock","14":"sale","15":"shipping-taxable","16":"purchasable","17":"product-type-simple"},"_links":{"self":[{"href":"https:\/\/roveyayinevi.com.tr\/index.php\/wp-json\/wp\/v2\/product\/712090","targetHints":{"allow":["GET"]}}],"collection":[{"href":"https:\/\/roveyayinevi.com.tr\/index.php\/wp-json\/wp\/v2\/product"}],"about":[{"href":"https:\/\/roveyayinevi.com.tr\/index.php\/wp-json\/wp\/v2\/types\/product"}],"wp:attachment":[{"href":"https:\/\/roveyayinevi.com.tr\/index.php\/wp-json\/wp\/v2\/media?parent=712090"}],"wp:term":[{"taxonomy":"product_brand","embeddable":true,"href":"https:\/\/roveyayinevi.com.tr\/index.php\/wp-json\/wp\/v2\/product_brand?post=712090"},{"taxonomy":"product_cat","embeddable":true,"href":"https:\/\/roveyayinevi.com.tr\/index.php\/wp-json\/wp\/v2\/product_cat?post=712090"},{"taxonomy":"product_tag","embeddable":true,"href":"https:\/\/roveyayinevi.com.tr\/index.php\/wp-json\/wp\/v2\/product_tag?post=712090"}],"curies":[{"name":"wp","href":"https:\/\/api.w.org\/{rel}","templated":true}]}}