{"id":712089,"date":"2025-08-27T16:52:17","date_gmt":"2025-08-27T13:52:17","guid":{"rendered":"https:\/\/roveyayinevi.com.tr\/index.php\/urun\/gunumuz-selefiligi\/"},"modified":"2026-04-16T02:20:38","modified_gmt":"2026-04-15T23:20:38","slug":"gunumuz-selefiligi","status":"publish","type":"product","link":"https:\/\/roveyayinevi.com.tr\/index.php\/urun\/gunumuz-selefiligi\/","title":{"rendered":"G\u00fcn\u00fcm\u00fcz Selefili\u011fi"},"content":{"rendered":"<p>Kendilerini Ehl-i s\u00fcnnetin yeg\u00e2ne temsilcisi olarak kabul eden Selefiler, \u0130slamiyeti kendi tekellerinde g\u00f6rerek M\u00fcsl\u00fcmanlar\u0131 hakimiyetleri alt\u0131na almaya \u00e7al\u0131\u015fmaktad\u0131r. Hatta kendisini Selefi olarak isimlendirmeyen di\u011fer gruplar \u00fczerinde de ancak uzman\u0131n\u0131n fark edebilece\u011fi derin izlere sahiptir. Bu derleme, alan\u0131nda yetkin bir grup akademisyenin Selefilik ile ilgili T\u00fcrk\u00e7e literat\u00fcr eksikli\u011fini gidermek ve bu soruna dikkat \u00e7ekmek amac\u0131yla \u00f6zel olarak se\u00e7ip terc\u00fcme ettikleri dokuz makaleden olu\u015fmaktad\u0131r. Makaleler \u00f6zelinde farkl\u0131 Selefi gruplar\u0131, de\u011fi\u015fik \u00fclkelerdeki Selefi e\u011filimleri ve Selefi-Sufi, Selefi-\u015eii ili\u015fkisi gibi konular\u0131 ele almaktad\u0131r. <\/p>\n","protected":false},"excerpt":{"rendered":"<p>Kendilerini Ehl-i s\u00fcnnetin yeg\u00e2ne temsilcisi olarak kabul eden Selefiler, \u0130slamiyeti kendi tekellerinde g\u00f6rerek M\u00fcsl\u00fcmanlar\u0131 hakimiyetleri alt\u0131na almaya \u00e7al\u0131\u015fmaktad\u0131r. Hatta kendisini Selefi olarak isimlendirmeyen di\u011fer gruplar \u00fczerinde<span class=\"excerpt-hellip\"> [\u2026]<\/span><\/p>\n","protected":false},"featured_media":0,"template":"","meta":{"_monsterinsights_skip_tracking":false,"_monsterinsights_sitenote_active":false,"_monsterinsights_sitenote_note":"","_monsterinsights_sitenote_category":0},"product_brand":[],"product_cat":[12718,12719,13025],"product_tag":[],"class_list":{"0":"post-712089","1":"product","2":"type-product","3":"status-publish","5":"product_cat-din","6":"product_cat-islam","7":"product_cat-islam-ve-gunumuz-islam-dusuncesi","8":"pa_cilt-ciltsiz","9":"pa_tur-kitap","10":"pa_yayinevi-otto-yayinlari","11":"pa_yazar-muammer-iskenderoglu","13":"first","14":"instock","15":"sale","16":"shipping-taxable","17":"purchasable","18":"product-type-simple"},"_links":{"self":[{"href":"https:\/\/roveyayinevi.com.tr\/index.php\/wp-json\/wp\/v2\/product\/712089","targetHints":{"allow":["GET"]}}],"collection":[{"href":"https:\/\/roveyayinevi.com.tr\/index.php\/wp-json\/wp\/v2\/product"}],"about":[{"href":"https:\/\/roveyayinevi.com.tr\/index.php\/wp-json\/wp\/v2\/types\/product"}],"wp:attachment":[{"href":"https:\/\/roveyayinevi.com.tr\/index.php\/wp-json\/wp\/v2\/media?parent=712089"}],"wp:term":[{"taxonomy":"product_brand","embeddable":true,"href":"https:\/\/roveyayinevi.com.tr\/index.php\/wp-json\/wp\/v2\/product_brand?post=712089"},{"taxonomy":"product_cat","embeddable":true,"href":"https:\/\/roveyayinevi.com.tr\/index.php\/wp-json\/wp\/v2\/product_cat?post=712089"},{"taxonomy":"product_tag","embeddable":true,"href":"https:\/\/roveyayinevi.com.tr\/index.php\/wp-json\/wp\/v2\/product_tag?post=712089"}],"curies":[{"name":"wp","href":"https:\/\/api.w.org\/{rel}","templated":true}]}}