{"id":712088,"date":"2025-08-27T16:52:16","date_gmt":"2025-08-27T13:52:16","guid":{"rendered":"https:\/\/roveyayinevi.com.tr\/index.php\/urun\/horasanda-siilik\/"},"modified":"2026-04-16T02:20:38","modified_gmt":"2026-04-15T23:20:38","slug":"horasanda-siilik","status":"publish","type":"product","link":"https:\/\/roveyayinevi.com.tr\/index.php\/urun\/horasanda-siilik\/","title":{"rendered":"Horasan&#8217;da \u015eiilik"},"content":{"rendered":"<p>\u0130slam d\u00fc\u015f\u00fcnce tarihini ve medeniyetini do\u011fru anlamak i\u00e7in \u015eiili\u011fi ve \u00f6zellikle \u015eiili\u011fin do\u011fudaki faaliyetlerini ve yay\u0131lma politikalar\u0131n\u0131 iyi bilmek gerekmektedir. Do\u011fudaki merkezlerin en \u00f6nemlilerinden biri olan Horasan ise \u015eiili\u011fin fikr\u00ee olu\u015fumunda \u00f6nemli bir yere sahiptir. Tarihsel s\u00fcre\u00e7 i\u00e7erisinde \u015eiilik ve S\u00fcnnilik, Horasan\u2019da yay\u0131lmak isteyen mezheplerin ba\u015f\u0131nda gelir. Bu eserde, Horasan\u2019\u0131n co\u011frafi s\u0131n\u0131rlar\u0131 tespit edildikten sonra \u015eiili\u011fe zemin haz\u0131rlamas\u0131 bak\u0131m\u0131ndan b\u00f6lgenin \u0130slam \u00f6ncesi din\u00ee yap\u0131s\u0131, \u0130slam\u2019\u0131n geli\u015fiyle b\u00f6lgenin ald\u0131\u011f\u0131 yeni durum tahlil edilmektedir. <\/p>\n","protected":false},"excerpt":{"rendered":"<p>\u0130slam d\u00fc\u015f\u00fcnce tarihini ve medeniyetini do\u011fru anlamak i\u00e7in \u015eiili\u011fi ve \u00f6zellikle \u015eiili\u011fin do\u011fudaki faaliyetlerini ve yay\u0131lma politikalar\u0131n\u0131 iyi bilmek gerekmektedir. Do\u011fudaki merkezlerin en \u00f6nemlilerinden biri olan<span class=\"excerpt-hellip\"> [\u2026]<\/span><\/p>\n","protected":false},"featured_media":0,"template":"","meta":{"_monsterinsights_skip_tracking":false,"_monsterinsights_sitenote_active":false,"_monsterinsights_sitenote_note":"","_monsterinsights_sitenote_category":0},"product_brand":[],"product_cat":[12718,12719,13025],"product_tag":[],"class_list":{"0":"post-712088","1":"product","2":"type-product","3":"status-publish","5":"product_cat-din","6":"product_cat-islam","7":"product_cat-islam-ve-gunumuz-islam-dusuncesi","8":"pa_cilt-ciltsiz","9":"pa_tur-kitap","10":"pa_yayinevi-otto-yayinlari","11":"pa_yazar-habib-demir","13":"first","14":"instock","15":"sale","16":"shipping-taxable","17":"purchasable","18":"product-type-simple"},"_links":{"self":[{"href":"https:\/\/roveyayinevi.com.tr\/index.php\/wp-json\/wp\/v2\/product\/712088","targetHints":{"allow":["GET"]}}],"collection":[{"href":"https:\/\/roveyayinevi.com.tr\/index.php\/wp-json\/wp\/v2\/product"}],"about":[{"href":"https:\/\/roveyayinevi.com.tr\/index.php\/wp-json\/wp\/v2\/types\/product"}],"wp:attachment":[{"href":"https:\/\/roveyayinevi.com.tr\/index.php\/wp-json\/wp\/v2\/media?parent=712088"}],"wp:term":[{"taxonomy":"product_brand","embeddable":true,"href":"https:\/\/roveyayinevi.com.tr\/index.php\/wp-json\/wp\/v2\/product_brand?post=712088"},{"taxonomy":"product_cat","embeddable":true,"href":"https:\/\/roveyayinevi.com.tr\/index.php\/wp-json\/wp\/v2\/product_cat?post=712088"},{"taxonomy":"product_tag","embeddable":true,"href":"https:\/\/roveyayinevi.com.tr\/index.php\/wp-json\/wp\/v2\/product_tag?post=712088"}],"curies":[{"name":"wp","href":"https:\/\/api.w.org\/{rel}","templated":true}]}}