{"id":712087,"date":"2025-08-27T16:52:16","date_gmt":"2025-08-27T13:52:16","guid":{"rendered":"https:\/\/roveyayinevi.com.tr\/index.php\/urun\/bana-dinden-bahset\/"},"modified":"2026-04-16T02:20:38","modified_gmt":"2026-04-15T23:20:38","slug":"bana-dinden-bahset","status":"publish","type":"product","link":"https:\/\/roveyayinevi.com.tr\/index.php\/urun\/bana-dinden-bahset\/","title":{"rendered":"Bana Dinden Bahset"},"content":{"rendered":"<p>Bilge ki\u015fi \u00f6lmeden hemen \u00f6nce halk\u0131n\u0131 geni\u015f bir meydanda toplar. Ger\u00e7ekleri son bir kez hepsinin huzurunda dile getirir. Halkla aras\u0131nda nefis bir diyalog kurulur. Halktan biri \u00f6ne \u00e7\u0131karak bize der sevgiden s\u00f6z et. Bilge anlat\u0131r, anlat\u0131r, anlat\u0131r. Bir di\u011feri bize a\u015fktan, evlilikten s\u00f6z et der, anlat\u0131r . Bunu al\u0131\u015fveri\u015f hakk\u0131nda ne dersin? diyen biri izler, anlat\u0131r. \u00c7ocuklardan bahset derler, anlat\u0131r. E\u011fitimden bahset derler, anlat\u0131r. \u00c7ift\u00e7ilikten bahset derler, anlat\u0131r. Al\u0131n terinden, emekten ve adaletten bahset derler, anlat\u0131r. Ve daha g\u00fcnl\u00fck hayat\u0131n t\u00fcrl\u00fc sorunlar\u0131ndan s\u00f6z etmesi istenir. Bilge hepsi hakk\u0131nda hikmetli s\u00f6zler s\u00f6yler, anlat\u0131r, anlat\u0131r, anlat\u0131r. Konu\u015fmas\u0131n\u0131n sonuna do\u011fru birisi Bana dinden bahset&#8221; deyince Bilge \u015f\u00f6yle cevap verir; Bahsettim ya, dinlemedin mi?<\/p>\n","protected":false},"excerpt":{"rendered":"<p>Bilge ki\u015fi \u00f6lmeden hemen \u00f6nce halk\u0131n\u0131 geni\u015f bir meydanda toplar. Ger\u00e7ekleri son bir kez hepsinin huzurunda dile getirir. Halkla aras\u0131nda nefis bir diyalog kurulur. Halktan biri<span class=\"excerpt-hellip\"> [\u2026]<\/span><\/p>\n","protected":false},"featured_media":0,"template":"","meta":{"_monsterinsights_skip_tracking":false,"_monsterinsights_sitenote_active":false,"_monsterinsights_sitenote_note":"","_monsterinsights_sitenote_category":0},"product_brand":[],"product_cat":[12718,12719],"product_tag":[],"class_list":{"0":"post-712087","1":"product","2":"type-product","3":"status-publish","5":"product_cat-din","6":"product_cat-islam","7":"pa_cilt-ciltsiz","8":"pa_tur-kitap","9":"pa_yayinevi-insa-yayinlari","10":"pa_yazar-r-ihsan-eliacik","12":"first","13":"instock","14":"sale","15":"shipping-taxable","16":"purchasable","17":"product-type-simple"},"_links":{"self":[{"href":"https:\/\/roveyayinevi.com.tr\/index.php\/wp-json\/wp\/v2\/product\/712087","targetHints":{"allow":["GET"]}}],"collection":[{"href":"https:\/\/roveyayinevi.com.tr\/index.php\/wp-json\/wp\/v2\/product"}],"about":[{"href":"https:\/\/roveyayinevi.com.tr\/index.php\/wp-json\/wp\/v2\/types\/product"}],"wp:attachment":[{"href":"https:\/\/roveyayinevi.com.tr\/index.php\/wp-json\/wp\/v2\/media?parent=712087"}],"wp:term":[{"taxonomy":"product_brand","embeddable":true,"href":"https:\/\/roveyayinevi.com.tr\/index.php\/wp-json\/wp\/v2\/product_brand?post=712087"},{"taxonomy":"product_cat","embeddable":true,"href":"https:\/\/roveyayinevi.com.tr\/index.php\/wp-json\/wp\/v2\/product_cat?post=712087"},{"taxonomy":"product_tag","embeddable":true,"href":"https:\/\/roveyayinevi.com.tr\/index.php\/wp-json\/wp\/v2\/product_tag?post=712087"}],"curies":[{"name":"wp","href":"https:\/\/api.w.org\/{rel}","templated":true}]}}