{"id":712083,"date":"2025-08-27T16:52:14","date_gmt":"2025-08-27T13:52:14","guid":{"rendered":"https:\/\/roveyayinevi.com.tr\/index.php\/urun\/andy-warhol\/"},"modified":"2026-04-16T02:20:38","modified_gmt":"2026-04-15T23:20:38","slug":"andy-warhol","status":"publish","type":"product","link":"https:\/\/roveyayinevi.com.tr\/index.php\/urun\/andy-warhol\/","title":{"rendered":"Andy Warhol"},"content":{"rendered":"<p>Gu\u0308nu\u0308mu\u0308z sanat\u0131n\u0131 ve du\u0308nyas\u0131n\u0131 anlaman\u0131n kilit figu\u0308rlerinden Andy Warhol\u2019u, sanat felsefesinin \u00f6nde gelen isimlerinden Arthur C. Danto\u2019nun kaleminden okuyoruz bu kitapta.Danto, \u201cBeni bir sanat felsefecesine d\u00f6nu\u0308\u015ftu\u0308rdu\u0308\u201d diyerek, kendi sanat felsefesinin geli\u015fiminde Andy Warhol\u2019un \u00f6zel bir yeri oldu\u011funu ilan etmi\u015fti. Nedir Andy Warhol\u2019u bu kadar \u00f6zel yapan \u015fey? Sanat\u0131n temellerini sarsan, etkisi gu\u0308nu\u0308mu\u0308ze kadar uzanan ve bir ikona d\u00f6nu\u0308\u015fmu\u0308\u015f Warhol\u2019un hayat\u0131 ile eserleri aras\u0131ndaki ba\u011f, Danto\u2019nun \u015fu\u0308phecili\u011fi elden b\u0131rakmayan titiz ara\u015ft\u0131rmac\u0131l\u0131\u011f\u0131yla g\u00f6ru\u0308nu\u0308rle\u015fiyor.Danto, bu kitab\u0131yla Warhol ile ilgili yeni bir biyografi yazmak derdinde de\u011fil, her ne kadar kronolojik bir s\u0131ra izleyerek Warhol\u2019un \u00f6zel hayat\u0131na ait s\u0131rlar\u0131 de\u015fifre etmeye \u00e7al\u0131\u015fsa da&#8230; Paris\u2019te bir ku\u0308tu\u0308phanede Warhol\u2019a ait siyah-beyaz bir reprodu\u0308ksiyonla kar\u015f\u0131la\u015ft\u0131\u011f\u0131nda \u201cBu sanat ise her \u015fey sanat olabilir\u201d du\u0308\u015fu\u0308ncesiyle ya\u015fad\u0131\u011f\u0131 sars\u0131nt\u0131n\u0131n pe\u015fine du\u0308\u015fu\u0308yor, sanat felsefesiyle mevcut \u00e7a\u011f\u0131 anlamaya y\u00f6nelerek&#8230;Bir ressam, sinemac\u0131, yap\u0131mc\u0131 ve yay\u0131nc\u0131 olarak Andy Warhol\u2019un, \u00f6ncu\u0308llerinden sanat eserlerine ilham ve fikir veren durum ve ki\u015filere, o me\u015fhur at\u00f6lyesi Fabrika\u2019daki s\u0131rad\u0131\u015f\u0131 hayatlardan u\u011frad\u0131\u011f\u0131 silahl\u0131 sald\u0131r\u0131n\u0131n ruh sa\u011fl\u0131\u011f\u0131na ve sanat\u0131na etkisine, ba\u015fd\u00f6ndu\u0308ru\u0308cu\u0308 bir hayat ve sanat seru\u0308venini, sohbet edercesine anlat\u0131yor Danto\u2026 <\/p>\n","protected":false},"excerpt":{"rendered":"<p>Gu\u0308nu\u0308mu\u0308z sanat\u0131n\u0131 ve du\u0308nyas\u0131n\u0131 anlaman\u0131n kilit figu\u0308rlerinden Andy Warhol\u2019u, sanat felsefesinin \u00f6nde gelen isimlerinden Arthur C. Danto\u2019nun kaleminden okuyoruz bu kitapta.Danto, \u201cBeni bir sanat felsefecesine d\u00f6nu\u0308\u015ftu\u0308rdu\u0308\u201d<span class=\"excerpt-hellip\"> [\u2026]<\/span><\/p>\n","protected":false},"featured_media":0,"template":"","meta":{"_monsterinsights_skip_tracking":false,"_monsterinsights_sitenote_active":false,"_monsterinsights_sitenote_note":"","_monsterinsights_sitenote_category":0},"product_brand":[],"product_cat":[12312,12304],"product_tag":[],"class_list":{"0":"post-712083","1":"product","2":"type-product","3":"status-publish","5":"product_cat-diger","6":"product_cat-tarih","7":"pa_cilt-ciltsiz","8":"pa_tur-kitap","9":"pa_yayinevi-ayrinti-yayinlari","10":"pa_yazar-arthur-c-danto","12":"first","13":"instock","14":"sale","15":"shipping-taxable","16":"purchasable","17":"product-type-simple"},"_links":{"self":[{"href":"https:\/\/roveyayinevi.com.tr\/index.php\/wp-json\/wp\/v2\/product\/712083","targetHints":{"allow":["GET"]}}],"collection":[{"href":"https:\/\/roveyayinevi.com.tr\/index.php\/wp-json\/wp\/v2\/product"}],"about":[{"href":"https:\/\/roveyayinevi.com.tr\/index.php\/wp-json\/wp\/v2\/types\/product"}],"wp:attachment":[{"href":"https:\/\/roveyayinevi.com.tr\/index.php\/wp-json\/wp\/v2\/media?parent=712083"}],"wp:term":[{"taxonomy":"product_brand","embeddable":true,"href":"https:\/\/roveyayinevi.com.tr\/index.php\/wp-json\/wp\/v2\/product_brand?post=712083"},{"taxonomy":"product_cat","embeddable":true,"href":"https:\/\/roveyayinevi.com.tr\/index.php\/wp-json\/wp\/v2\/product_cat?post=712083"},{"taxonomy":"product_tag","embeddable":true,"href":"https:\/\/roveyayinevi.com.tr\/index.php\/wp-json\/wp\/v2\/product_tag?post=712083"}],"curies":[{"name":"wp","href":"https:\/\/api.w.org\/{rel}","templated":true}]}}