{"id":712082,"date":"2025-08-27T16:52:13","date_gmt":"2025-08-27T13:52:13","guid":{"rendered":"https:\/\/roveyayinevi.com.tr\/index.php\/urun\/muhammed-sarlman-ve-avrupanin-kokenleri-arkeoloji-ve-pirenne-tezi\/"},"modified":"2026-04-16T02:20:38","modified_gmt":"2026-04-15T23:20:38","slug":"muhammed-sarlman-ve-avrupanin-kokenleri-arkeoloji-ve-pirenne-tezi","status":"publish","type":"product","link":"https:\/\/roveyayinevi.com.tr\/index.php\/urun\/muhammed-sarlman-ve-avrupanin-kokenleri-arkeoloji-ve-pirenne-tezi\/","title":{"rendered":"Muhammed, \u015earlman ve Avrupa&#8217;n\u0131n K\u00f6kenleri &#8211; Arkeoloji ve Pirenne Tezi"},"content":{"rendered":"<p>Bel\u00e7ikal\u0131 tarih\u00e7i Henri Pirenne, be\u015finci ve dokuzuncu y\u00fczy\u0131llar aras\u0131ndaki klasik d\u00f6nem Avrupa tarihini inceledi\u011fi Hazreti Muhammed ve \u015earlman adl\u0131 eserinde iki \u00f6nemli sonuca ula\u015fm\u0131\u015ft\u0131: (1) Cermen ak\u0131nlar\u0131, ne Antik d\u00fcnyan\u0131n Akdeniz\u2019deki birli\u011fini ne de be\u015finci y\u00fczy\u0131lda varl\u0131\u011f\u0131n\u0131 s\u00fcrd\u00fcrd\u00fc\u011f\u00fc haliyle Romen k\u00fclt\u00fcr\u00fcn\u00fcn ger\u00e7ekten temel say\u0131labilecek \u00f6zelliklerini yok etmi\u015fti; (2) Antik gelenekten kopu\u015fun yeg\u00e2ne sebebi, \u0130slam\u2019\u0131n umulmad\u0131k bir h\u0131zla ilerlemesi olmu\u015ftu.Bu eserin \u00fczerinden Muhammed, \u015earlman ve Avrupa\u2019n\u0131n K\u00f6kenleri\u2019nin yaz\u0131ld\u0131\u011f\u0131 tarih itibar\u0131yla elli y\u0131l ge\u00e7mesine ra\u011fmen, h\u00e2l\u00e2 \u00f6nemini korumaktad\u0131r. Eserin cesur i\u00e7eri\u011fi yer yer topa tutulmu\u015ftur ama bu ele\u015ftirilerle nadiren bir sonu\u00e7 al\u0131nm\u0131\u015ft\u0131r. \u00c7\u00fcnk\u00fc o g\u00fcnlere kadar [Pirenne\u2019in tezini \u00e7\u00fcr\u00fctecek] kan\u0131tlar yetersiz kalm\u0131\u015ft\u0131r.\u0130ngiliz arkeologlar Richard Hodges ve David Whitehouse, Muhammed, \u015earlman ve Avrupa\u2019n\u0131n K\u00f6kenleri adl\u0131 eserlerinde \u201cPirenne Tezi\u201d diye bilinegelen bu g\u00f6r\u00fc\u015f\u00fc, Kuzey Avrupa, Akdeniz ve Bat\u0131 Asya\u2019da elde edilen arkeolojik bilgiler \u0131\u015f\u0131\u011f\u0131nda g\u00f6zden ge\u00e7irmektedirler.Yazarlar bunu yaparken, Frank Kral\u0131 \u015earlman\u2019\u0131n devrinde r\u00f6nesans\u0131n\u0131 ya\u015fayan Karolenj \u0130mparatorlu\u011fu\u2019nun k\u00f6kenlerine dair \u00f6nemli bir sorunu \u00e7\u00f6zmeye \u00e7al\u0131\u015fman\u0131n yan\u0131 s\u0131ra, arkeolojik verilerin neredeyse \u015fa\u015f\u0131rt\u0131c\u0131 potansiyeline i\u015faret etmektedirler. \u00c7\u00fcnk\u00fc onlar\u0131n deyi\u015fiyle, \u201carkeolojinin asli niteli\u011fi \u2018yalan s\u00f6ylememesidir\u2019&#8230; bilimsel olarak kullan\u0131ld\u0131\u011f\u0131nda, politik sistemler kadar maddi k\u00fclt\u00fcr hakk\u0131nda da \u00f6nemli i\u00e7g\u00f6r\u00fcler kazand\u0131rma potansiyeli vard\u0131r.\u201d <\/p>\n","protected":false},"excerpt":{"rendered":"<p>Bel\u00e7ikal\u0131 tarih\u00e7i Henri Pirenne, be\u015finci ve dokuzuncu y\u00fczy\u0131llar aras\u0131ndaki klasik d\u00f6nem Avrupa tarihini inceledi\u011fi Hazreti Muhammed ve \u015earlman adl\u0131 eserinde iki \u00f6nemli sonuca ula\u015fm\u0131\u015ft\u0131: (1) Cermen<span class=\"excerpt-hellip\"> [\u2026]<\/span><\/p>\n","protected":false},"featured_media":0,"template":"","meta":{"_monsterinsights_skip_tracking":false,"_monsterinsights_sitenote_active":false,"_monsterinsights_sitenote_note":"","_monsterinsights_sitenote_category":0},"product_brand":[],"product_cat":[12370,12304],"product_tag":[],"class_list":{"0":"post-712082","1":"product","2":"type-product","3":"status-publish","5":"product_cat-arastirma-inceleme","6":"product_cat-tarih","7":"pa_cilt-ciltsiz","8":"pa_tur-kitap","9":"pa_yayinevi-ayrinti-yayinlari","10":"pa_yazar-richard-hodges-david-whitehouse","12":"first","13":"instock","14":"sale","15":"shipping-taxable","16":"purchasable","17":"product-type-simple"},"_links":{"self":[{"href":"https:\/\/roveyayinevi.com.tr\/index.php\/wp-json\/wp\/v2\/product\/712082","targetHints":{"allow":["GET"]}}],"collection":[{"href":"https:\/\/roveyayinevi.com.tr\/index.php\/wp-json\/wp\/v2\/product"}],"about":[{"href":"https:\/\/roveyayinevi.com.tr\/index.php\/wp-json\/wp\/v2\/types\/product"}],"wp:attachment":[{"href":"https:\/\/roveyayinevi.com.tr\/index.php\/wp-json\/wp\/v2\/media?parent=712082"}],"wp:term":[{"taxonomy":"product_brand","embeddable":true,"href":"https:\/\/roveyayinevi.com.tr\/index.php\/wp-json\/wp\/v2\/product_brand?post=712082"},{"taxonomy":"product_cat","embeddable":true,"href":"https:\/\/roveyayinevi.com.tr\/index.php\/wp-json\/wp\/v2\/product_cat?post=712082"},{"taxonomy":"product_tag","embeddable":true,"href":"https:\/\/roveyayinevi.com.tr\/index.php\/wp-json\/wp\/v2\/product_tag?post=712082"}],"curies":[{"name":"wp","href":"https:\/\/api.w.org\/{rel}","templated":true}]}}