{"id":712077,"date":"2025-08-27T16:52:10","date_gmt":"2025-08-27T13:52:10","guid":{"rendered":"https:\/\/roveyayinevi.com.tr\/index.php\/urun\/memnu-mintika-ahmet-hamdi-tanpinar-icin-onuc-cikma-bir-otoportre-denemesi\/"},"modified":"2026-04-16T02:20:38","modified_gmt":"2026-04-15T23:20:38","slug":"memnu-mintika-ahmet-hamdi-tanpinar-icin-onuc-cikma-bir-otoportre-denemesi","status":"publish","type":"product","link":"https:\/\/roveyayinevi.com.tr\/index.php\/urun\/memnu-mintika-ahmet-hamdi-tanpinar-icin-onuc-cikma-bir-otoportre-denemesi\/","title":{"rendered":"Memnu M\u0131nt\u0131ka &#8211; Ahmet Hamdi Tanp\u0131nar i\u00e7in On\u00fc\u00e7 \u00c7\u0131kma + Bir Otoportre Denemesi"},"content":{"rendered":"<p>\u201cEdebiyat\u0131m\u0131zda e\u015fine benzerine rastlanmam\u0131\u015f bir \u2018kendini g\u00f6z\u00fcn\u00fcn \u00f6n\u00fcnden ay\u0131rmama\u2019 kalk\u0131\u015f\u0131m\u0131. Tanp\u0131nar, o ayna g\u00f6r\u00fcr g\u00f6rmez y\u00fcz\u00fcyle g\u00f6z\u00fcyle oyna\u015fan adam, defterini a\u00e7t\u0131\u011f\u0131nda beyaz duran zeminini m\u00fcrekkep lekeleriyle karart\u0131yor, bundan \u00f6nemlisi bak\u0131\u015f\u0131na yeretmi\u015f, karamsar mercekle aynay\u0131, Mallarm\u00e9\u2019nin s\u00f6z\u00fcn\u00fc etti\u011fi yans\u0131t\u0131c\u0131 siyah mermere d\u00f6n\u00fc\u015ft\u00fcr\u00fcyordu.\u201d \ufffcTan\u0131t\u0131m Metni<\/p>\n","protected":false},"excerpt":{"rendered":"<p>\u201cEdebiyat\u0131m\u0131zda e\u015fine benzerine rastlanmam\u0131\u015f bir \u2018kendini g\u00f6z\u00fcn\u00fcn \u00f6n\u00fcnden ay\u0131rmama\u2019 kalk\u0131\u015f\u0131m\u0131. Tanp\u0131nar, o ayna g\u00f6r\u00fcr g\u00f6rmez y\u00fcz\u00fcyle g\u00f6z\u00fcyle oyna\u015fan adam, defterini a\u00e7t\u0131\u011f\u0131nda beyaz duran zeminini m\u00fcrekkep lekeleriyle<span class=\"excerpt-hellip\"> [\u2026]<\/span><\/p>\n","protected":false},"featured_media":0,"template":"","meta":{"_monsterinsights_skip_tracking":false,"_monsterinsights_sitenote_active":false,"_monsterinsights_sitenote_note":"","_monsterinsights_sitenote_category":0},"product_brand":[],"product_cat":[12777,12291],"product_tag":[],"class_list":{"0":"post-712077","1":"product","2":"type-product","3":"status-publish","5":"product_cat-deneme","6":"product_cat-edebiyat","7":"pa_cilt-ciltsiz","8":"pa_tur-kitap","9":"pa_yayinevi-kirmizi-kedi-yayinevi","10":"pa_yazar-enis-batur","12":"first","13":"instock","14":"sale","15":"shipping-taxable","16":"purchasable","17":"product-type-simple"},"_links":{"self":[{"href":"https:\/\/roveyayinevi.com.tr\/index.php\/wp-json\/wp\/v2\/product\/712077","targetHints":{"allow":["GET"]}}],"collection":[{"href":"https:\/\/roveyayinevi.com.tr\/index.php\/wp-json\/wp\/v2\/product"}],"about":[{"href":"https:\/\/roveyayinevi.com.tr\/index.php\/wp-json\/wp\/v2\/types\/product"}],"wp:attachment":[{"href":"https:\/\/roveyayinevi.com.tr\/index.php\/wp-json\/wp\/v2\/media?parent=712077"}],"wp:term":[{"taxonomy":"product_brand","embeddable":true,"href":"https:\/\/roveyayinevi.com.tr\/index.php\/wp-json\/wp\/v2\/product_brand?post=712077"},{"taxonomy":"product_cat","embeddable":true,"href":"https:\/\/roveyayinevi.com.tr\/index.php\/wp-json\/wp\/v2\/product_cat?post=712077"},{"taxonomy":"product_tag","embeddable":true,"href":"https:\/\/roveyayinevi.com.tr\/index.php\/wp-json\/wp\/v2\/product_tag?post=712077"}],"curies":[{"name":"wp","href":"https:\/\/api.w.org\/{rel}","templated":true}]}}