{"id":712075,"date":"2025-08-27T16:52:09","date_gmt":"2025-08-27T13:52:09","guid":{"rendered":"https:\/\/roveyayinevi.com.tr\/index.php\/urun\/liberalizmden-once-ozgurluk\/"},"modified":"2026-04-16T02:20:38","modified_gmt":"2026-04-15T23:20:38","slug":"liberalizmden-once-ozgurluk","status":"publish","type":"product","link":"https:\/\/roveyayinevi.com.tr\/index.php\/urun\/liberalizmden-once-ozgurluk\/","title":{"rendered":"Liberalizmden \u00d6nce \u00d6zg\u00fcrl\u00fck"},"content":{"rendered":"<p>\u00dcnl\u00fc tarih\u00e7i ve siyaset bilimci Quentin Skinner, bu eserinde liberalizmin anavatan\u0131 say\u0131lan \u0130ngiltere\u2019nin i\u00e7 sava\u015f d\u00f6nemine cumhuriyet\u00e7i bir perspektiften bak\u0131yor. Monar\u015finin ortadan kalkt\u0131\u011f\u0131 k\u0131sa s\u00fcreli Commonwealth\u2019in unutulmaya y\u00fcz tutan d\u00fc\u015f\u00fcn\u00fcrlerinin tart\u0131\u015fmalar\u0131na odaklan\u0131rken, eski Roma ve R\u00f6nesans ideallerinin nas\u0131l yank\u0131land\u0131\u011f\u0131n\u0131 ve akabinde bunlar\u0131n Amerikan Devrimi\u2019nin \u0130ngiliz monar\u015fisine kar\u015f\u0131 m\u00fccadelesine nas\u0131l aktar\u0131ld\u0131\u011f\u0131n\u0131 hat\u0131rlat\u0131yor. Kitab\u0131n belki de en \u00f6nemli temalar\u0131ndan biri, liberalizmin ezici zaferiyle h\u00e2kim olan \u00f6zg\u00fcrl\u00fck anlay\u0131\u015f\u0131 kar\u015f\u0131s\u0131na cumhuriyet\u00e7i d\u00fc\u015f\u00fcncenin miras\u0131n\u0131n \u00e7\u0131kar\u0131lmas\u0131d\u0131r. B\u00fcy\u00fck \u00f6l\u00e7\u00fcde Hobbes\u2019un miras\u0131na yaslanan \u00f6zg\u00fcrl\u00fck anlay\u0131\u015f\u0131, negatif i\u00e7erikte bir kavray\u0131\u015f\u0131n \u00fcr\u00fcn\u00fc olarak bug\u00fcn dahi etkisini s\u00fcrd\u00fcr\u00fcyor. Skinner, kitab\u0131nda tam da bu liberal hegemonyaya itiraz ediyor. S\u00f6z konusu \u00f6zg\u00fcrl\u00fck nosyonunun kar\u015f\u0131s\u0131nda, bir zamanlar etkili olmu\u015f ve modernli\u011fin do\u011fu\u015funa da kaynakl\u0131k eden bu cumhuriyet\u00e7ilik anlay\u0131\u015f\u0131n\u0131 \u201cYeni-romac\u0131\u201d gelenek ad\u0131yla ilk defa burada kavramsalla\u015ft\u0131r\u0131yor.   \u00dclkemizde de keyf\u00ee y\u00f6netimle temsili demokrasinin bu kadar i\u00e7 i\u00e7e ge\u00e7ti\u011fi bir zamanda, tarih baz\u0131 \u015feylerin de\u011fi\u015fmedi\u011fini bize ac\u0131yla an\u0131msatmaya devam ediyor. Tarihten e\u011fer ya\u015fan\u0131p bitmi\u015f bir olaylar silsilesinden fazlas\u0131n\u0131 anl\u0131yorsak, o halde ge\u00e7mi\u015fin entelekt\u00fcel d\u00fcnyas\u0131na yeniden ad\u0131m atarak d\u00fcn ve bug\u00fcn aras\u0131ndaki olas\u0131 ili\u015fkilenme bi\u00e7imleri i\u00e7in alternatifler sunman\u0131n bir arac\u0131 olabilir. Liberalizmden \u00d6nce \u00d6zg\u00fcrl\u00fck, bu ba\u011flamda R\u00f6nesans ve erken modern d\u00f6nem \u00fczerine \u00e7al\u0131\u015fmalar\u0131yla tan\u0131nan bir d\u00fc\u015f\u00fcnce ustas\u0131ndan k\u0131sa ama etkili bir m\u00fcdahale. <\/p>\n","protected":false},"excerpt":{"rendered":"<p>\u00dcnl\u00fc tarih\u00e7i ve siyaset bilimci Quentin Skinner, bu eserinde liberalizmin anavatan\u0131 say\u0131lan \u0130ngiltere\u2019nin i\u00e7 sava\u015f d\u00f6nemine cumhuriyet\u00e7i bir perspektiften bak\u0131yor. Monar\u015finin ortadan kalkt\u0131\u011f\u0131 k\u0131sa s\u00fcreli Commonwealth\u2019in<span class=\"excerpt-hellip\"> [\u2026]<\/span><\/p>\n","protected":false},"featured_media":0,"template":"","meta":{"_monsterinsights_skip_tracking":false,"_monsterinsights_sitenote_active":false,"_monsterinsights_sitenote_note":"","_monsterinsights_sitenote_category":0},"product_brand":[],"product_cat":[12337,14528],"product_tag":[],"class_list":{"0":"post-712075","1":"product","2":"type-product","3":"status-publish","5":"product_cat-politika-siyaset","6":"product_cat-siyaset-tarihi","7":"pa_cilt-ciltsiz","8":"pa_tur-kitap","9":"pa_yayinevi-islik-yayinlari","10":"pa_yazar-quentin-skinner","12":"first","13":"instock","14":"sale","15":"shipping-taxable","16":"purchasable","17":"product-type-simple"},"_links":{"self":[{"href":"https:\/\/roveyayinevi.com.tr\/index.php\/wp-json\/wp\/v2\/product\/712075","targetHints":{"allow":["GET"]}}],"collection":[{"href":"https:\/\/roveyayinevi.com.tr\/index.php\/wp-json\/wp\/v2\/product"}],"about":[{"href":"https:\/\/roveyayinevi.com.tr\/index.php\/wp-json\/wp\/v2\/types\/product"}],"wp:attachment":[{"href":"https:\/\/roveyayinevi.com.tr\/index.php\/wp-json\/wp\/v2\/media?parent=712075"}],"wp:term":[{"taxonomy":"product_brand","embeddable":true,"href":"https:\/\/roveyayinevi.com.tr\/index.php\/wp-json\/wp\/v2\/product_brand?post=712075"},{"taxonomy":"product_cat","embeddable":true,"href":"https:\/\/roveyayinevi.com.tr\/index.php\/wp-json\/wp\/v2\/product_cat?post=712075"},{"taxonomy":"product_tag","embeddable":true,"href":"https:\/\/roveyayinevi.com.tr\/index.php\/wp-json\/wp\/v2\/product_tag?post=712075"}],"curies":[{"name":"wp","href":"https:\/\/api.w.org\/{rel}","templated":true}]}}