{"id":712073,"date":"2025-08-27T16:52:08","date_gmt":"2025-08-27T13:52:08","guid":{"rendered":"https:\/\/roveyayinevi.com.tr\/index.php\/urun\/bilgi-tarihi-nedir\/"},"modified":"2025-11-22T04:30:14","modified_gmt":"2025-11-22T01:30:14","slug":"bilgi-tarihi-nedir","status":"publish","type":"product","link":"https:\/\/roveyayinevi.com.tr\/index.php\/urun\/bilgi-tarihi-nedir\/","title":{"rendered":"Bilgi Tarihi Nedir?"},"content":{"rendered":"<p>Elinizdeki kitap her ne kadar ba\u015fl\u0131\u011f\u0131 aksini s\u00f6ylese de bilgi tarihinden \u00e7ok her ikisi de \u00e7o\u011ful olan bilgilerin tarihleri hakk\u0131nda bir kitap. Saf veya pratik, soyut veya somut, a\u00e7\u0131k veya kapal\u0131 bilgilerin tarihlerine ili\u015fkin harikulade bir giri\u015f kitab\u0131. Bu ara\u015ft\u0131rma alan\u0131na y\u00f6nelmek isteyen okur i\u00e7in e\u015fsiz bir k\u0131lavuz. Bilgi nas\u0131l toplan\u0131r, s\u0131n\u0131fland\u0131r\u0131l\u0131r, do\u011frulan\u0131r, saklan\u0131r veya bireyler, \u015firketler ya da devletler taraf\u0131ndan nas\u0131l kullan\u0131l\u0131r. \u00c7e\u015fitli d\u00f6nemler ve \u00e7e\u015fitli yerlerden \u00f6rneklerle bilgi tarihine \u0131\u015f\u0131k tutan ve bilginin olu\u015fumunun, daha do\u011frusu \u201c\u00e7i\u011f\u201d enformasyonun bir dizi s\u00fcre\u00e7ten ge\u00e7erek \u201cpi\u015fmi\u015f\u201d bilgiye d\u00f6n\u00fc\u015f\u00fcm\u00fcn\u00fcn tarihini sunan Peter Burke kitab\u0131nda yerel bilgileri g\u00f6z ard\u0131 etmeyen ve bilgisizli\u011fi, yani cehaleti de i\u015fin i\u00e7ine katan bir tarihin ana hatlar\u0131n\u0131 \u00e7iziyor. Nispeten yeni bir tarihsel ara\u015ft\u0131rma alan\u0131 olan bilgi tarihi hakk\u0131ndaki bu harikulade giri\u015f kitab\u0131 okuru bilgi, enformasyon, bilgi d\u00fczeni, bilgi toplumu, konumlu bilgi, entelekt\u00fcel gibi kavramlar etraf\u0131nda bir yolculu\u011fa \u00e7\u0131kararak enformasyonun bilgiye d\u00f6n\u00fc\u015f\u00fcm s\u00fcre\u00e7lerini say\u0131p d\u00f6k\u00fcyor. Bilgi tarihine sadece dikey eksende de\u011fil ayn\u0131 zamanda yatay eksende bakarak bilgiler aras\u0131ndaki hiyerar\u015fiyi ya da m\u00fccadeleyi masaya yat\u0131r\u0131yor. Bilginin tamamlay\u0131c\u0131 kar\u015f\u0131tlar\u0131ndan ya da toplumsal ba\u011flam\u0131ndan ayr\u0131 olarak d\u00fc\u015f\u00fcn\u00fclemeyece\u011finin vurguland\u0131\u011f\u0131 ve g\u00fcn\u00fcm\u00fcz bilgi toplumunun k\u00f6klerinin de\u015fifre edildi\u011fi bir tarihi g\u00f6zler \u00f6n\u00fcne seriyor. Bilgi tarihi bir m\u00fccadele tarihidir; eri\u015fimi geni\u015fletmeye \u00e7al\u0131\u015fan kuvvetler ile onu k\u0131s\u0131tlamaya \u00e7al\u0131\u015fan kuvvetler aras\u0131ndaki bitmek bilmez bir m\u00fccadelenin tarihidir. <\/p>\n","protected":false},"excerpt":{"rendered":"<p>Elinizdeki kitap her ne kadar ba\u015fl\u0131\u011f\u0131 aksini s\u00f6ylese de bilgi tarihinden \u00e7ok her ikisi de \u00e7o\u011ful olan bilgilerin tarihleri hakk\u0131nda bir kitap. Saf veya pratik, soyut<span class=\"excerpt-hellip\"> [\u2026]<\/span><\/p>\n","protected":false},"featured_media":0,"template":"","meta":{"_monsterinsights_skip_tracking":false,"_monsterinsights_sitenote_active":false,"_monsterinsights_sitenote_note":"","_monsterinsights_sitenote_category":0},"product_brand":[],"product_cat":[13005,15998],"product_tag":[],"class_list":{"0":"post-712073","1":"product","2":"type-product","3":"status-publish","5":"product_cat-bilim-muhendislik","6":"product_cat-bilim-tarihi","7":"pa_cilt-ciltsiz","8":"pa_tur-kitap","9":"pa_yayinevi-islik-yayinlari","10":"pa_yazar-peter-burke","12":"first","13":"instock","14":"sale","15":"shipping-taxable","16":"purchasable","17":"product-type-simple"},"_links":{"self":[{"href":"https:\/\/roveyayinevi.com.tr\/index.php\/wp-json\/wp\/v2\/product\/712073","targetHints":{"allow":["GET"]}}],"collection":[{"href":"https:\/\/roveyayinevi.com.tr\/index.php\/wp-json\/wp\/v2\/product"}],"about":[{"href":"https:\/\/roveyayinevi.com.tr\/index.php\/wp-json\/wp\/v2\/types\/product"}],"wp:attachment":[{"href":"https:\/\/roveyayinevi.com.tr\/index.php\/wp-json\/wp\/v2\/media?parent=712073"}],"wp:term":[{"taxonomy":"product_brand","embeddable":true,"href":"https:\/\/roveyayinevi.com.tr\/index.php\/wp-json\/wp\/v2\/product_brand?post=712073"},{"taxonomy":"product_cat","embeddable":true,"href":"https:\/\/roveyayinevi.com.tr\/index.php\/wp-json\/wp\/v2\/product_cat?post=712073"},{"taxonomy":"product_tag","embeddable":true,"href":"https:\/\/roveyayinevi.com.tr\/index.php\/wp-json\/wp\/v2\/product_tag?post=712073"}],"curies":[{"name":"wp","href":"https:\/\/api.w.org\/{rel}","templated":true}]}}