{"id":712071,"date":"2025-08-27T16:52:07","date_gmt":"2025-08-27T13:52:07","guid":{"rendered":"https:\/\/roveyayinevi.com.tr\/index.php\/urun\/piyano-repertuvari-kitabi-1\/"},"modified":"2026-04-16T02:20:38","modified_gmt":"2026-04-15T23:20:38","slug":"piyano-repertuvari-kitabi-1","status":"publish","type":"product","link":"https:\/\/roveyayinevi.com.tr\/index.php\/urun\/piyano-repertuvari-kitabi-1\/","title":{"rendered":"Piyano Repertuvar\u0131 Kitab\u0131 -1"},"content":{"rendered":"<p>Bu kitap piyano 1 serisi kitaplar\u0131n devam\u0131 olarak haz\u0131rlanm\u0131\u015ft\u0131r. Piyano 1 repertuvar kitab\u0131 haz\u0131rlan\u0131rken piyano 1metot kitab\u0131ndaki konulara uyumlu olmas\u0131na dikkat edilmi\u015ftir. Uzun y\u0131llard\u0131r \u00e7al\u0131\u015ft\u0131\u011f\u0131m \u00f6\u011frencilerimden edindi\u011fim bilgilere g\u00f6re farkl\u0131 par\u00e7alar \u00e7almak \u00f6\u011frencinin piyano tekni\u011fine faydal\u0131 olmaktad\u0131r. Piyanoya sa\u011flam bir temel ile ba\u015flang\u0131\u00e7 yapmak i\u00e7in piyano 1 metot piyano 1 \u00e7al\u0131\u015fma kitab\u0131 ve bu piyano 1 repertuvar\u0131 kitaplar\u0131n\u0131n beraber kullan\u0131lmas\u0131n\u0131n \u00e7ok daha faydal\u0131 olaca\u011f\u0131n\u0131 hat\u0131rlatmak isterim . \ufffcTan\u0131t\u0131m Metni<\/p>\n","protected":false},"excerpt":{"rendered":"<p>Bu kitap piyano 1 serisi kitaplar\u0131n devam\u0131 olarak haz\u0131rlanm\u0131\u015ft\u0131r. Piyano 1 repertuvar kitab\u0131 haz\u0131rlan\u0131rken piyano 1metot kitab\u0131ndaki konulara uyumlu olmas\u0131na dikkat edilmi\u015ftir. Uzun y\u0131llard\u0131r \u00e7al\u0131\u015ft\u0131\u011f\u0131m \u00f6\u011frencilerimden<span class=\"excerpt-hellip\"> [\u2026]<\/span><\/p>\n","protected":false},"featured_media":0,"template":"","meta":{"_monsterinsights_skip_tracking":false,"_monsterinsights_sitenote_active":false,"_monsterinsights_sitenote_note":"","_monsterinsights_sitenote_category":0},"product_brand":[],"product_cat":[12274,12649],"product_tag":[],"class_list":{"0":"post-712071","1":"product","2":"type-product","3":"status-publish","5":"product_cat-cocuk-ve-genclik-kitaplari","6":"product_cat-hobi-muzik","7":"pa_cilt-ciltsiz","8":"pa_tur-kitap","9":"pa_yayinevi-porte-muzik-egitim-merkezi","10":"pa_yazar-elena-yikilmaz","12":"first","13":"instock","14":"sale","15":"shipping-taxable","16":"purchasable","17":"product-type-simple"},"_links":{"self":[{"href":"https:\/\/roveyayinevi.com.tr\/index.php\/wp-json\/wp\/v2\/product\/712071","targetHints":{"allow":["GET"]}}],"collection":[{"href":"https:\/\/roveyayinevi.com.tr\/index.php\/wp-json\/wp\/v2\/product"}],"about":[{"href":"https:\/\/roveyayinevi.com.tr\/index.php\/wp-json\/wp\/v2\/types\/product"}],"wp:attachment":[{"href":"https:\/\/roveyayinevi.com.tr\/index.php\/wp-json\/wp\/v2\/media?parent=712071"}],"wp:term":[{"taxonomy":"product_brand","embeddable":true,"href":"https:\/\/roveyayinevi.com.tr\/index.php\/wp-json\/wp\/v2\/product_brand?post=712071"},{"taxonomy":"product_cat","embeddable":true,"href":"https:\/\/roveyayinevi.com.tr\/index.php\/wp-json\/wp\/v2\/product_cat?post=712071"},{"taxonomy":"product_tag","embeddable":true,"href":"https:\/\/roveyayinevi.com.tr\/index.php\/wp-json\/wp\/v2\/product_tag?post=712071"}],"curies":[{"name":"wp","href":"https:\/\/api.w.org\/{rel}","templated":true}]}}