{"id":712069,"date":"2025-08-27T16:52:06","date_gmt":"2025-08-27T13:52:06","guid":{"rendered":"https:\/\/roveyayinevi.com.tr\/index.php\/urun\/genel-kimya-2\/"},"modified":"2026-04-16T02:20:38","modified_gmt":"2026-04-15T23:20:38","slug":"genel-kimya-2","status":"publish","type":"product","link":"https:\/\/roveyayinevi.com.tr\/index.php\/urun\/genel-kimya-2\/","title":{"rendered":"Genel Kimya 2"},"content":{"rendered":"<p>E\u011fitim Fak\u00fcltelerinin Fen Bilgisi \u00d6\u011fretmenli\u011fi programlar\u0131nda farkl\u0131 d\u00f6nemlerde okutulan 4 adet Genel Kimya dersi bulunmakta olup bunlar\u0131n i\u00e7erikleri Y\u00d6K taraf\u0131ndan olu\u015fturulmu\u015ftur. Bunlardan Genel Kimya 1 ve Genel Kimya 2 di\u011fer kimya b\u00f6l\u00fcm\u00fc \u00f6\u011frencilerinin almakta oldu\u011fu Genel Kimya dersi i\u00e7eri\u011fine benzemekle birlikte, Genel Kimya 3 ve Genel Kimya 4 s\u0131ras\u0131yla Analitik ve Organik Kimya a\u011f\u0131rl\u0131kl\u0131d\u0131r. Bir d\u00f6neme s\u0131k\u0131\u015ft\u0131r\u0131lan bu derslerin i\u00e7eri\u011finin organize edilmesi ve \u00f6\u011frenci d\u00fczeyine uygun ve bir d\u00f6nemde tamamlanabilecek \u015fekilde haz\u0131rlanmas\u0131 \u00f6nemlidir. 9 b\u00f6l\u00fcmden olu\u015fan Genel Kimya 2 kitab\u0131n\u0131n b\u00f6l\u00fcmlerinin belirlenmesinde, \u00f6ncelikle Y\u00d6K taraf\u0131ndan haz\u0131rlanan Fen Bilgisi \u00d6\u011fretmenli\u011fi program\u0131ndaki Genel Kimya 2 dersi i\u00e7eri\u011fi dikkate al\u0131nm\u0131\u015ft\u0131r. Ancak bu kitab\u0131n gerek Genel Kimya dersi alan di\u011fer b\u00f6l\u00fcm \u00f6\u011frencilerine de hitap edecek olmas\u0131 gerekse bir kimya e\u011fitimi mant\u0131\u011f\u0131 ile yaz\u0131lm\u0131\u015f olmas\u0131 nedeniyle, b\u00f6l\u00fcmler Genel Kimya 1 ve Genel Kimya 2 derslerinin \u00f6\u011fretiminin a\u015famal\u0131l\u0131k ili\u015fkisi dikkate al\u0131n\u0131larak d\u00fczenlenmi\u015ftir. Bu s\u0131ralamada program i\u00e7eri\u011finde yer alan baz\u0131 b\u00f6l\u00fcmler geni\u015fletilmi\u015f, baz\u0131lar\u0131 ikiye b\u00f6l\u00fcnm\u00fc\u015f ve baz\u0131 yeni eklemeler yap\u0131lm\u0131\u015ft\u0131r. \u00d6zellikle fen bilgisi \u00f6\u011frencilerinin ileride \u00f6\u011fretmen olduklar\u0131nda ellerinde daha kapsaml\u0131 bir kaynak kitap olmas\u0131 a\u00e7\u0131s\u0131ndan bu husus son derece \u00f6nemlidir. <\/p>\n","protected":false},"excerpt":{"rendered":"<p>E\u011fitim Fak\u00fcltelerinin Fen Bilgisi \u00d6\u011fretmenli\u011fi programlar\u0131nda farkl\u0131 d\u00f6nemlerde okutulan 4 adet Genel Kimya dersi bulunmakta olup bunlar\u0131n i\u00e7erikleri Y\u00d6K taraf\u0131ndan olu\u015fturulmu\u015ftur. Bunlardan Genel Kimya 1 ve<span class=\"excerpt-hellip\"> [\u2026]<\/span><\/p>\n","protected":false},"featured_media":0,"template":"","meta":{"_monsterinsights_skip_tracking":false,"_monsterinsights_sitenote_active":false,"_monsterinsights_sitenote_note":"","_monsterinsights_sitenote_category":0},"product_brand":[],"product_cat":[15351,15350],"product_tag":[],"class_list":{"0":"post-712069","1":"product","2":"type-product","3":"status-publish","5":"product_cat-ders-kitaplari","6":"product_cat-hukuk","7":"pa_cilt-ciltsiz","8":"pa_tur-kitap","9":"pa_yayinevi-ani-yayincilik","10":"pa_yazar-canan-nakiboglu","12":"first","13":"instock","14":"sale","15":"shipping-taxable","16":"purchasable","17":"product-type-simple"},"_links":{"self":[{"href":"https:\/\/roveyayinevi.com.tr\/index.php\/wp-json\/wp\/v2\/product\/712069","targetHints":{"allow":["GET"]}}],"collection":[{"href":"https:\/\/roveyayinevi.com.tr\/index.php\/wp-json\/wp\/v2\/product"}],"about":[{"href":"https:\/\/roveyayinevi.com.tr\/index.php\/wp-json\/wp\/v2\/types\/product"}],"wp:attachment":[{"href":"https:\/\/roveyayinevi.com.tr\/index.php\/wp-json\/wp\/v2\/media?parent=712069"}],"wp:term":[{"taxonomy":"product_brand","embeddable":true,"href":"https:\/\/roveyayinevi.com.tr\/index.php\/wp-json\/wp\/v2\/product_brand?post=712069"},{"taxonomy":"product_cat","embeddable":true,"href":"https:\/\/roveyayinevi.com.tr\/index.php\/wp-json\/wp\/v2\/product_cat?post=712069"},{"taxonomy":"product_tag","embeddable":true,"href":"https:\/\/roveyayinevi.com.tr\/index.php\/wp-json\/wp\/v2\/product_tag?post=712069"}],"curies":[{"name":"wp","href":"https:\/\/api.w.org\/{rel}","templated":true}]}}