{"id":712068,"date":"2025-08-27T16:52:06","date_gmt":"2025-08-27T13:52:06","guid":{"rendered":"https:\/\/roveyayinevi.com.tr\/index.php\/urun\/novalisten-aforizmalar\/"},"modified":"2026-04-16T02:20:38","modified_gmt":"2026-04-15T23:20:38","slug":"novalisten-aforizmalar","status":"publish","type":"product","link":"https:\/\/roveyayinevi.com.tr\/index.php\/urun\/novalisten-aforizmalar\/","title":{"rendered":"Novalis&#8217;ten Aforizmalar"},"content":{"rendered":"<p>Ad\u0131, Nietzsche, Goethe, Lichtenberg, Fr. Schlegel ve Karl Kraus gibi Alman edebiyat\u0131n\u0131n \u00fcnl\u00fc aforizmac\u0131lar\u0131 ile birlikte an\u0131lan Novalis, Alman Romantik d\u00f6neminin \u00f6nemli isimlerinden biridir. \u0130lk \u00e7al\u0131\u015fmalar\u0131 d\u00f6nem okurlar\u0131 taraf\u0131ndan g\u00f6z ard\u0131 edilen Novalis, aforizmalar\u0131nda d\u00fc\u015f\u00fcnce ve ruh d\u00fcnyas\u0131n\u0131, inan\u00e7 ve H\u0131ristiyanl\u0131kla ilgili fikirlerini, hatta y\u00f6netime dair d\u00fc\u015f\u00fcncelerini dile getirir. Bazen \u00f6zdeyi\u015fler, bazen fragmanlar bi\u00e7iminde, en sonundaysa g\u00fcnce notlar\u0131 \u015feklinde sunulan ve \u201cAlman romantizmini d\u00f6rt ba\u015f\u0131 mamur bir romanti\u011fin kaleminden tan\u0131maya imk\u00e2n veren\u201d Aforizmalar, G\u00fcrsel Ayta\u00e7\u2019\u0131n \u00e7evirisi ile okurla bulu\u015fuyor. <\/p>\n","protected":false},"excerpt":{"rendered":"<p>Ad\u0131, Nietzsche, Goethe, Lichtenberg, Fr. Schlegel ve Karl Kraus gibi Alman edebiyat\u0131n\u0131n \u00fcnl\u00fc aforizmac\u0131lar\u0131 ile birlikte an\u0131lan Novalis, Alman Romantik d\u00f6neminin \u00f6nemli isimlerinden biridir. \u0130lk \u00e7al\u0131\u015fmalar\u0131<span class=\"excerpt-hellip\"> [\u2026]<\/span><\/p>\n","protected":false},"featured_media":0,"template":"","meta":{"_monsterinsights_skip_tracking":false,"_monsterinsights_sitenote_active":false,"_monsterinsights_sitenote_note":"","_monsterinsights_sitenote_category":0},"product_brand":[],"product_cat":[12312,12304],"product_tag":[],"class_list":{"0":"post-712068","1":"product","2":"type-product","3":"status-publish","5":"product_cat-diger","6":"product_cat-tarih","7":"pa_cilt-ciltsiz","8":"pa_tur-kitap","9":"pa_yayinevi-say-yayinlari","10":"pa_yazar-novalis","12":"first","13":"instock","14":"sale","15":"shipping-taxable","16":"purchasable","17":"product-type-simple"},"_links":{"self":[{"href":"https:\/\/roveyayinevi.com.tr\/index.php\/wp-json\/wp\/v2\/product\/712068","targetHints":{"allow":["GET"]}}],"collection":[{"href":"https:\/\/roveyayinevi.com.tr\/index.php\/wp-json\/wp\/v2\/product"}],"about":[{"href":"https:\/\/roveyayinevi.com.tr\/index.php\/wp-json\/wp\/v2\/types\/product"}],"wp:attachment":[{"href":"https:\/\/roveyayinevi.com.tr\/index.php\/wp-json\/wp\/v2\/media?parent=712068"}],"wp:term":[{"taxonomy":"product_brand","embeddable":true,"href":"https:\/\/roveyayinevi.com.tr\/index.php\/wp-json\/wp\/v2\/product_brand?post=712068"},{"taxonomy":"product_cat","embeddable":true,"href":"https:\/\/roveyayinevi.com.tr\/index.php\/wp-json\/wp\/v2\/product_cat?post=712068"},{"taxonomy":"product_tag","embeddable":true,"href":"https:\/\/roveyayinevi.com.tr\/index.php\/wp-json\/wp\/v2\/product_tag?post=712068"}],"curies":[{"name":"wp","href":"https:\/\/api.w.org\/{rel}","templated":true}]}}