{"id":712065,"date":"2025-08-27T16:52:04","date_gmt":"2025-08-27T13:52:04","guid":{"rendered":"https:\/\/roveyayinevi.com.tr\/index.php\/urun\/2-abdulhamid-donemi-ilkogretimde-ahlak-egitimi\/"},"modified":"2026-04-16T02:20:38","modified_gmt":"2026-04-15T23:20:38","slug":"2-abdulhamid-donemi-ilkogretimde-ahlak-egitimi","status":"publish","type":"product","link":"https:\/\/roveyayinevi.com.tr\/index.php\/urun\/2-abdulhamid-donemi-ilkogretimde-ahlak-egitimi\/","title":{"rendered":"2. Abd\u00fclhamid D\u00f6nemi \u0130lk\u00f6\u011fretimde Ahlak E\u011fitimi"},"content":{"rendered":"<p>II. Abd\u00fclhamid d\u00f6neminde ilk\u00f6\u011fretimden y\u00fcksek\u00f6\u011fretime kadar e\u011fitim alan\u0131nda pek \u00e7ok ad\u0131m at\u0131lm\u0131\u015ft\u0131r. Bu ad\u0131mlar at\u0131l\u0131rken e\u011fitimin toplumsal hayattaki \u00f6nemi g\u00f6z \u00f6n\u00fcnde tutularak belirli konularda hassasiyet g\u00f6sterilmi\u015ftir. Hassasiyet g\u00f6sterilen konulardan biri de \u201cahl\u00e2k\u201dt\u0131r. Bu ba\u011flamda ahl\u00e2k derslerinin m\u00fcfredattaki a\u011f\u0131rl\u0131\u011f\u0131 art\u0131r\u0131lm\u0131\u015f ve ders kitaplar\u0131 haz\u0131rlanm\u0131\u015ft\u0131r.  \u0130\u015fte bu kitapta II. Abd\u00fclhamid d\u00f6neminde ilk\u00f6\u011fretimdeki ahl\u00e2k e\u011fitimi ve ibtida\u00ee mekteplerin ahl\u00e2k derslerinde okutulan \u201cRehn\u00fcm\u00e2-y\u0131 Ahl\u00e2k\u201d adl\u0131 ders kitab\u0131 ele al\u0131nm\u0131\u015ft\u0131r. Ayr\u0131ca \u201cRehn\u00fcm\u00e2-y\u0131 Ahl\u00e2k\u201d\u0131n kriti\u011fi yap\u0131larak, asl\u0131 ve transkripsiyonu birlikte verilmi\u015ftir. B\u00f6ylece okuyucu, II. Abd\u00fclhamid d\u00f6nemindeki bir ders kitab\u0131yla do\u011frudan kar\u015f\u0131 kar\u015f\u0131ya gelerek d\u00f6nemin e\u011fitim politikalar\u0131 ve ahl\u00e2k anlay\u0131\u015f\u0131n\u0131 okuyup, sade bir T\u00fcrk\u00e7e olmas\u0131 hasebiyle de rahatl\u0131kla anlayabilecektir. Yine bu kitap, akademik tarih ara\u015ft\u0131rmalar\u0131 a\u00e7\u0131s\u0131ndan kaynak te\u015fkil edece\u011fi gibi e\u011fitimciler i\u00e7in \u00f6\u011fretim materyali olarak de\u011ferlendirilebilecektir. <\/p>\n","protected":false},"excerpt":{"rendered":"<p>II. Abd\u00fclhamid d\u00f6neminde ilk\u00f6\u011fretimden y\u00fcksek\u00f6\u011fretime kadar e\u011fitim alan\u0131nda pek \u00e7ok ad\u0131m at\u0131lm\u0131\u015ft\u0131r. Bu ad\u0131mlar at\u0131l\u0131rken e\u011fitimin toplumsal hayattaki \u00f6nemi g\u00f6z \u00f6n\u00fcnde tutularak belirli konularda hassasiyet g\u00f6sterilmi\u015ftir.<span class=\"excerpt-hellip\"> [\u2026]<\/span><\/p>\n","protected":false},"featured_media":0,"template":"","meta":{"_monsterinsights_skip_tracking":false,"_monsterinsights_sitenote_active":false,"_monsterinsights_sitenote_note":"","_monsterinsights_sitenote_category":0},"product_brand":[],"product_cat":[13072,12291],"product_tag":[],"class_list":{"0":"post-712065","1":"product","2":"type-product","3":"status-publish","5":"product_cat-arastirma-inceleme-referans","6":"product_cat-edebiyat","7":"pa_cilt-ciltsiz","8":"pa_tur-kitap","9":"pa_yayinevi-yeditepe-yayinevi","10":"pa_yazar-ahmet-vurgun","12":"first","13":"instock","14":"sale","15":"shipping-taxable","16":"purchasable","17":"product-type-simple"},"_links":{"self":[{"href":"https:\/\/roveyayinevi.com.tr\/index.php\/wp-json\/wp\/v2\/product\/712065","targetHints":{"allow":["GET"]}}],"collection":[{"href":"https:\/\/roveyayinevi.com.tr\/index.php\/wp-json\/wp\/v2\/product"}],"about":[{"href":"https:\/\/roveyayinevi.com.tr\/index.php\/wp-json\/wp\/v2\/types\/product"}],"wp:attachment":[{"href":"https:\/\/roveyayinevi.com.tr\/index.php\/wp-json\/wp\/v2\/media?parent=712065"}],"wp:term":[{"taxonomy":"product_brand","embeddable":true,"href":"https:\/\/roveyayinevi.com.tr\/index.php\/wp-json\/wp\/v2\/product_brand?post=712065"},{"taxonomy":"product_cat","embeddable":true,"href":"https:\/\/roveyayinevi.com.tr\/index.php\/wp-json\/wp\/v2\/product_cat?post=712065"},{"taxonomy":"product_tag","embeddable":true,"href":"https:\/\/roveyayinevi.com.tr\/index.php\/wp-json\/wp\/v2\/product_tag?post=712065"}],"curies":[{"name":"wp","href":"https:\/\/api.w.org\/{rel}","templated":true}]}}