{"id":712062,"date":"2025-08-27T16:52:03","date_gmt":"2025-08-27T13:52:03","guid":{"rendered":"https:\/\/roveyayinevi.com.tr\/index.php\/urun\/kor-baykus-2\/"},"modified":"2026-04-16T02:20:37","modified_gmt":"2026-04-15T23:20:37","slug":"kor-baykus-2","status":"publish","type":"product","link":"https:\/\/roveyayinevi.com.tr\/index.php\/urun\/kor-baykus-2\/","title":{"rendered":"K\u00f6r Bayku\u015f"},"content":{"rendered":"<p>Sad\u0131k Hidayet\u2019in K\u00f6r Bayku\u015f\u2019ta kulland\u0131\u011f\u0131 genel melankolik hava kendisinin ya\u015fad\u0131klar\u0131n\u0131n bir yans\u0131mas\u0131d\u0131r. Hidayet\u2019in farkl\u0131 aray\u0131\u015flar\u0131, siyasi yap\u0131ya uyum g\u00f6sterememesi, kendisini bir odada hava gaz\u0131yla intihara g\u00f6t\u00fcren gelece\u011fe karamsar bak\u0131\u015f\u0131 K\u00f6r Bayku\u015f\u2019a da sirayet etmi\u015ftir. Bu bak\u0131mdan romandaki bir\u00e7ok unsur otobiyografik bir \u00f6gedir.\u0130ran\u2019\u0131n son d\u00f6nemdeki en b\u00fcy\u00fck yazarlar\u0131ndan olan Sad\u0131k Hidayet, bu roman\u0131nda modern hayat\u0131n varolu\u015f s\u0131k\u0131nt\u0131lar\u0131na bir odada hastal\u0131kl\u0131, zaman d\u0131\u015f\u0131 bir zamanda ya\u015fayan bir kalem kutusu ressam\u0131yla kar\u015f\u0131 koymaya \u00e7al\u0131\u015ft\u0131\u011f\u0131n\u0131 s\u00f6yleyebiliriz. Pasif bir adam\u0131n hayata canh\u0131ra\u015f bir \u015fekilde kar\u015f\u0131 koyu\u015fudur K\u00f6r Bayku\u015f. <\/p>\n","protected":false},"excerpt":{"rendered":"<p>Sad\u0131k Hidayet\u2019in K\u00f6r Bayku\u015f\u2019ta kulland\u0131\u011f\u0131 genel melankolik hava kendisinin ya\u015fad\u0131klar\u0131n\u0131n bir yans\u0131mas\u0131d\u0131r. Hidayet\u2019in farkl\u0131 aray\u0131\u015flar\u0131, siyasi yap\u0131ya uyum g\u00f6sterememesi, kendisini bir odada hava gaz\u0131yla intihara g\u00f6t\u00fcren<span class=\"excerpt-hellip\"> [\u2026]<\/span><\/p>\n","protected":false},"featured_media":0,"template":"","meta":{"_monsterinsights_skip_tracking":false,"_monsterinsights_sitenote_active":false,"_monsterinsights_sitenote_note":"","_monsterinsights_sitenote_category":0},"product_brand":[],"product_cat":[12291,12711],"product_tag":[],"class_list":{"0":"post-712062","1":"product","2":"type-product","3":"status-publish","5":"product_cat-edebiyat","6":"product_cat-roman-oyku","7":"pa_cilt-ciltsiz","8":"pa_tur-kitap","9":"pa_yayinevi-atac-yayinlari","10":"pa_yazar-sadik-hidayet","12":"first","13":"instock","14":"sale","15":"shipping-taxable","16":"purchasable","17":"product-type-simple"},"_links":{"self":[{"href":"https:\/\/roveyayinevi.com.tr\/index.php\/wp-json\/wp\/v2\/product\/712062","targetHints":{"allow":["GET"]}}],"collection":[{"href":"https:\/\/roveyayinevi.com.tr\/index.php\/wp-json\/wp\/v2\/product"}],"about":[{"href":"https:\/\/roveyayinevi.com.tr\/index.php\/wp-json\/wp\/v2\/types\/product"}],"wp:attachment":[{"href":"https:\/\/roveyayinevi.com.tr\/index.php\/wp-json\/wp\/v2\/media?parent=712062"}],"wp:term":[{"taxonomy":"product_brand","embeddable":true,"href":"https:\/\/roveyayinevi.com.tr\/index.php\/wp-json\/wp\/v2\/product_brand?post=712062"},{"taxonomy":"product_cat","embeddable":true,"href":"https:\/\/roveyayinevi.com.tr\/index.php\/wp-json\/wp\/v2\/product_cat?post=712062"},{"taxonomy":"product_tag","embeddable":true,"href":"https:\/\/roveyayinevi.com.tr\/index.php\/wp-json\/wp\/v2\/product_tag?post=712062"}],"curies":[{"name":"wp","href":"https:\/\/api.w.org\/{rel}","templated":true}]}}