{"id":712061,"date":"2025-08-27T16:52:02","date_gmt":"2025-08-27T13:52:02","guid":{"rendered":"https:\/\/roveyayinevi.com.tr\/index.php\/urun\/birinci-dunya-savasindan-kurtulus-savasina-bir-subayin-gunlukleri-ihtiyat-piyade-ustegmen-ihsan-ulvi-efendi\/"},"modified":"2026-04-16T02:20:37","modified_gmt":"2026-04-15T23:20:37","slug":"birinci-dunya-savasindan-kurtulus-savasina-bir-subayin-gunlukleri-ihtiyat-piyade-ustegmen-ihsan-ulvi-efendi","status":"publish","type":"product","link":"https:\/\/roveyayinevi.com.tr\/index.php\/urun\/birinci-dunya-savasindan-kurtulus-savasina-bir-subayin-gunlukleri-ihtiyat-piyade-ustegmen-ihsan-ulvi-efendi\/","title":{"rendered":"Birinci D\u00fcnya Sava\u015f\u0131ndan Kurtulu\u015f Sava\u015f\u0131na Bir Subay\u0131n G\u00fcnl\u00fckleri &#8211; \u0130htiyat Piyade \u00dcste\u011fmen \u0130hsan Ulvi Efendi"},"content":{"rendered":"<p>Bir insan\u0131, kahraman\u0131 hi\u00e7 g\u00f6rmeden ve tan\u0131madan onu sevmenin, ona \u00fcce bir sayg\u0131 duyman\u0131n,onun torunu olman\u0131n onurunu ta\u015f\u0131man\u0131n sonucunda olu\u015ftu bu kitap. \ufffcTan\u0131t\u0131m Metni<\/p>\n","protected":false},"excerpt":{"rendered":"<p>Bir insan\u0131, kahraman\u0131 hi\u00e7 g\u00f6rmeden ve tan\u0131madan onu sevmenin, ona \u00fcce bir sayg\u0131 duyman\u0131n,onun torunu olman\u0131n onurunu ta\u015f\u0131man\u0131n sonucunda olu\u015ftu bu kitap. \ufffcTan\u0131t\u0131m Metni<\/p>\n","protected":false},"featured_media":0,"template":"","meta":{"_monsterinsights_skip_tracking":false,"_monsterinsights_sitenote_active":false,"_monsterinsights_sitenote_note":"","_monsterinsights_sitenote_category":0},"product_brand":[],"product_cat":[14009,12291],"product_tag":[],"class_list":{"0":"post-712061","1":"product","2":"type-product","3":"status-publish","5":"product_cat-biyografi-otobiyografi-edebiyat","6":"product_cat-edebiyat","7":"pa_cilt-ciltsiz","8":"pa_tur-kitap","9":"pa_yayinevi-kultur-ajans-yayinlari","10":"pa_yazar-ihsan-iplikcioglu","12":"first","13":"instock","14":"sale","15":"shipping-taxable","16":"purchasable","17":"product-type-simple"},"_links":{"self":[{"href":"https:\/\/roveyayinevi.com.tr\/index.php\/wp-json\/wp\/v2\/product\/712061","targetHints":{"allow":["GET"]}}],"collection":[{"href":"https:\/\/roveyayinevi.com.tr\/index.php\/wp-json\/wp\/v2\/product"}],"about":[{"href":"https:\/\/roveyayinevi.com.tr\/index.php\/wp-json\/wp\/v2\/types\/product"}],"wp:attachment":[{"href":"https:\/\/roveyayinevi.com.tr\/index.php\/wp-json\/wp\/v2\/media?parent=712061"}],"wp:term":[{"taxonomy":"product_brand","embeddable":true,"href":"https:\/\/roveyayinevi.com.tr\/index.php\/wp-json\/wp\/v2\/product_brand?post=712061"},{"taxonomy":"product_cat","embeddable":true,"href":"https:\/\/roveyayinevi.com.tr\/index.php\/wp-json\/wp\/v2\/product_cat?post=712061"},{"taxonomy":"product_tag","embeddable":true,"href":"https:\/\/roveyayinevi.com.tr\/index.php\/wp-json\/wp\/v2\/product_tag?post=712061"}],"curies":[{"name":"wp","href":"https:\/\/api.w.org\/{rel}","templated":true}]}}