{"id":712055,"date":"2025-08-27T16:51:59","date_gmt":"2025-08-27T13:51:59","guid":{"rendered":"https:\/\/roveyayinevi.com.tr\/index.php\/urun\/disney-mickey-mouse-ilk-yapboz-kitabim\/"},"modified":"2025-09-17T22:39:43","modified_gmt":"2025-09-17T19:39:43","slug":"disney-mickey-mouse-ilk-yapboz-kitabim","status":"publish","type":"product","link":"https:\/\/roveyayinevi.com.tr\/index.php\/urun\/disney-mickey-mouse-ilk-yapboz-kitabim\/","title":{"rendered":"Disney Mickey Mouse \u0130lk Yapboz Kitab\u0131m"},"content":{"rendered":"<p>Yapboz par\u00e7alar\u0131n\u0131 nereye yerle\u015ftirece\u011fini buldun mu? Rengarenk be\u015f yapbozu kitab\u0131n i\u00e7indeki resimlere g\u00f6re tamamla. Sonra \u00f6yk\u00fcy\u00fc oku, Mickey ve ne\u015feli arkada\u015flar\u0131yla e\u011flenceli bir macera ya\u015fa! <\/p>\n","protected":false},"excerpt":{"rendered":"<p>Yapboz par\u00e7alar\u0131n\u0131 nereye yerle\u015ftirece\u011fini buldun mu? Rengarenk be\u015f yapbozu kitab\u0131n i\u00e7indeki resimlere g\u00f6re tamamla. Sonra \u00f6yk\u00fcy\u00fc oku, Mickey ve ne\u015feli arkada\u015flar\u0131yla e\u011flenceli bir macera ya\u015fa!<\/p>\n","protected":false},"featured_media":0,"template":"","meta":{"_monsterinsights_skip_tracking":false,"_monsterinsights_sitenote_active":false,"_monsterinsights_sitenote_note":"","_monsterinsights_sitenote_category":0},"product_brand":[],"product_cat":[12274,90558],"product_tag":[],"class_list":{"0":"post-712055","1":"product","2":"type-product","3":"status-publish","5":"product_cat-cocuk-ve-genclik-kitaplari","6":"product_cat-yapboz-kitaplari","7":"pa_cilt-ciltli","8":"pa_tur-kitap20","9":"pa_yayinevi-dogan-egmont-yayincilik","10":"pa_yazar-kollektif","12":"first","13":"instock","14":"sale","15":"shipping-taxable","16":"purchasable","17":"product-type-simple"},"_links":{"self":[{"href":"https:\/\/roveyayinevi.com.tr\/index.php\/wp-json\/wp\/v2\/product\/712055","targetHints":{"allow":["GET"]}}],"collection":[{"href":"https:\/\/roveyayinevi.com.tr\/index.php\/wp-json\/wp\/v2\/product"}],"about":[{"href":"https:\/\/roveyayinevi.com.tr\/index.php\/wp-json\/wp\/v2\/types\/product"}],"wp:attachment":[{"href":"https:\/\/roveyayinevi.com.tr\/index.php\/wp-json\/wp\/v2\/media?parent=712055"}],"wp:term":[{"taxonomy":"product_brand","embeddable":true,"href":"https:\/\/roveyayinevi.com.tr\/index.php\/wp-json\/wp\/v2\/product_brand?post=712055"},{"taxonomy":"product_cat","embeddable":true,"href":"https:\/\/roveyayinevi.com.tr\/index.php\/wp-json\/wp\/v2\/product_cat?post=712055"},{"taxonomy":"product_tag","embeddable":true,"href":"https:\/\/roveyayinevi.com.tr\/index.php\/wp-json\/wp\/v2\/product_tag?post=712055"}],"curies":[{"name":"wp","href":"https:\/\/api.w.org\/{rel}","templated":true}]}}