{"id":712051,"date":"2025-08-27T16:51:57","date_gmt":"2025-08-27T13:51:57","guid":{"rendered":"https:\/\/roveyayinevi.com.tr\/index.php\/urun\/arap-demokratiklesmesi-demokrasi-olmadan-yapilan-secimler\/"},"modified":"2026-04-16T02:20:37","modified_gmt":"2026-04-15T23:20:37","slug":"arap-demokratiklesmesi-demokrasi-olmadan-yapilan-secimler","status":"publish","type":"product","link":"https:\/\/roveyayinevi.com.tr\/index.php\/urun\/arap-demokratiklesmesi-demokrasi-olmadan-yapilan-secimler\/","title":{"rendered":"Arap Demokratikle\u015fmesi: Demokrasi Olmadan Yap\u0131lan Se\u00e7imler"},"content":{"rendered":"<p>Arap Demokratikle\u015fmesi, Arap co\u011frafyas\u0131nda se\u00e7imcili\u011fin y\u00fckseli\u015fini ve s\u00fcrekli ertelenen demokrasiye ge\u00e7i\u015fi tarihsel boyutuyla ele al\u0131yor. Kitap, 1970\u2019lerin ortas\u0131ndan 2008\u2019e kadar Arap Ortado\u011fu\u2019sundaki demokrasi ve demokratikle\u015fme deneyimlerinin kendine \u00f6zg\u00fc dinamiklerine yo\u011funla\u015f\u0131yor. 1970\u2019lerde ya\u015fanan ekmek ayaklanmalar\u0131 gibi a\u015fa\u011f\u0131dan yukar\u0131ya hareketleri ve bunlar\u0131n \u00f6n\u00fcn\u00fc a\u00e7t\u0131\u011f\u0131 s\u00f6ylemleri inceliyor. Avrupa-Amerika merkezli ve Arap co\u011frafyas\u0131ndaki demokrasiye ge\u00e7i\u015f literat\u00fcrlerini tarayarak demokratikle\u015fmenin Arap \u00fclkelerinde nas\u0131l ortaya \u00e7\u0131kt\u0131\u011f\u0131 konusundaki tart\u0131\u015fmalara kat\u0131l\u0131yor. Arap Demokratikle\u015fmesi, ayaklanmalar\u0131n arka plan\u0131ndaki siyasi ortama \u0131\u015f\u0131k tutuyor. Yazar\u0131n T\u00fcrk\u00e7e bask\u0131ya yazd\u0131\u011f\u0131 \u00f6ns\u00f6zde belirtti\u011fi gibi \u201cArap demokratikle\u015fmesinin bu kitaptaki \u2018hikaye\u2019si yaln\u0131zca Arap Ortado\u011fu\u2019sunda demokratikle\u015fme olas\u0131l\u0131\u011f\u0131n\u0131 ara\u015ft\u0131rm\u0131yor, ayn\u0131 zamanda demokrasiye giden ba\u015fka yollar\u0131 tarihselle\u015ftiriyor. Bu bak\u0131\u015f a\u00e7\u0131s\u0131, T\u00fcrkiyeli siyaset okurunun ve ara\u015ft\u0131rmac\u0131lar\u0131n\u0131n ilgi alan\u0131na girer.\u201d Larbi Sadiki, Katar \u00dcniversitesi Uluslararas\u0131 \u0130li\u015fkiler B\u00f6l\u00fcm\u00fc\u2019nde Arap Demokratikle\u015fmesi profes\u00f6r\u00fc. <\/p>\n","protected":false},"excerpt":{"rendered":"<p>Arap Demokratikle\u015fmesi, Arap co\u011frafyas\u0131nda se\u00e7imcili\u011fin y\u00fckseli\u015fini ve s\u00fcrekli ertelenen demokrasiye ge\u00e7i\u015fi tarihsel boyutuyla ele al\u0131yor. Kitap, 1970\u2019lerin ortas\u0131ndan 2008\u2019e kadar Arap Ortado\u011fu\u2019sundaki demokrasi ve demokratikle\u015fme deneyimlerinin<span class=\"excerpt-hellip\"> [\u2026]<\/span><\/p>\n","protected":false},"featured_media":0,"template":"","meta":{"_monsterinsights_skip_tracking":false,"_monsterinsights_sitenote_active":false,"_monsterinsights_sitenote_note":"","_monsterinsights_sitenote_category":0},"product_brand":[],"product_cat":[12337,14706],"product_tag":[],"class_list":{"0":"post-712051","1":"product","2":"type-product","3":"status-publish","5":"product_cat-politika-siyaset","6":"product_cat-siyaset-bilimi","7":"pa_cilt-ciltsiz","8":"pa_tur-kitap","9":"pa_yayinevi-koc-universitesi-yayinlari","10":"pa_yazar-larbi-sadiki","12":"first","13":"instock","14":"sale","15":"shipping-taxable","16":"purchasable","17":"product-type-simple"},"_links":{"self":[{"href":"https:\/\/roveyayinevi.com.tr\/index.php\/wp-json\/wp\/v2\/product\/712051","targetHints":{"allow":["GET"]}}],"collection":[{"href":"https:\/\/roveyayinevi.com.tr\/index.php\/wp-json\/wp\/v2\/product"}],"about":[{"href":"https:\/\/roveyayinevi.com.tr\/index.php\/wp-json\/wp\/v2\/types\/product"}],"wp:attachment":[{"href":"https:\/\/roveyayinevi.com.tr\/index.php\/wp-json\/wp\/v2\/media?parent=712051"}],"wp:term":[{"taxonomy":"product_brand","embeddable":true,"href":"https:\/\/roveyayinevi.com.tr\/index.php\/wp-json\/wp\/v2\/product_brand?post=712051"},{"taxonomy":"product_cat","embeddable":true,"href":"https:\/\/roveyayinevi.com.tr\/index.php\/wp-json\/wp\/v2\/product_cat?post=712051"},{"taxonomy":"product_tag","embeddable":true,"href":"https:\/\/roveyayinevi.com.tr\/index.php\/wp-json\/wp\/v2\/product_tag?post=712051"}],"curies":[{"name":"wp","href":"https:\/\/api.w.org\/{rel}","templated":true}]}}